{"id":38990,"date":"2023-10-24T08:59:22","date_gmt":"2023-10-24T06:59:22","guid":{"rendered":"https:\/\/www.agroremont.si\/?post_type=product&#038;p=38990"},"modified":"2024-12-01T00:00:05","modified_gmt":"2024-11-30T23:00:05","slug":"akumulatorska-baterija-m18-b5-test","status":"publish","type":"product","link":"https:\/\/www.agroremont.si\/hr\/domov\/akumulatorska-baterija-m18-b5-test\/","title":{"rendered":"AKUMULATORSKA BATERIJA M18 B5"},"content":{"rendered":"<p>&nbsp;<\/p>\n<ul>\n<li>REDLITHIUM\u2122-ION za\u0161\u010dita z digitalno za\u0161\u010dito pred preobremenitvijo REDLINK\u2122 \u0161\u010diti orodje pred neizprosnimi pogoji na delovnem mestu in tako zagotavlja optimalno delovanje.<\/li>\n<li>Posamezno spremljanje celic zagotavlja optimalno polnjenje in praznjenje za najdalj\u0161o \u017eivljenjsko dobo.<\/li>\n<li>Vzdr\u017eljiva kovinska konstrukcija akumulatorja z odzivnimi lo\u010devalci prepre\u010duje odpoved akumulatorja zaradi \u010dezmernih vibracij ali padcev.<\/li>\n<li>Vodne za\u0161\u010ditne poti vodijo stran od elektronike in akumulatorskih baterij.<\/li>\n<li>Lahko se uporablja pri ekstremnih temperaturah do -20\u00b0 C, ne da bi pri tem ogrozili \u010das delovanja in \u017eivljenjsko dobo akumulatorja.<\/li>\n<li>Prikazovalnik napolnjenosti na akumulatorju pomaga uporabniku, da pove\u010da u\u010dinkovitost delovanja akumulatorja.<\/li>\n<\/ul>\n","protected":false},"excerpt":{"rendered":"<ul>\n<li>Zagotavlja do 2,5x dalj\u0161i \u010das delovanja, do 20% ve\u010d mo\u010di in do 2x dalj\u0161o \u017eivljenjsko dobo akumulatorja v primerjavi z drugimi litij-ionskimi tehnologijami ali s prej\u0161njo tehnologijo akumulatorjev MILWAUKEE\u00ae.(Rezultati so odvisni od orodja in uporabe).<\/li>\n<\/ul>\n <a href=\"https:\/\/www.agroremont.si\/hr\/domov\/akumulatorska-baterija-m18-b5-test\/\" class=\"post-details details-type-link\" title=\"Ve\u010d o tem\">ve\u010d o tem<i class=\"dt-icon-the7-arrow-03\" aria-hidden=\"true\"><\/i><\/a>","protected":false},"featured_media":38993,"comment_status":"closed","ping_status":"closed","template":"","meta":[],"product_brand":[],"product_cat":[270],"product_tag":[],"class_list":{"0":"post-38990","1":"product","2":"type-product","3":"status-publish","4":"has-post-thumbnail","6":"product_cat-milwaukee","7":"description-off","9":"first","10":"instock","11":"taxable","12":"shipping-taxable","13":"purchasable","14":"product-type-simple"},"_links":{"self":[{"href":"https:\/\/www.agroremont.si\/hr\/wp-json\/wp\/v2\/product\/38990","targetHints":{"allow":["GET"]}}],"collection":[{"href":"https:\/\/www.agroremont.si\/hr\/wp-json\/wp\/v2\/product"}],"about":[{"href":"https:\/\/www.agroremont.si\/hr\/wp-json\/wp\/v2\/types\/product"}],"replies":[{"embeddable":true,"href":"https:\/\/www.agroremont.si\/hr\/wp-json\/wp\/v2\/comments?post=38990"}],"wp:featuredmedia":[{"embeddable":true,"href":"https:\/\/www.agroremont.si\/hr\/wp-json\/wp\/v2\/media\/38993"}],"wp:attachment":[{"href":"https:\/\/www.agroremont.si\/hr\/wp-json\/wp\/v2\/media?parent=38990"}],"wp:term":[{"taxonomy":"product_brand","embeddable":true,"href":"https:\/\/www.agroremont.si\/hr\/wp-json\/wp\/v2\/product_brand?post=38990"},{"taxonomy":"product_cat","embeddable":true,"href":"https:\/\/www.agroremont.si\/hr\/wp-json\/wp\/v2\/product_cat?post=38990"},{"taxonomy":"product_tag","embeddable":true,"href":"https:\/\/www.agroremont.si\/hr\/wp-json\/wp\/v2\/product_tag?post=38990"}],"curies":[{"name":"wp","href":"https:\/\/api.w.org\/{rel}","templated":true}]}}