{"id":38995,"date":"2023-10-24T09:24:17","date_gmt":"2023-10-24T07:24:17","guid":{"rendered":"https:\/\/www.agroremont.si\/?post_type=product&#038;p=38995"},"modified":"2024-11-14T14:35:44","modified_gmt":"2024-11-14T13:35:44","slug":"akumulatorski-udarni-vrtalnik-vijacnik-m18-fpd3-502x-fuel-test","status":"publish","type":"product","link":"https:\/\/www.agroremont.si\/hr\/domov\/akumulatorski-udarni-vrtalnik-vijacnik-m18-fpd3-502x-fuel-test\/","title":{"rendered":"AKUMULATORSKI UDARNI VRTALNIK VIJA\u010cNIK M18 FPD3-502X FUEL"},"content":{"rendered":"<ul>\n<li>Ve\u010dja energetska u\u010dinkovitost pod obremenitvijo &#8211; neprekosljiv navor 158 Nm.<\/li>\n<li>Ekstremno kompakten dizajn, 175 mm dol\u017eine, omogo\u010da enostaven dostop do tesnih prostorov.<\/li>\n<li>Funkcija AUTOSTOP\u2122 izklopi orodje, da za\u0161\u010diti uporabnika pred sunkovitim gibanjem v nepredvidljivih situacijah.<\/li>\n<li>13 mm kovinska vpenjalna glava za hitro menjavo nastavkov in njihov oprijem.<\/li>\n<li>Najhitrej\u0161a uporaba pri vrtanju in vija\u010denju pod obremenitvijo.<\/li>\n<li>Svetlej\u0161a osvetlitev delovnega prostora s svetle\u010dimi LED diodami.<\/li>\n<li>Prikazovalnik napolnjenosti akumulatorja prikazuje preostalo napolnjenost.<\/li>\n<li>Kovinska zaponka za pas za hitro in enostavno zapenjanje.<\/li>\n<li>Posamezno spremljanje akumulatorskih celic optimizira \u010das delovanja orodja in zagotavlja dolgoro\u010dno vzdr\u017eljivost akumulatorja.<\/li>\n<li>DNK na\u0161e platforme FUEL\u2122 na novo definira ravnovesje akumulatorskih tehnologij. Brezkrta\u010dni motor POWERSTATE\u2122 podjetja MILWAUKEE\u00ae, akumulatorski paket REDLITHIUM\u2122 in elektronska inteligenca REDLINK PLUS\u2122 zagotavljajo izjemno mo\u010d, \u010das delovanja in vzdr\u017eljivost.<\/li>\n<li>Prilagodljiv sistem akumulatorjev: deluje z vsemi akumulatorji Milwaukee\u00ae M18\u2122.<\/li>\n<\/ul>\n","protected":false},"excerpt":{"rendered":"<p>Ve\u010dja energetska u\u010dinkovitost pod obremenitvijo &#8211; neprekosljiv navor 158 Nm. Ekstremno kompakten dizajn, 175 mm dol\u017eine, omogo\u010da enostaven dostop do tesnih prostorov. Funkcija AUTOSTOP\u2122 izklopi orodje, da za\u0161\u010diti uporabnika pred sunkovitim gibanjem v nepredvidljivih situacijah. 13 mm kovinska vpenjalna glava za hitro menjavo nastavkov in njihov oprijem. Najhitrej\u0161a uporaba pri vrtanju in vija\u010denju pod obremenitvijo.&hellip;<\/p>\n <a href=\"https:\/\/www.agroremont.si\/hr\/domov\/akumulatorski-udarni-vrtalnik-vijacnik-m18-fpd3-502x-fuel-test\/\" class=\"post-details details-type-link\" title=\"Ve\u010d o tem\">ve\u010d o tem<i class=\"dt-icon-the7-arrow-03\" aria-hidden=\"true\"><\/i><\/a>","protected":false},"featured_media":38996,"comment_status":"closed","ping_status":"closed","template":"","meta":[],"product_brand":[],"product_cat":[270],"product_tag":[],"class_list":{"0":"post-38995","1":"product","2":"type-product","3":"status-publish","4":"has-post-thumbnail","6":"product_cat-milwaukee","7":"description-off","9":"first","10":"instock","11":"sale","12":"taxable","13":"shipping-taxable","14":"purchasable","15":"product-type-simple"},"_links":{"self":[{"href":"https:\/\/www.agroremont.si\/hr\/wp-json\/wp\/v2\/product\/38995","targetHints":{"allow":["GET"]}}],"collection":[{"href":"https:\/\/www.agroremont.si\/hr\/wp-json\/wp\/v2\/product"}],"about":[{"href":"https:\/\/www.agroremont.si\/hr\/wp-json\/wp\/v2\/types\/product"}],"replies":[{"embeddable":true,"href":"https:\/\/www.agroremont.si\/hr\/wp-json\/wp\/v2\/comments?post=38995"}],"wp:featuredmedia":[{"embeddable":true,"href":"https:\/\/www.agroremont.si\/hr\/wp-json\/wp\/v2\/media\/38996"}],"wp:attachment":[{"href":"https:\/\/www.agroremont.si\/hr\/wp-json\/wp\/v2\/media?parent=38995"}],"wp:term":[{"taxonomy":"product_brand","embeddable":true,"href":"https:\/\/www.agroremont.si\/hr\/wp-json\/wp\/v2\/product_brand?post=38995"},{"taxonomy":"product_cat","embeddable":true,"href":"https:\/\/www.agroremont.si\/hr\/wp-json\/wp\/v2\/product_cat?post=38995"},{"taxonomy":"product_tag","embeddable":true,"href":"https:\/\/www.agroremont.si\/hr\/wp-json\/wp\/v2\/product_tag?post=38995"}],"curies":[{"name":"wp","href":"https:\/\/api.w.org\/{rel}","templated":true}]}}