{"id":39003,"date":"2023-10-24T11:55:56","date_gmt":"2023-10-24T09:55:56","guid":{"rendered":"https:\/\/www.agroremont.si\/?post_type=product&#038;p=39003"},"modified":"2024-11-14T14:37:23","modified_gmt":"2024-11-14T13:37:23","slug":"kumulatorski-udarni-vijacnik-milwaukee-m18-fmtiw2f12-502x-test","status":"publish","type":"product","link":"https:\/\/www.agroremont.si\/hr\/domov\/kumulatorski-udarni-vijacnik-milwaukee-m18-fmtiw2f12-502x-test\/","title":{"rendered":"AKUMULATORSKI UDARNI VIJA\u010cNIK MILWAUKEE M18 FMTIW2F12-502X (test)"},"content":{"rendered":"<ul>\n<li>Najbolj vsestranski akumulatorski udarni vija\u010dnik v impresivnem MILWAUKEE arzenalu z vodilno zmogljivostjo v industriji z 881 Nm odvijalnim navorom in s 745 Nm privijalnim navorom.<\/li>\n<li>Izjemno kompaktna oblika z le 152 mm dol\u017eine, idealna za vija\u010denje na obmo\u010djih, ki so te\u017eko dostopna.<\/li>\n<li>DRIVE CONTROL vam omogo\u010da hitro preklapljanje med 4 razli\u010dnimi nastavitvami hitrosti in navora.<\/li>\n<li>Nadzor odstranjevanja vijakov zagotavlja poln navor, nato pa po vrtenju vijaka zmanj\u0161a \u0161tevilo vrtljajev na minuto, da prepre\u010di padec pritrdilnega elementa.<\/li>\n<li>Samodejni nadzor izklopa za ro\u010dno tesno pritrjevanje ne sme dose\u010di ve\u010d kot 47 Nm navora, da se prepre\u010di prekomerno zategovanje.<\/li>\n<li>Tri LED diode zagotavljajo optimalno osvetlitev delovnega obmo\u010dja.<\/li>\n<li>\u00bd&#8221; SD (kvadratno) vpetje z varovalnim obro\u010dem.<\/li>\n<li>Kovinska sponka za pas.<\/li>\n<li>Vklju\u010duje tri ekskluzivne tehnologije MILWAUKEE &#8211; brezkrta\u010dni motor POWERSTATE, akumulator REDLITHIUM ter inteligentno strojno in programsko opremo REDLINK PLUS &#8211; ki zagotavljajo izjemno mo\u010d, \u010das delovanja in vzdr\u017eljivost orodja pri njegovi vsakodnevni uporabi.<\/li>\n<li>Prilagodljiv sistem akumulatorjev: deluje z vsemi akumulatorji MILWAUKEE M18<\/li>\n<\/ul>\n<table id=\"product-attribute-specs-table\" class=\"data-table\" style=\"height: 413px;\" width=\"973\">\n<tbody>\n<tr class=\"odd\">\n<th class=\"label\">Obseg dobave<\/th>\n<td class=\"data last\">Dobavljeno v kov\u010dku z 2x akumulatorjema REDLITHIUM-ION\u2122 5,0 Ah in polnilnikom.<\/td>\n<\/tr>\n<tr class=\"even\">\n<th class=\"label\">Napetost<\/th>\n<td class=\"data last\">Orodja napetosti 18V Li-Ion<\/td>\n<\/tr>\n<tr class=\"odd\">\n<th class=\"label\">Napetost akumulatorja\/kapaciteta<\/th>\n<td class=\"data last\">18V \/ 5.0 Ah<\/td>\n<\/tr>\n<tr class=\"even\">\n<th class=\"label\">Masa (z akumulatorjem)<\/th>\n<td class=\"data last\">2,3 kg<\/td>\n<\/tr>\n<tr class=\"odd\">\n<th class=\"label\">Najve\u010dji privijalni navor (Nm)<\/th>\n<td class=\"data last\">745 Nm<\/td>\n<\/tr>\n<tr class=\"even\">\n<th class=\"label\">Najve\u010dji navor<\/th>\n<td class=\"data last\">475 \/ 610 \/ 745 \/ 47 Nm<\/td>\n<\/tr>\n<tr class=\"odd\">\n<th class=\"label\">Hitrost v prostem teku 1. \/2. \/3. \/4. prestava<\/th>\n<td class=\"data last\">0-1200 \/ 0-1950 \/ 0-2575 \/ 0-1325 obr\/min<\/td>\n<\/tr>\n<tr class=\"even\">\n<th class=\"label\">Sistem<\/th>\n<td class=\"data last\">M18<\/td>\n<\/tr>\n<tr class=\"odd\">\n<th class=\"label\">Vpetje<\/th>\n<td class=\"data last\">1\/2\u02dd SD z varovalnim obro\u010dem<\/td>\n<\/tr>\n<tr class=\"even\">\n<th class=\"label\">\u0160tevilo udarcev<\/th>\n<td class=\"data last\">0-900 \/ 0-2100 \/ 0-3100 u\/min<\/td>\n<\/tr>\n<tr class=\"odd\">\n<th class=\"label\">Maksimalni premer navoja vijaka<\/th>\n<td class=\"data last\">M22<\/td>\n<\/tr>\n<tr class=\"even\">\n<th class=\"label\">Najve\u010dji odvijalni navor (Nm)<\/th>\n<td class=\"data last\">881 Nm<\/td>\n<\/tr>\n<\/tbody>\n<\/table>\n","protected":false},"excerpt":{"rendered":"<p>Najbolj vsestranski akumulatorski udarni vija\u010dnik v impresivnem MILWAUKEE arzenalu z vodilno zmogljivostjo v industriji z 881 Nm odvijalnim navorom in s 745 Nm privijalnim navorom. Izjemno kompaktna oblika z le 152 mm dol\u017eine, idealna za vija\u010denje na obmo\u010djih, ki so te\u017eko dostopna. DRIVE CONTROL vam omogo\u010da hitro preklapljanje med 4 razli\u010dnimi nastavitvami hitrosti in navora.&hellip;<\/p>\n <a href=\"https:\/\/www.agroremont.si\/hr\/domov\/kumulatorski-udarni-vijacnik-milwaukee-m18-fmtiw2f12-502x-test\/\" class=\"post-details details-type-link\" title=\"Ve\u010d o tem\">ve\u010d o tem<i class=\"dt-icon-the7-arrow-03\" aria-hidden=\"true\"><\/i><\/a>","protected":false},"featured_media":39004,"comment_status":"closed","ping_status":"closed","template":"","meta":[],"product_brand":[],"product_cat":[270],"product_tag":[],"class_list":{"0":"post-39003","1":"product","2":"type-product","3":"status-publish","4":"has-post-thumbnail","6":"product_cat-milwaukee","7":"description-off","9":"first","10":"instock","11":"sale","12":"taxable","13":"shipping-taxable","14":"purchasable","15":"product-type-simple"},"_links":{"self":[{"href":"https:\/\/www.agroremont.si\/hr\/wp-json\/wp\/v2\/product\/39003","targetHints":{"allow":["GET"]}}],"collection":[{"href":"https:\/\/www.agroremont.si\/hr\/wp-json\/wp\/v2\/product"}],"about":[{"href":"https:\/\/www.agroremont.si\/hr\/wp-json\/wp\/v2\/types\/product"}],"replies":[{"embeddable":true,"href":"https:\/\/www.agroremont.si\/hr\/wp-json\/wp\/v2\/comments?post=39003"}],"wp:featuredmedia":[{"embeddable":true,"href":"https:\/\/www.agroremont.si\/hr\/wp-json\/wp\/v2\/media\/39004"}],"wp:attachment":[{"href":"https:\/\/www.agroremont.si\/hr\/wp-json\/wp\/v2\/media?parent=39003"}],"wp:term":[{"taxonomy":"product_brand","embeddable":true,"href":"https:\/\/www.agroremont.si\/hr\/wp-json\/wp\/v2\/product_brand?post=39003"},{"taxonomy":"product_cat","embeddable":true,"href":"https:\/\/www.agroremont.si\/hr\/wp-json\/wp\/v2\/product_cat?post=39003"},{"taxonomy":"product_tag","embeddable":true,"href":"https:\/\/www.agroremont.si\/hr\/wp-json\/wp\/v2\/product_tag?post=39003"}],"curies":[{"name":"wp","href":"https:\/\/api.w.org\/{rel}","templated":true}]}}