{"id":39013,"date":"2023-10-25T12:49:29","date_gmt":"2023-10-25T10:49:29","guid":{"rendered":"https:\/\/www.agroremont.si\/?post_type=product&#038;p=39013"},"modified":"2024-11-14T14:37:08","modified_gmt":"2024-11-14T13:37:08","slug":"milwaukee-125-milimetrski-kotni-brusilnik-m18-fsag-125-xb-0x-test","status":"publish","type":"product","link":"https:\/\/www.agroremont.si\/hr\/domov\/milwaukee-125-milimetrski-kotni-brusilnik-m18-fsag-125-xb-0x-test\/","title":{"rendered":"MILWAUKEE 125 MILIMETRSKI KOTNI BRUSILNIK M18 FSAG-125 XB-0X (test)"},"content":{"rendered":"<ul>\n<li>Kotni brusilnik razvije 1200 W mo\u010di.<\/li>\n<li>RAPIDSTOP\u2122 sistem, ki za ve\u010djo varnost uporabnika omogo\u010da hitro zaustavitev diska v samo 2 sekundah.<\/li>\n<li>Zmanj\u0161ana velikost pogona in manj\u0161i kot re\u017ee za akumulator &#8211; za bolj\u0161e ravnote\u017eje in ergonomijo v primerjavi s prej\u0161njim modelom.<\/li>\n<li>Anti-vibracijski stranski ro\u010daj za bolj komfortno delo.<\/li>\n<li>FIXTEC sistem za hitro menjavo diskov brez dodatnega orodja.<\/li>\n<li>Tanek dizajn ro\u010daja.<\/li>\n<li>Snemljiv filter zraka, ki podalj\u0161uje \u017eivljenjsko dobo motorja.<\/li>\n<li>Hitro snemljiv 125 mm kovinski \u0161\u010ditnik rezalke, brez dodatnega orodja.<\/li>\n<li>Line-lock-out funkcija za prepre\u010devanje samodejnega zagona.<\/li>\n<li>Vklju\u010duje tri ekskluzivne tehnologije MILWAUKEE\u00ae &#8211; brezkrta\u010dni motor POWERSTATE\u2122, akumulatorski paket REDLITHIUM\u2122 in inteligen\u010dno strojno programsko opremo REDLINK PLUS\u2122, ki zagotavljajo izjemno mo\u010d, \u010das delovanja in vzdr\u017eljivost orodja v zelo zahtevnih aplikacijah.<\/li>\n<li>Prilagodljiv sistem akumulatorjev: deluje z vsemi akumulatorji MILWAUKEE\u00ae M18\u2122<\/li>\n<\/ul>\n<table id=\"product-attribute-specs-table\" class=\"data-table\">\n<tbody>\n<tr class=\"first odd\">\n<th class=\"label\">Naziv<\/th>\n<td class=\"data last\">M18 FSAG-125 XB-0X<\/td>\n<\/tr>\n<tr class=\"even\">\n<th class=\"label\">Katalo\u0161ka \u0161tevilka<\/th>\n<td class=\"data last\">4933478429<\/td>\n<\/tr>\n<tr class=\"odd\">\n<th class=\"label\">Obseg dobave<\/th>\n<td class=\"data last\">Dobavljeno v kov\u010dku brez akumulatorja in polnilnika.<\/td>\n<\/tr>\n<tr class=\"even\">\n<th class=\"label\">Napetost<\/th>\n<td class=\"data last\">Orodja napetosti 18V Li-Ion<\/td>\n<\/tr>\n<tr class=\"odd\">\n<th class=\"label\">Hitrost v prostem teku<\/th>\n<td class=\"data last\">8500 obr\/min<\/td>\n<\/tr>\n<tr class=\"even\">\n<th class=\"label\">Premer koluta<\/th>\n<td class=\"data last\">125 mm<\/td>\n<\/tr>\n<tr class=\"odd\">\n<th class=\"label\">Najve\u010dja globina rezanja<\/th>\n<td class=\"data last\">33 m<\/td>\n<\/tr>\n<tr class=\"even\">\n<th class=\"label\">Navoj vretena<\/th>\n<td class=\"data last\">M14<\/td>\n<\/tr>\n<tr class=\"odd\">\n<th class=\"label\">Sistem<\/th>\n<td class=\"data last\">M18<\/td>\n<\/tr>\n<\/tbody>\n<\/table>\n","protected":false},"excerpt":{"rendered":"<p>Kotni brusilnik razvije 1200 W mo\u010di. RAPIDSTOP\u2122 sistem, ki za ve\u010djo varnost uporabnika omogo\u010da hitro zaustavitev diska v samo 2 sekundah. Zmanj\u0161ana velikost pogona in manj\u0161i kot re\u017ee za akumulator &#8211; za bolj\u0161e ravnote\u017eje in ergonomijo v primerjavi s prej\u0161njim modelom. Anti-vibracijski stranski ro\u010daj za bolj komfortno delo. FIXTEC sistem za hitro menjavo diskov brez&hellip;<\/p>\n <a href=\"https:\/\/www.agroremont.si\/hr\/domov\/milwaukee-125-milimetrski-kotni-brusilnik-m18-fsag-125-xb-0x-test\/\" class=\"post-details details-type-link\" title=\"Ve\u010d o tem\">ve\u010d o tem<i class=\"dt-icon-the7-arrow-03\" aria-hidden=\"true\"><\/i><\/a>","protected":false},"featured_media":39015,"comment_status":"closed","ping_status":"closed","template":"","meta":[],"product_brand":[],"product_cat":[270],"product_tag":[],"class_list":{"0":"post-39013","1":"product","2":"type-product","3":"status-publish","4":"has-post-thumbnail","6":"product_cat-milwaukee","7":"description-off","9":"first","10":"instock","11":"sale","12":"taxable","13":"shipping-taxable","14":"purchasable","15":"product-type-simple"},"_links":{"self":[{"href":"https:\/\/www.agroremont.si\/hr\/wp-json\/wp\/v2\/product\/39013","targetHints":{"allow":["GET"]}}],"collection":[{"href":"https:\/\/www.agroremont.si\/hr\/wp-json\/wp\/v2\/product"}],"about":[{"href":"https:\/\/www.agroremont.si\/hr\/wp-json\/wp\/v2\/types\/product"}],"replies":[{"embeddable":true,"href":"https:\/\/www.agroremont.si\/hr\/wp-json\/wp\/v2\/comments?post=39013"}],"wp:featuredmedia":[{"embeddable":true,"href":"https:\/\/www.agroremont.si\/hr\/wp-json\/wp\/v2\/media\/39015"}],"wp:attachment":[{"href":"https:\/\/www.agroremont.si\/hr\/wp-json\/wp\/v2\/media?parent=39013"}],"wp:term":[{"taxonomy":"product_brand","embeddable":true,"href":"https:\/\/www.agroremont.si\/hr\/wp-json\/wp\/v2\/product_brand?post=39013"},{"taxonomy":"product_cat","embeddable":true,"href":"https:\/\/www.agroremont.si\/hr\/wp-json\/wp\/v2\/product_cat?post=39013"},{"taxonomy":"product_tag","embeddable":true,"href":"https:\/\/www.agroremont.si\/hr\/wp-json\/wp\/v2\/product_tag?post=39013"}],"curies":[{"name":"wp","href":"https:\/\/api.w.org\/{rel}","templated":true}]}}