{"id":39196,"date":"2023-11-16T09:40:37","date_gmt":"2023-11-16T08:40:37","guid":{"rendered":"https:\/\/www.agroremont.si\/?post_type=product&#038;p=39196"},"modified":"2024-11-14T14:28:40","modified_gmt":"2024-11-14T13:28:40","slug":"akumulatorska-baterija-m12-b4","status":"publish","type":"product","link":"https:\/\/www.agroremont.si\/hr\/domov\/akumulatorska-baterija-m12-b4\/","title":{"rendered":"AKUMULATORSKA BATERIJA M12 B4"},"content":{"rendered":"<ul>\n<li>Zagotavlja do 2x dalj\u0161i \u010das delovanja, do 20% ve\u010d mo\u010di in do 2x dalj\u0161o \u017eivljenjsko dobo akumulatorja v primerjavi z drugimi litij-ionskimi tehnologijami ali s prej\u0161njo tehnologijo akumulatorjev MILWAUKEE\u00ae. (Rezultati so odvisni od orodja in uporabe).<\/li>\n<li>REDLITHIUM\u2122-ION za\u0161\u010dita z digitalno za\u0161\u010dito pred preobremenitvijo REDLINK\u2122 \u0161\u010diti orodje pred neizprosnimi pogoji na delovnem mestu in tako zagotavlja optimalno delovanje.<\/li>\n<li>Posamezno spremljanje celic zagotavlja optimalno polnjenje in praznjenje za najdalj\u0161o \u017eivljenjsko dobo.<\/li>\n<li>Vzdr\u017eljiva kovinska konstrukcija akumulatorja z odzivnimi lo\u010devalci prepre\u010duje odpoved akumulatorja zaradi \u010dezmernih vibracij ali padcev.<\/li>\n<li>Lahko se uporablja pri ekstremnih temperaturah do -20\u00b0 C, ne da bi pri tem ogrozili \u010das delovanja in \u017eivljenjsko dobo akumulatorja.<\/li>\n<li>Za\u0161\u010dita pred praznjenjem prepre\u010duje po\u0161kodbe celic pred prekomernim praznjenjem.<\/li>\n<\/ul>\n<p>&nbsp;<\/p>\n<table id=\"product-attribute-specs-table\" class=\"data-table\">\n<tbody>\n<tr class=\"first odd\">\n<th class=\"label\">Naziv<\/th>\n<td class=\"data last\">M12 B4 Redlithium-Ion 12V 4,0Ah<\/td>\n<\/tr>\n<tr class=\"even\">\n<th class=\"label\">Katalo\u0161ka \u0161tevilka<\/th>\n<td class=\"data last\">4932430065<\/td>\n<\/tr>\n<tr class=\"odd\">\n<th class=\"label\">Napetost<\/th>\n<td class=\"data last\">Orodja napetosti 12V Li-Ion<\/td>\n<\/tr>\n<tr class=\"even\">\n<th class=\"label\">Napetost akumulatorja<\/th>\n<td class=\"data last\">12 V<\/td>\n<\/tr>\n<tr class=\"odd\">\n<th class=\"label\">Sistem<\/th>\n<td class=\"data last\">M12<\/td>\n<\/tr>\n<tr class=\"even\">\n<th class=\"label\">Kapaciteta<\/th>\n<td class=\"data last\">4.0 Ah<\/td>\n<\/tr>\n<\/tbody>\n<\/table>\n","protected":false},"excerpt":{"rendered":"<p>Zagotavlja do 2x dalj\u0161i \u010das delovanja, do 20% ve\u010d mo\u010di in do 2x dalj\u0161o \u017eivljenjsko dobo akumulatorja v primerjavi z drugimi litij-ionskimi tehnologijami ali s prej\u0161njo tehnologijo akumulatorjev MILWAUKEE\u00ae. (Rezultati so odvisni od orodja in uporabe). REDLITHIUM\u2122-ION za\u0161\u010dita z digitalno za\u0161\u010dito pred preobremenitvijo REDLINK\u2122 \u0161\u010diti orodje pred neizprosnimi pogoji na delovnem mestu in tako zagotavlja&hellip;<\/p>\n <a href=\"https:\/\/www.agroremont.si\/hr\/domov\/akumulatorska-baterija-m12-b4\/\" class=\"post-details details-type-link\" title=\"Ve\u010d o tem\">ve\u010d o tem<i class=\"dt-icon-the7-arrow-03\" aria-hidden=\"true\"><\/i><\/a>","protected":false},"featured_media":39198,"comment_status":"closed","ping_status":"closed","template":"","meta":[],"product_brand":[],"product_cat":[270],"product_tag":[],"class_list":{"0":"post-39196","1":"product","2":"type-product","3":"status-publish","4":"has-post-thumbnail","6":"product_cat-milwaukee","7":"description-off","9":"first","10":"instock","11":"taxable","12":"shipping-taxable","13":"purchasable","14":"product-type-simple"},"_links":{"self":[{"href":"https:\/\/www.agroremont.si\/hr\/wp-json\/wp\/v2\/product\/39196","targetHints":{"allow":["GET"]}}],"collection":[{"href":"https:\/\/www.agroremont.si\/hr\/wp-json\/wp\/v2\/product"}],"about":[{"href":"https:\/\/www.agroremont.si\/hr\/wp-json\/wp\/v2\/types\/product"}],"replies":[{"embeddable":true,"href":"https:\/\/www.agroremont.si\/hr\/wp-json\/wp\/v2\/comments?post=39196"}],"wp:featuredmedia":[{"embeddable":true,"href":"https:\/\/www.agroremont.si\/hr\/wp-json\/wp\/v2\/media\/39198"}],"wp:attachment":[{"href":"https:\/\/www.agroremont.si\/hr\/wp-json\/wp\/v2\/media?parent=39196"}],"wp:term":[{"taxonomy":"product_brand","embeddable":true,"href":"https:\/\/www.agroremont.si\/hr\/wp-json\/wp\/v2\/product_brand?post=39196"},{"taxonomy":"product_cat","embeddable":true,"href":"https:\/\/www.agroremont.si\/hr\/wp-json\/wp\/v2\/product_cat?post=39196"},{"taxonomy":"product_tag","embeddable":true,"href":"https:\/\/www.agroremont.si\/hr\/wp-json\/wp\/v2\/product_tag?post=39196"}],"curies":[{"name":"wp","href":"https:\/\/api.w.org\/{rel}","templated":true}]}}