{"id":39202,"date":"2023-11-20T09:38:02","date_gmt":"2023-11-20T08:38:02","guid":{"rendered":"https:\/\/www.agroremont.si\/?post_type=product&#038;p=39202"},"modified":"2024-11-14T14:28:40","modified_gmt":"2024-11-14T13:28:40","slug":"akumulatorska-mazalka-m-18","status":"publish","type":"product","link":"https:\/\/www.agroremont.si\/hr\/domov\/akumulatorska-mazalka-m-18\/","title":{"rendered":"AKUMULATORSKA MAZALKA M 18"},"content":{"rendered":"<ul>\n<li>Akumulatorska mazalka z zmogljivim 18 V motorjem zagotavlja preko 690 barov max. delovnega tlaka.<\/li>\n<li>Izjemen \u010das delovanja &#8211; iztisne do 7 kartu\u0161 z enim polnjenjem.<\/li>\n<li>Vrhunska ergonomija in uravnote\u017eenost &#8211; dol\u017eina samo 355 mm in te\u017ea 3,9 kg.<\/li>\n<li>Integrirano dr\u017ealo za shranjevanje cevi, zanka za ramenski pas in indikator napolnjenosti akumulatorja &#8211; dodatno udobje in prihranek \u010dasa.<\/li>\n<li>Ventil za izlo\u010danje zraka &#8211; mehanizem za hiter pretok.<\/li>\n<li>Trije na\u010dini polnjenja &#8211; ro\u010dno polnjenje rezervoarja, kartu\u0161a ali sesanje iz oddaljenega rezervoarja.<\/li>\n<\/ul>\n<table id=\"product-attribute-specs-table\" class=\"data-table\">\n<tbody>\n<tr class=\"first odd\">\n<th class=\"label\">Naziv<\/th>\n<td class=\"data last\">M18 GG-0<\/td>\n<\/tr>\n<tr class=\"even\">\n<th class=\"label\">Katalo\u0161ka \u0161tevilka<\/th>\n<td class=\"data last\">4933440493<\/td>\n<\/tr>\n<tr class=\"odd\">\n<th class=\"label\">Obseg dobave<\/th>\n<td class=\"data last\">Akumulatorska mazalka M18 GG-0, brez akumulatorja, v kartonu<\/td>\n<\/tr>\n<tr class=\"even\">\n<th class=\"label\">Napetost<\/th>\n<td class=\"data last\">Orodja napetosti 18V Li-Ion<\/td>\n<\/tr>\n<tr class=\"odd\">\n<th class=\"label\">Pritisk<\/th>\n<td class=\"data last\">690 bar<\/td>\n<\/tr>\n<\/tbody>\n<\/table>\n","protected":false},"excerpt":{"rendered":"<p>Akumulatorska mazalka z zmogljivim 18 V motorjem zagotavlja preko 690 barov max. delovnega tlaka. Izjemen \u010das delovanja &#8211; iztisne do 7 kartu\u0161 z enim polnjenjem. Vrhunska ergonomija in uravnote\u017eenost &#8211; dol\u017eina samo 355 mm in te\u017ea 3,9 kg. Integrirano dr\u017ealo za shranjevanje cevi, zanka za ramenski pas in indikator napolnjenosti akumulatorja &#8211; dodatno udobje in&hellip;<\/p>\n <a href=\"https:\/\/www.agroremont.si\/hr\/domov\/akumulatorska-mazalka-m-18\/\" class=\"post-details details-type-link\" title=\"Ve\u010d o tem\">ve\u010d o tem<i class=\"dt-icon-the7-arrow-03\" aria-hidden=\"true\"><\/i><\/a>","protected":false},"featured_media":39203,"comment_status":"closed","ping_status":"closed","template":"","meta":[],"product_brand":[],"product_cat":[270],"product_tag":[],"class_list":{"0":"post-39202","1":"product","2":"type-product","3":"status-publish","4":"has-post-thumbnail","6":"product_cat-milwaukee","7":"description-off","9":"first","10":"instock","11":"taxable","12":"shipping-taxable","13":"purchasable","14":"product-type-simple"},"_links":{"self":[{"href":"https:\/\/www.agroremont.si\/hr\/wp-json\/wp\/v2\/product\/39202","targetHints":{"allow":["GET"]}}],"collection":[{"href":"https:\/\/www.agroremont.si\/hr\/wp-json\/wp\/v2\/product"}],"about":[{"href":"https:\/\/www.agroremont.si\/hr\/wp-json\/wp\/v2\/types\/product"}],"replies":[{"embeddable":true,"href":"https:\/\/www.agroremont.si\/hr\/wp-json\/wp\/v2\/comments?post=39202"}],"wp:featuredmedia":[{"embeddable":true,"href":"https:\/\/www.agroremont.si\/hr\/wp-json\/wp\/v2\/media\/39203"}],"wp:attachment":[{"href":"https:\/\/www.agroremont.si\/hr\/wp-json\/wp\/v2\/media?parent=39202"}],"wp:term":[{"taxonomy":"product_brand","embeddable":true,"href":"https:\/\/www.agroremont.si\/hr\/wp-json\/wp\/v2\/product_brand?post=39202"},{"taxonomy":"product_cat","embeddable":true,"href":"https:\/\/www.agroremont.si\/hr\/wp-json\/wp\/v2\/product_cat?post=39202"},{"taxonomy":"product_tag","embeddable":true,"href":"https:\/\/www.agroremont.si\/hr\/wp-json\/wp\/v2\/product_tag?post=39202"}],"curies":[{"name":"wp","href":"https:\/\/api.w.org\/{rel}","templated":true}]}}