{"id":39217,"date":"2023-12-01T10:14:56","date_gmt":"2023-12-01T09:14:56","guid":{"rendered":"https:\/\/www.agroremont.si\/?post_type=product&#038;p=39217"},"modified":"2024-11-14T14:28:40","modified_gmt":"2024-11-14T13:28:40","slug":"radio-polnilnik-m18-akumulatorjev-in-drugih-naprav-preko-usb-m18-prcdab-0","status":"publish","type":"product","link":"https:\/\/www.agroremont.si\/hr\/domov\/radio-polnilnik-m18-akumulatorjev-in-drugih-naprav-preko-usb-m18-prcdab-0\/","title":{"rendered":"RADIO-POLNILNIK M18 AKUMULATORJEV IN DRUGIH NAPRAV PREKO USB M18 PRCDAB+-0"},"content":{"rendered":"<ul>\n<li>Vrhunski 360\u00b0 prostorski zvo\u010dniki s 40 W oja\u010devalnikom, ki proizvaja bogat in poln zvok za velike in zunanje prostore.<\/li>\n<li>DAB+ in AM\/FM sprejemnik z digitalnim procesorjem prina\u0161a najvi\u0161jo natan\u010dnost sprejema, jasnost signala in dodatne informacije, kot so: naslov pesmi, izvajalec in natan\u010den \u010das.<\/li>\n<li>Digitalni sprejemnik Bluetooth\u00ae: predvaja glasbo do 30 m od pametnega telefona, ra\u010dunalnika ali tabli\u010dnega ra\u010dunalnika.<\/li>\n<li>Zdru\u017eljiv s PACKOUT modularnim sistemom MILWAUKEE\u00ae.<\/li>\n<li>Vgrajen polnilnik za hitro in priro\u010dno polnjenje katerega koli akumulatorja M18 \u2122 ali naprav preko vrat USB.<\/li>\n<li>Odporen na prah in brizganje vode zahvaljujo\u010d razredu za\u0161\u010dite IP 57 v na\u010dinu delovanja na akumulator.<\/li>\n<li>Delovanje z akumulatorji MILWAUKEE\u00ae M18 \u2122 ali elektri\u010dnim omre\u017ejem.<\/li>\n<li>Celoten delovni \u010das delovanja s 5,0 Ah akumulatorjem M18 \u2122.<\/li>\n<\/ul>\n<table id=\"product-attribute-specs-table\" class=\"data-table\">\n<colgroup>\n<col width=\"25%\" \/>\n<col \/><\/colgroup>\n<tbody>\n<tr class=\"first odd\">\n<th class=\"label\">Naziv<\/th>\n<td class=\"data last\">M18 PRCDAB+-0<\/td>\n<\/tr>\n<tr class=\"even\">\n<th class=\"label\">Katalo\u0161ka \u0161tevilka<\/th>\n<td class=\"data last\">4933472112<\/td>\n<\/tr>\n<tr class=\"odd\">\n<th class=\"label\">Obseg dobave<\/th>\n<td class=\"data last\">Radio-polnilnik M18 PRCDAB+-0 (brez akumulatorjev)<\/td>\n<\/tr>\n<tr class=\"even\">\n<th class=\"label\">Napetost<\/th>\n<td class=\"data last\">Orodja napetosti 18V Li-Ion<\/td>\n<\/tr>\n<tr class=\"odd\">\n<th class=\"label\">Masa<\/th>\n<td class=\"data last\">10,9 kg z M18 B5<\/td>\n<\/tr>\n<tr class=\"even\">\n<th class=\"label\">Napetost (omre\u017eje)<\/th>\n<td class=\"data last\">220 &#8211; 240 V<\/td>\n<\/tr>\n<tr class=\"odd\">\n<th class=\"label\">Dimenzije<\/th>\n<td class=\"data last\">558,8 x 411,5 x 172 mm<\/td>\n<\/tr>\n<\/tbody>\n<\/table>\n","protected":false},"excerpt":{"rendered":"<p>Vrhunski 360\u00b0 prostorski zvo\u010dniki s 40 W oja\u010devalnikom, ki proizvaja bogat in poln zvok za velike in zunanje prostore. DAB+ in AM\/FM sprejemnik z digitalnim procesorjem prina\u0161a najvi\u0161jo natan\u010dnost sprejema, jasnost signala in dodatne informacije, kot so: naslov pesmi, izvajalec in natan\u010den \u010das. Digitalni sprejemnik Bluetooth\u00ae: predvaja glasbo do 30 m od pametnega telefona, ra\u010dunalnika&hellip;<\/p>\n <a href=\"https:\/\/www.agroremont.si\/hr\/domov\/radio-polnilnik-m18-akumulatorjev-in-drugih-naprav-preko-usb-m18-prcdab-0\/\" class=\"post-details details-type-link\" title=\"Ve\u010d o tem\">ve\u010d o tem<i class=\"dt-icon-the7-arrow-03\" aria-hidden=\"true\"><\/i><\/a>","protected":false},"featured_media":39216,"comment_status":"closed","ping_status":"closed","template":"","meta":[],"product_brand":[],"product_cat":[270],"product_tag":[],"class_list":{"0":"post-39217","1":"product","2":"type-product","3":"status-publish","4":"has-post-thumbnail","6":"product_cat-milwaukee","7":"description-off","9":"first","10":"instock","11":"taxable","12":"shipping-taxable","13":"purchasable","14":"product-type-simple"},"_links":{"self":[{"href":"https:\/\/www.agroremont.si\/hr\/wp-json\/wp\/v2\/product\/39217","targetHints":{"allow":["GET"]}}],"collection":[{"href":"https:\/\/www.agroremont.si\/hr\/wp-json\/wp\/v2\/product"}],"about":[{"href":"https:\/\/www.agroremont.si\/hr\/wp-json\/wp\/v2\/types\/product"}],"replies":[{"embeddable":true,"href":"https:\/\/www.agroremont.si\/hr\/wp-json\/wp\/v2\/comments?post=39217"}],"wp:featuredmedia":[{"embeddable":true,"href":"https:\/\/www.agroremont.si\/hr\/wp-json\/wp\/v2\/media\/39216"}],"wp:attachment":[{"href":"https:\/\/www.agroremont.si\/hr\/wp-json\/wp\/v2\/media?parent=39217"}],"wp:term":[{"taxonomy":"product_brand","embeddable":true,"href":"https:\/\/www.agroremont.si\/hr\/wp-json\/wp\/v2\/product_brand?post=39217"},{"taxonomy":"product_cat","embeddable":true,"href":"https:\/\/www.agroremont.si\/hr\/wp-json\/wp\/v2\/product_cat?post=39217"},{"taxonomy":"product_tag","embeddable":true,"href":"https:\/\/www.agroremont.si\/hr\/wp-json\/wp\/v2\/product_tag?post=39217"}],"curies":[{"name":"wp","href":"https:\/\/api.w.org\/{rel}","templated":true}]}}