{"id":39224,"date":"2023-12-01T13:24:44","date_gmt":"2023-12-01T12:24:44","guid":{"rendered":"https:\/\/www.agroremont.si\/?post_type=product&#038;p=39224"},"modified":"2024-11-14T14:28:40","modified_gmt":"2024-11-14T13:28:40","slug":"one-key-1-2-udarni-vijacnik-z-visokim-privijalnim-momentom-in-varovalnim-obrocem","status":"publish","type":"product","link":"https:\/\/www.agroremont.si\/hr\/domov\/one-key-1-2-udarni-vijacnik-z-visokim-privijalnim-momentom-in-varovalnim-obrocem\/","title":{"rendered":"ONE-KEY 1\/2&#8243; UDARNI VIJA\u010cNIK Z VISOKIM PRIVIJALNIM MOMENTOM IN VAROVALNIM OBRO\u010cEM"},"content":{"rendered":"<ul>\n<li>Kompaktni 213 mm M18 FUEL\u2122 udarni vija\u010dnik z visokim 1356 Nm navorom omogo\u010da vija\u010denje v utesnjenih prostorih.<\/li>\n<li>Milwaukee DRIVE CONTROL omogo\u010da uporabniku izbiro med 4 stopnjami hitrostmi in jakostmi navora za la\u017eje prilagajanje potrebam dela.<\/li>\n<li>Stopnja 4 za odstranjevanje vijakov zagotavlja maksimalno najve\u010dji odvijalni navor 1898 Nm. Pri odstranjevanju pritrdilnih elementov se hitrost zni\u017ea na 750 obratov na minuto.<\/li>\n<li>Integrirani senzor \u0161tetja dosledno pove\u010duje ponovljivost izbrane nastavitve navora.<\/li>\n<li>Tehnologija ONE-KEY\u2122 omogo\u010da brez\u017ei\u010dno nastavljanje orodja za ve\u010djo produktivnost in konsistentne rezultate.<\/li>\n<li>Platformo za upravljanje ONE-KEY\u2122 omogo\u010da upravljanje inventarja, podpira sledenje lokacije orodja in prepre\u010duje uporabo odtujenega orodja.<\/li>\n<li>\u00bd&#8221; varovalni obro\u010d za nastavke.<\/li>\n<li>Fleksibilni sistem akumulatorjev: deluje z vsemi akumulatorji Milwaukee\u00ae M18\u2122.<\/li>\n<\/ul>\n<table id=\"product-attribute-specs-table\" class=\"data-table\">\n<tbody>\n<tr class=\"first odd\">\n<th class=\"label\">aziv<\/th>\n<td class=\"data last\">M18 ONEFHIWF12-502X FUEL<\/td>\n<\/tr>\n<tr class=\"even\">\n<th class=\"label\">Katalo\u0161ka \u0161tevilka<\/th>\n<td class=\"data last\">4933459727<\/td>\n<\/tr>\n<tr class=\"odd\">\n<th class=\"label\">Obseg dobave<\/th>\n<td class=\"data last\">Dobavljeno v kov\u010dku z 2x akumulatorjema REDLITHIUM-ION\u2122 5,0 Ah in polnilnikom.<\/td>\n<\/tr>\n<tr class=\"even\">\n<th class=\"label\">Napetost<\/th>\n<td class=\"data last\">Orodja napetosti 18V Li-Ion<\/td>\n<\/tr>\n<tr class=\"odd\">\n<th class=\"label\">Napetost akumulatorja\/kapaciteta<\/th>\n<td class=\"data last\">18 V \/ 5,0 Ah<\/td>\n<\/tr>\n<tr class=\"even\">\n<th class=\"label\">Masa (z akumulatorjem)<\/th>\n<td class=\"data last\">3,3 kg<\/td>\n<\/tr>\n<tr class=\"odd\">\n<th class=\"label\">Hitrost v prostem teku<\/th>\n<td class=\"data last\">550\/1400\/1750\/1750 obr\/min<\/td>\n<\/tr>\n<tr class=\"even\">\n<th class=\"label\">Najve\u010dji privijalni navor (Nm)<\/th>\n<td class=\"data last\">130\/400\/1356\/1356<\/td>\n<\/tr>\n<tr class=\"odd\">\n<th class=\"label\">Sistem<\/th>\n<td class=\"data last\">M18<\/td>\n<\/tr>\n<tr class=\"even\">\n<th class=\"label\">Vpetje<\/th>\n<td class=\"data last\">1\/2\u02dd z varovalnim obro\u010dem<\/td>\n<\/tr>\n<tr class=\"odd\">\n<th class=\"label\">\u0160tevilo udarcev<\/th>\n<td class=\"data last\">950\/1750\/2100\/2100 u\/min<\/td>\n<\/tr>\n<tr class=\"even\">\n<th class=\"label\">Maksimalni premer navoja vijaka<\/th>\n<td class=\"data last\">M33<\/td>\n<\/tr>\n<tr class=\"odd\">\n<th class=\"label\">Najve\u010dji odvijalni navor (Nm)<\/th>\n<td class=\"data last\">1898<\/td>\n<\/tr>\n<\/tbody>\n<\/table>\n","protected":false},"excerpt":{"rendered":"<p>Kompaktni 213 mm M18 FUEL\u2122 udarni vija\u010dnik z visokim 1356 Nm navorom omogo\u010da vija\u010denje v utesnjenih prostorih. Milwaukee DRIVE CONTROL omogo\u010da uporabniku izbiro med 4 stopnjami hitrostmi in jakostmi navora za la\u017eje prilagajanje potrebam dela. Stopnja 4 za odstranjevanje vijakov zagotavlja maksimalno najve\u010dji odvijalni navor 1898 Nm. Pri odstranjevanju pritrdilnih elementov se hitrost zni\u017ea na&hellip;<\/p>\n <a href=\"https:\/\/www.agroremont.si\/hr\/domov\/one-key-1-2-udarni-vijacnik-z-visokim-privijalnim-momentom-in-varovalnim-obrocem\/\" class=\"post-details details-type-link\" title=\"Ve\u010d o tem\">ve\u010d o tem<i class=\"dt-icon-the7-arrow-03\" aria-hidden=\"true\"><\/i><\/a>","protected":false},"featured_media":39228,"comment_status":"closed","ping_status":"closed","template":"","meta":[],"product_brand":[],"product_cat":[270],"product_tag":[],"class_list":{"0":"post-39224","1":"product","2":"type-product","3":"status-publish","4":"has-post-thumbnail","6":"product_cat-milwaukee","7":"description-off","9":"first","10":"instock","11":"taxable","12":"shipping-taxable","13":"purchasable","14":"product-type-simple"},"_links":{"self":[{"href":"https:\/\/www.agroremont.si\/hr\/wp-json\/wp\/v2\/product\/39224","targetHints":{"allow":["GET"]}}],"collection":[{"href":"https:\/\/www.agroremont.si\/hr\/wp-json\/wp\/v2\/product"}],"about":[{"href":"https:\/\/www.agroremont.si\/hr\/wp-json\/wp\/v2\/types\/product"}],"replies":[{"embeddable":true,"href":"https:\/\/www.agroremont.si\/hr\/wp-json\/wp\/v2\/comments?post=39224"}],"wp:featuredmedia":[{"embeddable":true,"href":"https:\/\/www.agroremont.si\/hr\/wp-json\/wp\/v2\/media\/39228"}],"wp:attachment":[{"href":"https:\/\/www.agroremont.si\/hr\/wp-json\/wp\/v2\/media?parent=39224"}],"wp:term":[{"taxonomy":"product_brand","embeddable":true,"href":"https:\/\/www.agroremont.si\/hr\/wp-json\/wp\/v2\/product_brand?post=39224"},{"taxonomy":"product_cat","embeddable":true,"href":"https:\/\/www.agroremont.si\/hr\/wp-json\/wp\/v2\/product_cat?post=39224"},{"taxonomy":"product_tag","embeddable":true,"href":"https:\/\/www.agroremont.si\/hr\/wp-json\/wp\/v2\/product_tag?post=39224"}],"curies":[{"name":"wp","href":"https:\/\/api.w.org\/{rel}","templated":true}]}}