{"id":39232,"date":"2023-12-02T08:33:59","date_gmt":"2023-12-02T07:33:59","guid":{"rendered":"https:\/\/www.agroremont.si\/?post_type=product&#038;p=39232"},"modified":"2024-11-14T14:28:40","modified_gmt":"2024-11-14T13:28:40","slug":"delovna-led-svetilka","status":"publish","type":"product","link":"https:\/\/www.agroremont.si\/hr\/domov\/delovna-led-svetilka\/","title":{"rendered":"DELOVNA LED SVETILKA"},"content":{"rendered":"<ul>\n<li>TRUEVIEW\u2122 svetloba visoke lo\u010dljivosti.<\/li>\n<li>Nihajna glava zagotavlja 1250 lumnov do razdalje 650 m.<\/li>\n<li>4 na\u010dini svetenja: to\u010dkovna, razlita, to\u010dkovno\/razlita svetloba in utripajo\u010da zagotavljajo razli\u010dne mo\u017enosti pri osvetlitvi delovnega prostora.<\/li>\n<li>To\u010dkovni na\u010din za identifikacijo na dolge razdalje: pregled visokonapetostnega kabla, pregled dolgih odsekov cevi, litega ali bakrenega cevovoda, podzemna dela, pregled mostov.<\/li>\n<li>Razlito svetenje za osvetlitev delovnega prostora.<\/li>\n<li>IP54 &#8211; za\u0161\u010dita pred prahom in pljuskom vode.<\/li>\n<li>Ergonomski oprijem. Svetilka ima prevleko iz gume, ki pove\u010duje udobje uporabnika in oprijem med uporabo.<\/li>\n<li>Luknja za visenje.<\/li>\n<li>Prilagodljiv sistem akumulatorjev: deluje z vsemi akumulatorji Milwaukee\u00ae M18\u2122.<\/li>\n<\/ul>\n<table id=\"product-attribute-specs-table\" class=\"data-table\">\n<colgroup>\n<col width=\"25%\" \/>\n<col \/><\/colgroup>\n<tbody>\n<tr class=\"first odd\">\n<th class=\"label\">Naziv<\/th>\n<td class=\"data last\">M18 SLED-0<\/td>\n<\/tr>\n<tr class=\"even\">\n<th class=\"label\">Katalo\u0161ka \u0161tevilka<\/th>\n<td class=\"data last\">4933459159<\/td>\n<\/tr>\n<tr class=\"odd\">\n<th class=\"label\">Obseg dobave<\/th>\n<td class=\"data last\">Delovna LED svetilka M18 SLED brez polnilnika in akumulatorja<\/td>\n<\/tr>\n<tr class=\"even\">\n<th class=\"label\">Napetost<\/th>\n<td class=\"data last\">Orodja napetosti 18V Li-Ion<\/td>\n<\/tr>\n<tr class=\"odd\">\n<th class=\"label\">Sistem<\/th>\n<td class=\"data last\">M18<\/td>\n<\/tr>\n<tr class=\"even\">\n<th class=\"label\">Max svetilni tok<\/th>\n<td class=\"data last\">1250 \/ 1200 \/ 600 \/ 1200 lumnov<\/td>\n<\/tr>\n<tr class=\"odd\">\n<th class=\"label\">\u010cas svetenje<\/th>\n<td class=\"data last\">s 5,0 Ah akum. do 4 \/ 4 \/ 7 \/ 5 ur<\/td>\n<\/tr>\n<tr class=\"even\">\n<th class=\"label\">Razred za\u0161\u010dite<\/th>\n<td class=\"data last\">IP54<\/td>\n<\/tr>\n<tr class=\"odd\">\n<th class=\"label\">Doseg svetilnega snopa<\/th>\n<td class=\"data last\">do 650 m<\/td>\n<\/tr>\n<\/tbody>\n<\/table>\n","protected":false},"excerpt":{"rendered":"<p>TRUEVIEW\u2122 svetloba visoke lo\u010dljivosti. Nihajna glava zagotavlja 1250 lumnov do razdalje 650 m. 4 na\u010dini svetenja: to\u010dkovna, razlita, to\u010dkovno\/razlita svetloba in utripajo\u010da zagotavljajo razli\u010dne mo\u017enosti pri osvetlitvi delovnega prostora. To\u010dkovni na\u010din za identifikacijo na dolge razdalje: pregled visokonapetostnega kabla, pregled dolgih odsekov cevi, litega ali bakrenega cevovoda, podzemna dela, pregled mostov. Razlito svetenje za osvetlitev&hellip;<\/p>\n <a href=\"https:\/\/www.agroremont.si\/hr\/domov\/delovna-led-svetilka\/\" class=\"post-details details-type-link\" title=\"Ve\u010d o tem\">ve\u010d o tem<i class=\"dt-icon-the7-arrow-03\" aria-hidden=\"true\"><\/i><\/a>","protected":false},"featured_media":39233,"comment_status":"closed","ping_status":"closed","template":"","meta":[],"product_brand":[],"product_cat":[270],"product_tag":[],"class_list":{"0":"post-39232","1":"product","2":"type-product","3":"status-publish","4":"has-post-thumbnail","6":"product_cat-milwaukee","7":"description-off","9":"first","10":"instock","11":"taxable","12":"shipping-taxable","13":"purchasable","14":"product-type-simple"},"_links":{"self":[{"href":"https:\/\/www.agroremont.si\/hr\/wp-json\/wp\/v2\/product\/39232","targetHints":{"allow":["GET"]}}],"collection":[{"href":"https:\/\/www.agroremont.si\/hr\/wp-json\/wp\/v2\/product"}],"about":[{"href":"https:\/\/www.agroremont.si\/hr\/wp-json\/wp\/v2\/types\/product"}],"replies":[{"embeddable":true,"href":"https:\/\/www.agroremont.si\/hr\/wp-json\/wp\/v2\/comments?post=39232"}],"wp:featuredmedia":[{"embeddable":true,"href":"https:\/\/www.agroremont.si\/hr\/wp-json\/wp\/v2\/media\/39233"}],"wp:attachment":[{"href":"https:\/\/www.agroremont.si\/hr\/wp-json\/wp\/v2\/media?parent=39232"}],"wp:term":[{"taxonomy":"product_brand","embeddable":true,"href":"https:\/\/www.agroremont.si\/hr\/wp-json\/wp\/v2\/product_brand?post=39232"},{"taxonomy":"product_cat","embeddable":true,"href":"https:\/\/www.agroremont.si\/hr\/wp-json\/wp\/v2\/product_cat?post=39232"},{"taxonomy":"product_tag","embeddable":true,"href":"https:\/\/www.agroremont.si\/hr\/wp-json\/wp\/v2\/product_tag?post=39232"}],"curies":[{"name":"wp","href":"https:\/\/api.w.org\/{rel}","templated":true}]}}