{"id":39235,"date":"2023-12-02T08:37:05","date_gmt":"2023-12-02T07:37:05","guid":{"rendered":"https:\/\/www.agroremont.si\/?post_type=product&#038;p=39235"},"modified":"2024-11-14T14:36:30","modified_gmt":"2024-11-14T13:36:30","slug":"akumulatorski-set-m12-3plkit-401p-zeleni-nivelirni-360-stopinjski-3-linijski-laser-s-priborom","status":"publish","type":"product","link":"https:\/\/www.agroremont.si\/hr\/domov\/akumulatorski-set-m12-3plkit-401p-zeleni-nivelirni-360-stopinjski-3-linijski-laser-s-priborom\/","title":{"rendered":"AKUMULATORSKI SET M12 3PLKIT-401P ZELENI NIVELIRNI 360 STOPINJSKI 3 LINIJSKI LASER S PRIBOROM"},"content":{"rendered":"<ul>\n<li>Zeleni nivelirni 360\u00b0 3 linijski M12 laser ponuja vsestransko funkcionalnost z eno vodoravno \u010drto in dvema navpi\u010dnima \u010drtama za hitro in enostavno poravnavo, izravnavo, kvadriranje in prenose, kar vam omogo\u010da enostavno razporeditev velikih prostorov z enim orodjem.<\/li>\n<li>Vgrajene visoko intenzivne zelene diode zagotavljajo brezkompromisno do 4x bolj\u0161o vidljivost v primerjavi z rde\u010dimi laserji.<\/li>\n<li>Zeleni \u017earki visoke intenzivnosti zagotavljajo 30 m delovni domet (50 m z detektorjem).<\/li>\n<li>Z M12 B4 akumulatorjem, 4.0 Ah, zagotavlja celodnevno, ve\u010d kot 15 urno, delovanje.<\/li>\n<li>3-na\u010din nihajnega sistema:\n<ul>\n<li>ro\u010dni na\u010din za uporabo pod katerim koli kotom,<\/li>\n<li>samonivelirni na\u010din, ki ozna\u010duje stanje brez nivoja s samonivelirnim obmo\u010djem 4\u00b0<\/li>\n<li>in na\u010din zaklepanja nihala za za\u0161\u010dito komponent med prevozom.<\/li>\n<\/ul>\n<\/li>\n<li>Integriran magnetni nosilec z oja\u010danimi redko zemeljskimi magneti name\u0161\u010denimi na zadnji strani. \u00bc\u2033 in \u215d\u2033 navoj stojala in odprtina za obe\u0161anje omogo\u010da pritrditev na stativ, jeklene in lesene vijake.<\/li>\n<li>Nosilec ponuja tudi rotacijo laserja za 360 \u00b0, ki se vrti v zgornji to\u010dki, pa tudi integrirano kolesce za mikro prilagoditev za hitrej\u0161o poravnavo od to\u010dke do to\u010dke.<\/li>\n<li>Prilo\u017een je odstranljivi nosilec s katerim se enostavno dolo\u010di izmerjeno to\u010dko.<\/li>\n<li>Robustna, preoblikovana konstrukcija z za\u0161\u010ditnim razredom IP 54 \u0161\u010diti laser pred vodo in umazanijo ter zdr\u017ei padce do 1 metra vi\u0161ine.<\/li>\n<li>Fleksibilni sistem akumulatorjev: deluje z vsemi akumulatorji Milwaukee\u00ae M12\u2122.<\/li>\n<\/ul>\n<p>&nbsp;<\/p>\n<table id=\"product-attribute-specs-table\" class=\"data-table\">\n<tbody>\n<tr class=\"first odd\">\n<th class=\"label\">Naziv<\/th>\n<td class=\"data last\">M12 3PLKIT-401P<\/td>\n<\/tr>\n<tr class=\"even\">\n<th class=\"label\">Katalo\u0161ka \u0161tevilka<\/th>\n<td class=\"data last\">4933478960<\/td>\n<\/tr>\n<tr class=\"odd\">\n<th class=\"label\">Kompatibilni laserski detektor<\/th>\n<td class=\"data last\">LLD50 \/ LRD100<\/td>\n<\/tr>\n<tr class=\"even\">\n<th class=\"label\">Samonivelirno obmo\u010dje<\/th>\n<td class=\"data last\">4\u00b0<\/td>\n<\/tr>\n<tr class=\"odd\">\n<th class=\"label\">Samonivelirni \u010das<\/th>\n<td class=\"data last\">3 s<\/td>\n<\/tr>\n<tr class=\"even\">\n<th class=\"label\">Laserska projekcija<\/th>\n<td class=\"data last\">2 x vertikalna, 1 x horizontalna<\/td>\n<\/tr>\n<tr class=\"odd\">\n<th class=\"label\">Barva laserske \u010drte<\/th>\n<td class=\"data last\">zelena<\/td>\n<\/tr>\n<tr class=\"even\">\n<th class=\"label\">Nivelirna natan\u010dnost<\/th>\n<td class=\"data last\">0,3 mm\/m<\/td>\n<\/tr>\n<tr class=\"odd\">\n<th class=\"label\">\u010cas delovanja<\/th>\n<td class=\"data last\">do 15 ur z M12 B4 akumulatorjem<\/td>\n<\/tr>\n<tr class=\"even\">\n<th class=\"label\">Obseg dobave<\/th>\n<td class=\"data last\">V kov\u010dku prejmete zeleni nivelirni laser M12 3PL, M12 B4 akumulator, polnilnik in pribor<\/td>\n<\/tr>\n<tr class=\"odd\">\n<th class=\"label\">Napetost<\/th>\n<td class=\"data last\">Orodja napetosti 12V Li-Ion<\/td>\n<\/tr>\n<tr class=\"even\">\n<th class=\"label\">Napetost akumulatorja\/kapaciteta<\/th>\n<td class=\"data last\">12 V \/ 4,0 Ah<\/td>\n<\/tr>\n<tr class=\"odd\">\n<th class=\"label\">Masa (z akumulatorjem)<\/th>\n<td class=\"data last\">1,5 kg<\/td>\n<\/tr>\n<tr class=\"even\">\n<th class=\"label\">Razred laserja<\/th>\n<td class=\"data last\">razred 2<\/td>\n<\/tr>\n<tr class=\"odd\">\n<th class=\"label\">Merilno obmo\u010dje<\/th>\n<td class=\"data last\">38 m<\/td>\n<\/tr>\n<tr class=\"even\">\n<th class=\"label\">Sistem<\/th>\n<td class=\"data last\">M12<\/td>\n<\/tr>\n<tr class=\"odd\">\n<th class=\"label\">Razred za\u0161\u010dite<\/th>\n<td class=\"data last\">IP 54<\/td>\n<\/tr>\n<\/tbody>\n<\/table>\n","protected":false},"excerpt":{"rendered":"<p>Zeleni nivelirni 360\u00b0 3 linijski M12 laser ponuja vsestransko funkcionalnost z eno vodoravno \u010drto in dvema navpi\u010dnima \u010drtama za hitro in enostavno poravnavo, izravnavo, kvadriranje in prenose, kar vam omogo\u010da enostavno razporeditev velikih prostorov z enim orodjem. Vgrajene visoko intenzivne zelene diode zagotavljajo brezkompromisno do 4x bolj\u0161o vidljivost v primerjavi z rde\u010dimi laserji. Zeleni \u017earki&hellip;<\/p>\n <a href=\"https:\/\/www.agroremont.si\/hr\/domov\/akumulatorski-set-m12-3plkit-401p-zeleni-nivelirni-360-stopinjski-3-linijski-laser-s-priborom\/\" class=\"post-details details-type-link\" title=\"Ve\u010d o tem\">ve\u010d o tem<i class=\"dt-icon-the7-arrow-03\" aria-hidden=\"true\"><\/i><\/a>","protected":false},"featured_media":39237,"comment_status":"closed","ping_status":"closed","template":"","meta":[],"product_brand":[],"product_cat":[270],"product_tag":[],"class_list":{"0":"post-39235","1":"product","2":"type-product","3":"status-publish","4":"has-post-thumbnail","6":"product_cat-milwaukee","7":"description-off","9":"first","10":"instock","11":"sale","12":"taxable","13":"shipping-taxable","14":"purchasable","15":"product-type-simple"},"_links":{"self":[{"href":"https:\/\/www.agroremont.si\/hr\/wp-json\/wp\/v2\/product\/39235","targetHints":{"allow":["GET"]}}],"collection":[{"href":"https:\/\/www.agroremont.si\/hr\/wp-json\/wp\/v2\/product"}],"about":[{"href":"https:\/\/www.agroremont.si\/hr\/wp-json\/wp\/v2\/types\/product"}],"replies":[{"embeddable":true,"href":"https:\/\/www.agroremont.si\/hr\/wp-json\/wp\/v2\/comments?post=39235"}],"wp:featuredmedia":[{"embeddable":true,"href":"https:\/\/www.agroremont.si\/hr\/wp-json\/wp\/v2\/media\/39237"}],"wp:attachment":[{"href":"https:\/\/www.agroremont.si\/hr\/wp-json\/wp\/v2\/media?parent=39235"}],"wp:term":[{"taxonomy":"product_brand","embeddable":true,"href":"https:\/\/www.agroremont.si\/hr\/wp-json\/wp\/v2\/product_brand?post=39235"},{"taxonomy":"product_cat","embeddable":true,"href":"https:\/\/www.agroremont.si\/hr\/wp-json\/wp\/v2\/product_cat?post=39235"},{"taxonomy":"product_tag","embeddable":true,"href":"https:\/\/www.agroremont.si\/hr\/wp-json\/wp\/v2\/product_tag?post=39235"}],"curies":[{"name":"wp","href":"https:\/\/api.w.org\/{rel}","templated":true}]}}