{"id":39243,"date":"2023-12-04T09:49:21","date_gmt":"2023-12-04T08:49:21","guid":{"rendered":"https:\/\/www.agroremont.si\/?post_type=product&#038;p=39243"},"modified":"2024-11-14T14:28:40","modified_gmt":"2024-11-14T13:28:40","slug":"skarje-za-zivo-mejo","status":"publish","type":"product","link":"https:\/\/www.agroremont.si\/hr\/domov\/skarje-za-zivo-mejo\/","title":{"rendered":"\u0160KARJE ZA \u017dIVO MEJO"},"content":{"rendered":"<ul>\n<li>Brezkrta\u010dni motor Milwaukee\u00ae POWERSTATE\u2122 zagotavlja ve\u010djo u\u010dinkovitost, dalj\u0161e delovanje in zagotavlja najve\u010djo mo\u010d.<\/li>\n<li>REDLINK PLUS\u2122 inteligentni sistem zagotavlja napredno digitalno za\u0161\u010dito pred preobremenitvijo orodja in akumulatorja ter pove\u010duje u\u010dinkovitost orodja pod obremenitvijo.<\/li>\n<li>\u0160karje za \u017eivo mejo zmorejo rezanje 20 mm vej.<\/li>\n<li>600 mm rezilo obre\u017ee ve\u010d materiala v enem prehodu, kar pove\u010duje doseg in produktivnost.<\/li>\n<li>Do 2 uri delovanja z akumulatorjem M18\u2122 9,0 Ah.<\/li>\n<li>Re\u017ee do 30% hitreje v primerjavi z brez\u017ei\u010dnim tekmecem.<\/li>\n<li>Prilagodljiv akumulatorski sistem: deluje z vsemi akumulatorji Milwaukee\u00ae M18\u2122.<\/li>\n<\/ul>\n<table id=\"product-attribute-specs-table\" class=\"data-table\">\n<tbody>\n<tr class=\"first odd\">\n<th class=\"label\">Naziv<\/th>\n<td class=\"data last\">M18 CHT-0 FUEL<\/td>\n<\/tr>\n<tr class=\"even\">\n<th class=\"label\">Katalo\u0161ka \u0161tevilka<\/th>\n<td class=\"data last\">4933459346<\/td>\n<\/tr>\n<tr class=\"odd\">\n<th class=\"label\">Obseg dobave<\/th>\n<td class=\"data last\">Dobavljivo v kartonski embala\u017ei brez akumulatorjev in polnilnika<\/td>\n<\/tr>\n<tr class=\"even\">\n<th class=\"label\">Napetost<\/th>\n<td class=\"data last\">Orodja napetosti 18V Li-Ion<\/td>\n<\/tr>\n<tr class=\"odd\">\n<th class=\"label\">Hitrost v prostem teku<\/th>\n<td class=\"data last\">3400 \/min<\/td>\n<\/tr>\n<tr class=\"even\">\n<th class=\"label\">Dol\u017eina<\/th>\n<td class=\"data last\">116 cm<\/td>\n<\/tr>\n<tr class=\"odd\">\n<th class=\"label\">Dol\u017eina rezila<\/th>\n<td class=\"data last\">600 mm<\/td>\n<\/tr>\n<tr class=\"even\">\n<th class=\"label\">Debelina vej<\/th>\n<td class=\"data last\">do 20 mm<\/td>\n<\/tr>\n<\/tbody>\n<\/table>\n","protected":false},"excerpt":{"rendered":"<p>Brezkrta\u010dni motor Milwaukee\u00ae POWERSTATE\u2122 zagotavlja ve\u010djo u\u010dinkovitost, dalj\u0161e delovanje in zagotavlja najve\u010djo mo\u010d. REDLINK PLUS\u2122 inteligentni sistem zagotavlja napredno digitalno za\u0161\u010dito pred preobremenitvijo orodja in akumulatorja ter pove\u010duje u\u010dinkovitost orodja pod obremenitvijo. \u0160karje za \u017eivo mejo zmorejo rezanje 20 mm vej. 600 mm rezilo obre\u017ee ve\u010d materiala v enem prehodu, kar pove\u010duje doseg in produktivnost.&hellip;<\/p>\n <a href=\"https:\/\/www.agroremont.si\/hr\/domov\/skarje-za-zivo-mejo\/\" class=\"post-details details-type-link\" title=\"Ve\u010d o tem\">ve\u010d o tem<i class=\"dt-icon-the7-arrow-03\" aria-hidden=\"true\"><\/i><\/a>","protected":false},"featured_media":39248,"comment_status":"closed","ping_status":"closed","template":"","meta":[],"product_brand":[],"product_cat":[270],"product_tag":[],"class_list":{"0":"post-39243","1":"product","2":"type-product","3":"status-publish","4":"has-post-thumbnail","6":"product_cat-milwaukee","7":"description-off","9":"first","10":"instock","11":"taxable","12":"shipping-taxable","13":"purchasable","14":"product-type-simple"},"_links":{"self":[{"href":"https:\/\/www.agroremont.si\/hr\/wp-json\/wp\/v2\/product\/39243","targetHints":{"allow":["GET"]}}],"collection":[{"href":"https:\/\/www.agroremont.si\/hr\/wp-json\/wp\/v2\/product"}],"about":[{"href":"https:\/\/www.agroremont.si\/hr\/wp-json\/wp\/v2\/types\/product"}],"replies":[{"embeddable":true,"href":"https:\/\/www.agroremont.si\/hr\/wp-json\/wp\/v2\/comments?post=39243"}],"wp:featuredmedia":[{"embeddable":true,"href":"https:\/\/www.agroremont.si\/hr\/wp-json\/wp\/v2\/media\/39248"}],"wp:attachment":[{"href":"https:\/\/www.agroremont.si\/hr\/wp-json\/wp\/v2\/media?parent=39243"}],"wp:term":[{"taxonomy":"product_brand","embeddable":true,"href":"https:\/\/www.agroremont.si\/hr\/wp-json\/wp\/v2\/product_brand?post=39243"},{"taxonomy":"product_cat","embeddable":true,"href":"https:\/\/www.agroremont.si\/hr\/wp-json\/wp\/v2\/product_cat?post=39243"},{"taxonomy":"product_tag","embeddable":true,"href":"https:\/\/www.agroremont.si\/hr\/wp-json\/wp\/v2\/product_tag?post=39243"}],"curies":[{"name":"wp","href":"https:\/\/api.w.org\/{rel}","templated":true}]}}