{"id":39815,"date":"2025-02-10T07:51:45","date_gmt":"2025-02-10T06:51:45","guid":{"rendered":"https:\/\/www.agroremont.si\/?post_type=product&#038;p=39815"},"modified":"2025-12-02T15:15:47","modified_gmt":"2025-12-02T14:15:47","slug":"bobcat-e10","status":"publish","type":"product","link":"https:\/\/www.agroremont.si\/hr\/domov\/bobcat-e10\/","title":{"rendered":"BOBCAT E10z"},"content":{"rendered":"<p>Motor: Kubota<br \/>\nProstornina: 720 ccm<br \/>\n\u0160tevilo cilindov: 3<br \/>\nMo\u010d: 7,5 kW \/ 10 KM<br \/>\nNavor: 40 Nm<\/p>\n<p>Menjalnik<br \/>\nLo\u010den hidrostati\u010den (levo\/desno)<br \/>\nHitrost z polovi\u010dko: 2,1 km\/h<br \/>\nHitrost brez polovi\u010dke: 3,1 km\/h<\/p>\n<p>Pretok hidravli\u010dne \u010drpalke: 20 l\/min<br \/>\n3 linija<br \/>\nHladilnik hidravli\u010dnega olja<br \/>\nHidravli\u010dno nastavljiva \u0161irina gosenic<br \/>\nMehansko nastavljivo planirne deske<br \/>\nZo\u017eane gosenice: 710 mm<br \/>\nRaz\u0161irjene gosencice: 1090 mm<br \/>\nZo\u017eana planirna deska: 710 mm<br \/>\nRaz\u0161irjena planirna deska: 1090 mm<br \/>\nMax. dol\u017eina roke: 3145 mm<br \/>\nMax. globina izkopa: 1820 mm<br \/>\nMax vi\u0161ina roke: 2685 mm<br \/>\nSila izkopa: 8294 N<\/p>\n<p>Uporabni\u0161ka platforma<br \/>\nSede\u017e<br \/>\nVarnosten pas<br \/>\nVarnosten rok (zlo\u017eljiv)<br \/>\nHupa<br \/>\nEURO joysticki<br \/>\n\u0160tevec delovnih ur<br \/>\nVarnostna koda pred zagonom<\/p>\n<p>Mehanska hitra menjava KLAC C<br \/>\n300 mm kopalna zajemalka<br \/>\n400 ali 500 mm kopalna zajemalka<br \/>\n800 mm hidravli\u010dno nagibna<\/p>\n<p>Delovne lu\u010di<br \/>\n1 delovna lu\u010d na roki<\/p>\n<p>Dimenzije:<br \/>\n\u0160irina: 710 mm<br \/>\nVi\u0161ina: 2209 mm<br \/>\nDol\u017eina: 2793 mm<br \/>\n\u0160irina gumi gosenic: 180 mm<br \/>\nTe\u017ea: 1077 kg<\/p>\n<p>MO\u017dNOST 7 LET UGODNEGA FINANCIRANJA<\/p>\n<p>VE\u010c INFO: 031 844 281 &#8211; JAN<\/p>\n<p>Podjetje AGROREMONT d.o.o. je zastopnik profesionalnih svetovnih podjetij za kmetijstvo\/komunalo\/gozdarstvo\/gradbeni\u0161tvo in nudimo poleg prodaje \u0161e strokovno svetovanje in servisne storitve.<\/p>\n<p>Nudimo vam svetovanje za vso komunalno\/kmetijsko\/gradbeno\/gozdarsko opremo iz na\u0161ega AGROREMONT d.o.o. programa, veliko opreme lahko vidite v na\u0161ih centrih SVETA TROJICA, MARIBOR IN RADLJE OB DRAVI, kjer nudimo tudi servisne storitve in nakup rezervnih delov ter imamo nekaj rabljene kmetijske\/komunalne\/gozdarske mehanizacije<\/p>\n","protected":false},"excerpt":{"rendered":"<p>Motor: Kubota Prostornina: 720 ccm \u0160tevilo cilindov: 3 Mo\u010d: 7,5 kW \/ 10 KM Navor: 40 Nm Menjalnik Lo\u010den hidrostati\u010den (levo\/desno) Hitrost z polovi\u010dko: 2,1 km\/h Hitrost brez polovi\u010dke: 3,1 km\/h Pretok hidravli\u010dne \u010drpalke: 20 l\/min 3 linija Hladilnik hidravli\u010dnega olja Hidravli\u010dno nastavljiva \u0161irina gosenic Mehansko nastavljivo planirne deske Zo\u017eane gosenice: 710 mm Raz\u0161irjene gosencice:&hellip;<\/p>\n <a href=\"https:\/\/www.agroremont.si\/hr\/domov\/bobcat-e10\/\" class=\"post-details details-type-link\" title=\"Ve\u010d o tem\">ve\u010d o tem<i class=\"dt-icon-the7-arrow-03\" aria-hidden=\"true\"><\/i><\/a>","protected":false},"featured_media":39837,"comment_status":"closed","ping_status":"closed","template":"","meta":[],"product_brand":[],"product_cat":[290],"product_tag":[],"class_list":{"0":"post-39815","1":"product","2":"type-product","3":"status-publish","4":"has-post-thumbnail","6":"product_cat-gradbeni-stroji","7":"description-off","9":"first","10":"instock","11":"taxable","12":"shipping-taxable","13":"purchasable","14":"product-type-simple"},"_links":{"self":[{"href":"https:\/\/www.agroremont.si\/hr\/wp-json\/wp\/v2\/product\/39815","targetHints":{"allow":["GET"]}}],"collection":[{"href":"https:\/\/www.agroremont.si\/hr\/wp-json\/wp\/v2\/product"}],"about":[{"href":"https:\/\/www.agroremont.si\/hr\/wp-json\/wp\/v2\/types\/product"}],"replies":[{"embeddable":true,"href":"https:\/\/www.agroremont.si\/hr\/wp-json\/wp\/v2\/comments?post=39815"}],"wp:featuredmedia":[{"embeddable":true,"href":"https:\/\/www.agroremont.si\/hr\/wp-json\/wp\/v2\/media\/39837"}],"wp:attachment":[{"href":"https:\/\/www.agroremont.si\/hr\/wp-json\/wp\/v2\/media?parent=39815"}],"wp:term":[{"taxonomy":"product_brand","embeddable":true,"href":"https:\/\/www.agroremont.si\/hr\/wp-json\/wp\/v2\/product_brand?post=39815"},{"taxonomy":"product_cat","embeddable":true,"href":"https:\/\/www.agroremont.si\/hr\/wp-json\/wp\/v2\/product_cat?post=39815"},{"taxonomy":"product_tag","embeddable":true,"href":"https:\/\/www.agroremont.si\/hr\/wp-json\/wp\/v2\/product_tag?post=39815"}],"curies":[{"name":"wp","href":"https:\/\/api.w.org\/{rel}","templated":true}]}}