{"id":39876,"date":"2025-02-10T13:59:16","date_gmt":"2025-02-10T12:59:16","guid":{"rendered":"https:\/\/www.agroremont.si\/?post_type=product&#038;p=39876"},"modified":"2025-11-21T12:05:15","modified_gmt":"2025-11-21T11:05:15","slug":"fliegl-asw-110","status":"publish","type":"product","link":"https:\/\/www.agroremont.si\/hr\/domov\/fliegl-asw-110\/","title":{"rendered":"FLIEGL ASW 110"},"content":{"rendered":"<p>nova traktoska prikolica<br \/>\nnajve\u010dja skupna te\u017ea 11.000 kg<br \/>\nvolumen cca. 18 kubi\u010dnih metrov z stranicami<br \/>\n1,5m<br \/>\nvelikost kesona 5100mm x 2380mm v dol\u017eini so<br \/>\nv\u0161teta zadnja dvi\u017ena vrata<br \/>\nzadaj izpust za \u017eitarice<br \/>\nspodnji ali zgornji priklop, fiksna ruda<br \/>\npriklop na fi40<br \/>\npodporna noga<br \/>\nvi\u0161ina osnovnih stranic 1500mm<br \/>\nstranice vro\u010de cinkane<br \/>\nvi\u0161ina potisne stene spredaj 1500mm, vi\u0161ina<br \/>\nhidravli\u010dnih vrat zadaj 1500mm<br \/>\nlestev<br \/>\nvzmeteno podvozje; podvozje vro\u010de pocinkano<br \/>\nmehanski pomik tandem naprej in nazaj<br \/>\ndvokro\u017ene zra\u010dne zavore z ALB regulatorje<br \/>\nizvedba 40km\/h, zadnja za\u0161\u010dita, stranske<br \/>\ngabaridne lu\u010di<br \/>\ngume 550 \/ 45-22,5, nosilnost 4400kg pri 40km\/h<br \/>\nodli\u010dna kvaliteta in dolga \u017eivljenska doba<\/p>\n<p>VE\u010c INFO: 031 844 281 &#8211; JAN<\/p>\n<p>MO\u017dNOST 7 LET UGODNEGA FINANCIRANJA<\/p>\n<p>Podjetje AGROREMONT d.o.o. je zastopnik profesionalnih svetovnih podjetij za kmetijstvo\/komunalo\/gozdarstvo\/gradbeni\u0161tvo in nudimo poleg prodaje \u0161e strokovno svetovanje in servisne storitve.<\/p>\n<p>Nudimo vam svetovanje za vso komunalno\/kmetijsko\/gradbeno\/gozdarsko opremo iz na\u0161ega AGROREMONT d.o.o. programa, veliko opreme lahko vidite v na\u0161ih centrih SVETA TROJICA, MARIBOR IN RADLJE OB DRAVI, kjer nudimo tudi servisne storitve in nakup rezervnih delov ter imamo nekaj rabljene kmetijske\/komunalne\/gozdarske mehanizacije<\/p>\n","protected":false},"excerpt":{"rendered":"<p>nova traktoska prikolica najve\u010dja skupna te\u017ea 11.000 kg volumen cca. 18 kubi\u010dnih metrov z stranicami 1,5m velikost kesona 5100mm x 2380mm v dol\u017eini so v\u0161teta zadnja dvi\u017ena vrata zadaj izpust za \u017eitarice spodnji ali zgornji priklop, fiksna ruda priklop na fi40 podporna noga vi\u0161ina osnovnih stranic 1500mm stranice vro\u010de cinkane vi\u0161ina potisne stene spredaj 1500mm,&hellip;<\/p>\n <a href=\"https:\/\/www.agroremont.si\/hr\/domov\/fliegl-asw-110\/\" class=\"post-details details-type-link\" title=\"Ve\u010d o tem\">ve\u010d o tem<i class=\"dt-icon-the7-arrow-03\" aria-hidden=\"true\"><\/i><\/a>","protected":false},"featured_media":39877,"comment_status":"closed","ping_status":"closed","template":"","meta":[],"product_brand":[],"product_cat":[292],"product_tag":[],"class_list":{"0":"post-39876","1":"product","2":"type-product","3":"status-publish","4":"has-post-thumbnail","6":"product_cat-prikolice","7":"description-off","9":"first","10":"outofstock","11":"taxable","12":"shipping-taxable","13":"purchasable","14":"product-type-simple"},"_links":{"self":[{"href":"https:\/\/www.agroremont.si\/hr\/wp-json\/wp\/v2\/product\/39876","targetHints":{"allow":["GET"]}}],"collection":[{"href":"https:\/\/www.agroremont.si\/hr\/wp-json\/wp\/v2\/product"}],"about":[{"href":"https:\/\/www.agroremont.si\/hr\/wp-json\/wp\/v2\/types\/product"}],"replies":[{"embeddable":true,"href":"https:\/\/www.agroremont.si\/hr\/wp-json\/wp\/v2\/comments?post=39876"}],"wp:featuredmedia":[{"embeddable":true,"href":"https:\/\/www.agroremont.si\/hr\/wp-json\/wp\/v2\/media\/39877"}],"wp:attachment":[{"href":"https:\/\/www.agroremont.si\/hr\/wp-json\/wp\/v2\/media?parent=39876"}],"wp:term":[{"taxonomy":"product_brand","embeddable":true,"href":"https:\/\/www.agroremont.si\/hr\/wp-json\/wp\/v2\/product_brand?post=39876"},{"taxonomy":"product_cat","embeddable":true,"href":"https:\/\/www.agroremont.si\/hr\/wp-json\/wp\/v2\/product_cat?post=39876"},{"taxonomy":"product_tag","embeddable":true,"href":"https:\/\/www.agroremont.si\/hr\/wp-json\/wp\/v2\/product_tag?post=39876"}],"curies":[{"name":"wp","href":"https:\/\/api.w.org\/{rel}","templated":true}]}}