{"id":39898,"date":"2025-02-10T14:07:18","date_gmt":"2025-02-10T13:07:18","guid":{"rendered":"https:\/\/www.agroremont.si\/?post_type=product&#038;p=39898"},"modified":"2025-11-21T12:06:27","modified_gmt":"2025-11-21T11:06:27","slug":"fliegl-edk-60-fox","status":"publish","type":"product","link":"https:\/\/www.agroremont.si\/hr\/domov\/fliegl-edk-60-fox\/","title":{"rendered":"FLIEGL EDK 60 FOX"},"content":{"rendered":"<p>tristransko kipanje<br \/>\nnajve\u010dja dovoljena skupna te\u017ea 6.000 kg<br \/>\nvolumen cca. 8 kubi\u010dna metra<br \/>\nvelikost prekucnika 4000mm x 2020mm<br \/>\nstranice 500 mm + 500 mm<br \/>\nzadaj izpust za \u017eitarice<br \/>\nzgornji ali spodnji priklop<br \/>\nHidravli\u010dne zavore za prikolico<br \/>\nbarva stranic temno zelena<br \/>\ncentralno odpiranje stranic levo-desno in od<br \/>\nzadaj;<br \/>\nizvedba 25km\/h<br \/>\ngume 15.0\/55-17 10 PR<br \/>\n\u0161tiristopenjski cilinder za kipanje z kon\u010dnim<br \/>\nhidravli\u010dnim stikalom; 1500mm<br \/>\npodporna noga s kolesom<\/p>\n<p>MO\u017dNOST 7 LET UGODNEGA FINANCIRANJA<\/p>\n<p>VE\u010c INFO: 031 844 281 &#8211; JAN<\/p>\n<p>Podjetje AGROREMONT d.o.o. je zastopnik poleg ostalih profesionalnih svetovnih podjetij za kmetijstvo tudi za BOBCAT in nudimo poleg prodaje \u0161e strokovno svetovanje in servisne storitve.<\/p>\n<p>Nudimo vam svetovanje za vso komunalno &#8211; kmetijsko\/gozdarsko\/gradbeno opremo iz na\u0161ega AGROREMONT d.o.o. programa, veliko opreme lahko vidite v na\u0161ih centrih, kjer nudimo tudi servisne storitve in nakup rezervnih delov ter imamo nekaj rabljene kmetijske mehanizacije.<\/p>\n","protected":false},"excerpt":{"rendered":"<p>tristransko kipanje najve\u010dja dovoljena skupna te\u017ea 6.000 kg volumen cca. 8 kubi\u010dna metra velikost prekucnika 4000mm x 2020mm stranice 500 mm + 500 mm zadaj izpust za \u017eitarice zgornji ali spodnji priklop Hidravli\u010dne zavore za prikolico barva stranic temno zelena centralno odpiranje stranic levo-desno in od zadaj; izvedba 25km\/h gume 15.0\/55-17 10 PR \u0161tiristopenjski cilinder&hellip;<\/p>\n <a href=\"https:\/\/www.agroremont.si\/hr\/domov\/fliegl-edk-60-fox\/\" class=\"post-details details-type-link\" title=\"Ve\u010d o tem\">ve\u010d o tem<i class=\"dt-icon-the7-arrow-03\" aria-hidden=\"true\"><\/i><\/a>","protected":false},"featured_media":39899,"comment_status":"closed","ping_status":"closed","template":"","meta":[],"product_brand":[],"product_cat":[292],"product_tag":[],"class_list":{"0":"post-39898","1":"product","2":"type-product","3":"status-publish","4":"has-post-thumbnail","6":"product_cat-prikolice","7":"description-off","9":"first","10":"instock","11":"taxable","12":"shipping-taxable","13":"purchasable","14":"product-type-simple"},"_links":{"self":[{"href":"https:\/\/www.agroremont.si\/hr\/wp-json\/wp\/v2\/product\/39898","targetHints":{"allow":["GET"]}}],"collection":[{"href":"https:\/\/www.agroremont.si\/hr\/wp-json\/wp\/v2\/product"}],"about":[{"href":"https:\/\/www.agroremont.si\/hr\/wp-json\/wp\/v2\/types\/product"}],"replies":[{"embeddable":true,"href":"https:\/\/www.agroremont.si\/hr\/wp-json\/wp\/v2\/comments?post=39898"}],"wp:featuredmedia":[{"embeddable":true,"href":"https:\/\/www.agroremont.si\/hr\/wp-json\/wp\/v2\/media\/39899"}],"wp:attachment":[{"href":"https:\/\/www.agroremont.si\/hr\/wp-json\/wp\/v2\/media?parent=39898"}],"wp:term":[{"taxonomy":"product_brand","embeddable":true,"href":"https:\/\/www.agroremont.si\/hr\/wp-json\/wp\/v2\/product_brand?post=39898"},{"taxonomy":"product_cat","embeddable":true,"href":"https:\/\/www.agroremont.si\/hr\/wp-json\/wp\/v2\/product_cat?post=39898"},{"taxonomy":"product_tag","embeddable":true,"href":"https:\/\/www.agroremont.si\/hr\/wp-json\/wp\/v2\/product_tag?post=39898"}],"curies":[{"name":"wp","href":"https:\/\/api.w.org\/{rel}","templated":true}]}}