{"id":39905,"date":"2025-02-10T14:10:41","date_gmt":"2025-02-10T13:10:41","guid":{"rendered":"https:\/\/www.agroremont.si\/?post_type=product&#038;p=39905"},"modified":"2026-01-16T13:43:31","modified_gmt":"2026-01-16T12:43:31","slug":"fliegl-tdk-80","status":"publish","type":"product","link":"https:\/\/www.agroremont.si\/hr\/domov\/fliegl-tdk-80\/","title":{"rendered":"FLIEGL TDK 80 FOX"},"content":{"rendered":"<p>&#8211;\u00a0 tandem podvozje<br \/>\n&#8211; dovoljena skupna masa: 8000 kg<br \/>\n&#8211; V-okvir, galvaniziran<br \/>\n&#8211; dimenzija kesona: 4500&#215;2220(2170) mm koni\u010dno<br \/>\n&#8211; centralno odpiranje levo\/desno<br \/>\n&#8211; vi\u0161ina osnovne stene: 500 mm<br \/>\n&#8211; barva: temno zelena<br \/>\n&#8211; izpust za \u017eito: 400&#215;230 mm<br \/>\n&#8211; 1. povi\u0161ki vi\u0161ine 500 mm<br \/>\n&#8211; 2 zavorni osi, togi<br \/>\n&#8211; visoki priklop, togi<br \/>\n&#8211; vle\u010dno oko fi 40 mm<br \/>\n&#8211; podporno kolo, zlo\u017eljivo<br \/>\n&#8211; cilinder za kipanje 1850 mm<br \/>\n&#8211; 12V osvetlitev (preko 7-pin vti\u010dnice)<br \/>\n&#8211; zaporni ventil<br \/>\n&#8211; paraboli\u010dno vzmetenje Jumbo-Titan<br \/>\n&#8211; hidravli\u010dne, 1-linijske zavore<br \/>\n&#8211; 25 km\/h<br \/>\n&#8211; natezne vzmeti stranskih sten<br \/>\n&#8211; pnevmatike: 19.0\/45-17 14PR<\/p>\n<p>SLIKA SIMBOLI\u010cNA<\/p>\n","protected":false},"excerpt":{"rendered":"<p>&#8211;\u00a0 tandem podvozje &#8211; dovoljena skupna masa: 8000 kg &#8211; V-okvir, galvaniziran &#8211; dimenzija kesona: 4500&#215;2220(2170) mm koni\u010dno &#8211; centralno odpiranje levo\/desno &#8211; vi\u0161ina osnovne stene: 500 mm &#8211; barva: temno zelena &#8211; izpust za \u017eito: 400&#215;230 mm &#8211; 1. povi\u0161ki vi\u0161ine 500 mm &#8211; 2 zavorni osi, togi &#8211; visoki priklop, togi &#8211; vle\u010dno&hellip;<\/p>\n <a href=\"https:\/\/www.agroremont.si\/hr\/domov\/fliegl-tdk-80\/\" class=\"post-details details-type-link\" title=\"Ve\u010d o tem\">ve\u010d o tem<i class=\"dt-icon-the7-arrow-03\" aria-hidden=\"true\"><\/i><\/a>","protected":false},"featured_media":39906,"comment_status":"closed","ping_status":"closed","template":"","meta":[],"product_brand":[],"product_cat":[292],"product_tag":[],"class_list":{"0":"post-39905","1":"product","2":"type-product","3":"status-publish","4":"has-post-thumbnail","6":"product_cat-prikolice","7":"description-off","9":"first","10":"instock","11":"taxable","12":"shipping-taxable","13":"purchasable","14":"product-type-simple"},"_links":{"self":[{"href":"https:\/\/www.agroremont.si\/hr\/wp-json\/wp\/v2\/product\/39905","targetHints":{"allow":["GET"]}}],"collection":[{"href":"https:\/\/www.agroremont.si\/hr\/wp-json\/wp\/v2\/product"}],"about":[{"href":"https:\/\/www.agroremont.si\/hr\/wp-json\/wp\/v2\/types\/product"}],"replies":[{"embeddable":true,"href":"https:\/\/www.agroremont.si\/hr\/wp-json\/wp\/v2\/comments?post=39905"}],"wp:featuredmedia":[{"embeddable":true,"href":"https:\/\/www.agroremont.si\/hr\/wp-json\/wp\/v2\/media\/39906"}],"wp:attachment":[{"href":"https:\/\/www.agroremont.si\/hr\/wp-json\/wp\/v2\/media?parent=39905"}],"wp:term":[{"taxonomy":"product_brand","embeddable":true,"href":"https:\/\/www.agroremont.si\/hr\/wp-json\/wp\/v2\/product_brand?post=39905"},{"taxonomy":"product_cat","embeddable":true,"href":"https:\/\/www.agroremont.si\/hr\/wp-json\/wp\/v2\/product_cat?post=39905"},{"taxonomy":"product_tag","embeddable":true,"href":"https:\/\/www.agroremont.si\/hr\/wp-json\/wp\/v2\/product_tag?post=39905"}],"curies":[{"name":"wp","href":"https:\/\/api.w.org\/{rel}","templated":true}]}}