{"id":39913,"date":"2025-02-10T14:13:37","date_gmt":"2025-02-10T13:13:37","guid":{"rendered":"https:\/\/www.agroremont.si\/?post_type=product&#038;p=39913"},"modified":"2025-12-12T13:44:49","modified_gmt":"2025-12-12T12:44:49","slug":"fliegl-tdk-140-s","status":"publish","type":"product","link":"https:\/\/www.agroremont.si\/hr\/domov\/fliegl-tdk-140-s\/","title":{"rendered":"FLIEGL TDK 140 S"},"content":{"rendered":"<p>Tristansko kipanje<br \/>\nNajve\u010dja dovoljena masa: 14.000 kg<br \/>\nDimenzije prekucnika: 4500mm\/2320 mm<br \/>\nDno iz visoko kakovosnega jekla HB400-450<br \/>\n3 pari privezovalnih u\u0161es<br \/>\n500 mm stranice<br \/>\nZadnja stranica z hidravli\u010dnim odpiranjem z<br \/>\nmo\u017enosto blokade<br \/>\nCinkano podvozje<br \/>\nPodporna noga z dvema hitrostma<br \/>\nJumbo &#8211; zni\u017eano podvozje<br \/>\nZgornji ali spodnji priklop<br \/>\nUho fi40<br \/>\nBPW osi<br \/>\n2-kro\u017ene zra\u010dne zavore<br \/>\nGume: 445\/45R19,5 nosilnost 4500 kg pri 80km\/<br \/>\nh<br \/>\nCOC 40 km\/h<br \/>\nKipercilinder 1850 mm<br \/>\nLED vozne lu\u010di<br \/>\nZaporne pipe<br \/>\nOdli\u010dna kvaliteta in dolga \u017eivljenska doba<\/p>\n<p>MO\u017dNOST 7 LET UGODBEGA FINANCIRANJA<\/p>\n<p>VE\u010c INFO: 031 844 281 &#8211; JAN<\/p>\n<p>Podjetje AGROREMONT d.o.o. je zastopnik poleg ostalih profesionalnih svetovnih podjetij za kmetijstvo tudi za BOBCAT in nudimo poleg prodaje \u0161e strokovno svetovanje in servisne storitve.<\/p>\n<p>Nudimo vam svetovanje za vso komunalno &#8211; kmetijsko\/gozdarsko\/gradbeno opremo iz na\u0161ega AGROREMONT d.o.o. programa, veliko opreme lahko vidite v na\u0161ih centrih, kjer nudimo tudi servisne storitve in nakup rezervnih delov ter imamo nekaj rabljene kmetijske mehanizacije<\/p>\n","protected":false},"excerpt":{"rendered":"<p>Tristansko kipanje Najve\u010dja dovoljena masa: 14.000 kg Dimenzije prekucnika: 4500mm\/2320 mm Dno iz visoko kakovosnega jekla HB400-450 3 pari privezovalnih u\u0161es 500 mm stranice Zadnja stranica z hidravli\u010dnim odpiranjem z mo\u017enosto blokade Cinkano podvozje Podporna noga z dvema hitrostma Jumbo &#8211; zni\u017eano podvozje Zgornji ali spodnji priklop Uho fi40 BPW osi 2-kro\u017ene zra\u010dne zavore Gume:&hellip;<\/p>\n <a href=\"https:\/\/www.agroremont.si\/hr\/domov\/fliegl-tdk-140-s\/\" class=\"post-details details-type-link\" title=\"Ve\u010d o tem\">ve\u010d o tem<i class=\"dt-icon-the7-arrow-03\" aria-hidden=\"true\"><\/i><\/a>","protected":false},"featured_media":39914,"comment_status":"closed","ping_status":"closed","template":"","meta":[],"product_brand":[],"product_cat":[292],"product_tag":[],"class_list":{"0":"post-39913","1":"product","2":"type-product","3":"status-publish","4":"has-post-thumbnail","6":"product_cat-prikolice","7":"description-off","9":"first","10":"outofstock","11":"taxable","12":"shipping-taxable","13":"purchasable","14":"product-type-simple"},"_links":{"self":[{"href":"https:\/\/www.agroremont.si\/hr\/wp-json\/wp\/v2\/product\/39913","targetHints":{"allow":["GET"]}}],"collection":[{"href":"https:\/\/www.agroremont.si\/hr\/wp-json\/wp\/v2\/product"}],"about":[{"href":"https:\/\/www.agroremont.si\/hr\/wp-json\/wp\/v2\/types\/product"}],"replies":[{"embeddable":true,"href":"https:\/\/www.agroremont.si\/hr\/wp-json\/wp\/v2\/comments?post=39913"}],"wp:featuredmedia":[{"embeddable":true,"href":"https:\/\/www.agroremont.si\/hr\/wp-json\/wp\/v2\/media\/39914"}],"wp:attachment":[{"href":"https:\/\/www.agroremont.si\/hr\/wp-json\/wp\/v2\/media?parent=39913"}],"wp:term":[{"taxonomy":"product_brand","embeddable":true,"href":"https:\/\/www.agroremont.si\/hr\/wp-json\/wp\/v2\/product_brand?post=39913"},{"taxonomy":"product_cat","embeddable":true,"href":"https:\/\/www.agroremont.si\/hr\/wp-json\/wp\/v2\/product_cat?post=39913"},{"taxonomy":"product_tag","embeddable":true,"href":"https:\/\/www.agroremont.si\/hr\/wp-json\/wp\/v2\/product_tag?post=39913"}],"curies":[{"name":"wp","href":"https:\/\/api.w.org\/{rel}","templated":true}]}}