{"id":39922,"date":"2025-02-10T14:15:48","date_gmt":"2025-02-10T13:15:48","guid":{"rendered":"https:\/\/www.agroremont.si\/?post_type=product&#038;p=39922"},"modified":"2026-01-31T11:25:06","modified_gmt":"2026-01-31T10:25:06","slug":"fliegl-tmk-130-s","status":"publish","type":"product","link":"https:\/\/www.agroremont.si\/hr\/domov\/fliegl-tmk-130-s\/","title":{"rendered":"FLIEGL TMK 130 S"},"content":{"rendered":"<p>Prikolica primerna prevozu gradbene mehanizacije, dodatno oja\u010dana za prevoz gradbenih materialov.<\/p>\n<p>Mulda stistem prikolice<br \/>\nNizkonakladalna razli\u010dica, vi\u0161ina mostu od pribli\u017eno 1020 mm<\/p>\n<p>Zadnjo kipanje<br \/>\nDovoljena skupna te\u017ea 13.000 kg<br \/>\nVolumen cca. 5 kubi\u010dnih metrov<br \/>\nVelikost prekucnika 4500mm x 2300mm x 500 mm (stranica)<br \/>\nZgornji priklop<br \/>\nBarva kesona bela<br \/>\nPopolnoma jeklen keson, ogrodje mostu iz visokokakovostnih jeklenih profilov, barvano belo<br \/>\nCentralno odpiranje stranice zadaj<br \/>\nVzmeteno podvozje; podvozje vro\u010de pocinkano, tandem Tandem-Aggregat Gigant<br \/>\nPriklop \u00d8 40 mm<br \/>\n2-kro\u017ene zra\u010dne zavore<br \/>\nIzvedba 40km\/h<br \/>\nGume 455\/45 R19,5<br \/>\nPodporna noga z reduktorjem<br \/>\nDolga \u017eivljenska doba<\/p>\n<p>VE\u010c INFO: 031 844 281 &#8211; JAN<\/p>\n<p>MO\u017dNOST 7 LET UGODNEGA FINANCIRANJA<\/p>\n<p>Podjetje AGROREMONT d.o.o. je zastopnik profesionalnih svetovnih podjetij za kmetijstvo\/komunalo\/gozdarstvo\/gradbeni\u0161tvo in nudimo poleg prodaje \u0161e strokovno svetovanje in servisne storitve.<\/p>\n<p>Nudimo vam svetovanje za vso komunalno\/kmetijsko\/gradbeno\/gozdarsko opremo iz na\u0161ega AGROREMONT d.o.o. programa, veliko opreme lahko vidite v na\u0161ih centrih SVETA TROJICA, MARIBOR IN RADLJE OB DRAVI, kjer nudimo tudi servisne storitve in nakup rezervnih delov ter imamo nekaj rabljene kmetijske\/komunalne\/gozdarske mehanizacije.<\/p>\n","protected":false},"excerpt":{"rendered":"<p>Prikolica primerna prevozu gradbene mehanizacije, dodatno oja\u010dana za prevoz gradbenih materialov. Mulda stistem prikolice Nizkonakladalna razli\u010dica, vi\u0161ina mostu od pribli\u017eno 1020 mm Zadnjo kipanje Dovoljena skupna te\u017ea 13.000 kg Volumen cca. 5 kubi\u010dnih metrov Velikost prekucnika 4500mm x 2300mm x 500 mm (stranica) Zgornji priklop Barva kesona bela Popolnoma jeklen keson, ogrodje mostu iz visokokakovostnih&hellip;<\/p>\n <a href=\"https:\/\/www.agroremont.si\/hr\/domov\/fliegl-tmk-130-s\/\" class=\"post-details details-type-link\" title=\"Ve\u010d o tem\">ve\u010d o tem<i class=\"dt-icon-the7-arrow-03\" aria-hidden=\"true\"><\/i><\/a>","protected":false},"featured_media":39923,"comment_status":"closed","ping_status":"closed","template":"","meta":[],"product_brand":[],"product_cat":[292],"product_tag":[],"class_list":{"0":"post-39922","1":"product","2":"type-product","3":"status-publish","4":"has-post-thumbnail","6":"product_cat-prikolice","7":"description-off","9":"first","10":"instock","11":"sale","12":"taxable","13":"shipping-taxable","14":"purchasable","15":"product-type-simple"},"_links":{"self":[{"href":"https:\/\/www.agroremont.si\/hr\/wp-json\/wp\/v2\/product\/39922","targetHints":{"allow":["GET"]}}],"collection":[{"href":"https:\/\/www.agroremont.si\/hr\/wp-json\/wp\/v2\/product"}],"about":[{"href":"https:\/\/www.agroremont.si\/hr\/wp-json\/wp\/v2\/types\/product"}],"replies":[{"embeddable":true,"href":"https:\/\/www.agroremont.si\/hr\/wp-json\/wp\/v2\/comments?post=39922"}],"wp:featuredmedia":[{"embeddable":true,"href":"https:\/\/www.agroremont.si\/hr\/wp-json\/wp\/v2\/media\/39923"}],"wp:attachment":[{"href":"https:\/\/www.agroremont.si\/hr\/wp-json\/wp\/v2\/media?parent=39922"}],"wp:term":[{"taxonomy":"product_brand","embeddable":true,"href":"https:\/\/www.agroremont.si\/hr\/wp-json\/wp\/v2\/product_brand?post=39922"},{"taxonomy":"product_cat","embeddable":true,"href":"https:\/\/www.agroremont.si\/hr\/wp-json\/wp\/v2\/product_cat?post=39922"},{"taxonomy":"product_tag","embeddable":true,"href":"https:\/\/www.agroremont.si\/hr\/wp-json\/wp\/v2\/product_tag?post=39922"}],"curies":[{"name":"wp","href":"https:\/\/api.w.org\/{rel}","templated":true}]}}