{"id":40287,"date":"2025-02-13T12:58:36","date_gmt":"2025-02-13T11:58:36","guid":{"rendered":"https:\/\/www.agroremont.si\/?post_type=product&#038;p=40287"},"modified":"2025-11-21T12:09:58","modified_gmt":"2025-11-21T11:09:58","slug":"fliegl-vfw-4000-jumbo-line","status":"publish","type":"product","link":"https:\/\/www.agroremont.si\/hr\/domov\/fliegl-vfw-4000-jumbo-line\/","title":{"rendered":"FLIEGL VFW 4000 JUMBO LINE"},"content":{"rendered":"<p>FLIEGL VFW 4000 JUMBO LINE<\/p>\n<p>Prostonina: 4000 l<br \/>\nDol\u017eina soda 3000mm, premer soda 1250mm<br \/>\nCisterna je v celoti pocinkana skupaj z \u0161asijo<br \/>\nSpodnji priklop<br \/>\nHidravli\u010dne zavore (1-cevni sistem)<br \/>\nPriklop fi40<br \/>\n25 km\/h<br \/>\nGume: 19.0\/45-17<br \/>\n\u010crpalka: Kompresosor MEC 5000 l Battioni max 540 obr\/min<br \/>\n6&#8243; Slepa prirobnica spredaj levo, desno in zadaj<br \/>\n5&#8243; Zasun spredaj levo<br \/>\nIndikator nivoja<br \/>\nZlo\u017eljivo podporno kolo<br \/>\nZgornja 400 mm odprtina<br \/>\nVozne lu\u010di<br \/>\n1x hidravli\u010den zasun zadaj<br \/>\nNosilec za cevi<br \/>\nZadnja odprtina odprtina za \u010di\u0161\u010denje 600 mm<br \/>\n\u0160ipon<br \/>\nKardanska gred<br \/>\nSesalna cev 2 m plasti\u010dne in 3 m cinkanega dela<br \/>\nKlasi\u010den razpr\u0161ilec<\/p>\n<p>VE\u010c INFO: 031 844 281 &#8211; JAN<\/p>\n","protected":false},"excerpt":{"rendered":"<p>FLIEGL VFW 4000 JUMBO LINE Prostonina: 4000 l Dol\u017eina soda 3000mm, premer soda 1250mm Cisterna je v celoti pocinkana skupaj z \u0161asijo Spodnji priklop Hidravli\u010dne zavore (1-cevni sistem) Priklop fi40 25 km\/h Gume: 19.0\/45-17 \u010crpalka: Kompresosor MEC 5000 l Battioni max 540 obr\/min 6&#8243; Slepa prirobnica spredaj levo, desno in zadaj 5&#8243; Zasun spredaj levo&hellip;<\/p>\n <a href=\"https:\/\/www.agroremont.si\/hr\/domov\/fliegl-vfw-4000-jumbo-line\/\" class=\"post-details details-type-link\" title=\"Ve\u010d o tem\">ve\u010d o tem<i class=\"dt-icon-the7-arrow-03\" aria-hidden=\"true\"><\/i><\/a>","protected":false},"featured_media":40289,"comment_status":"closed","ping_status":"closed","template":"","meta":[],"product_brand":[],"product_cat":[291],"product_tag":[],"class_list":{"0":"post-40287","1":"product","2":"type-product","3":"status-publish","4":"has-post-thumbnail","6":"product_cat-prikljucki","7":"description-off","9":"first","10":"outofstock","11":"taxable","12":"shipping-taxable","13":"purchasable","14":"product-type-simple"},"_links":{"self":[{"href":"https:\/\/www.agroremont.si\/hr\/wp-json\/wp\/v2\/product\/40287","targetHints":{"allow":["GET"]}}],"collection":[{"href":"https:\/\/www.agroremont.si\/hr\/wp-json\/wp\/v2\/product"}],"about":[{"href":"https:\/\/www.agroremont.si\/hr\/wp-json\/wp\/v2\/types\/product"}],"replies":[{"embeddable":true,"href":"https:\/\/www.agroremont.si\/hr\/wp-json\/wp\/v2\/comments?post=40287"}],"wp:featuredmedia":[{"embeddable":true,"href":"https:\/\/www.agroremont.si\/hr\/wp-json\/wp\/v2\/media\/40289"}],"wp:attachment":[{"href":"https:\/\/www.agroremont.si\/hr\/wp-json\/wp\/v2\/media?parent=40287"}],"wp:term":[{"taxonomy":"product_brand","embeddable":true,"href":"https:\/\/www.agroremont.si\/hr\/wp-json\/wp\/v2\/product_brand?post=40287"},{"taxonomy":"product_cat","embeddable":true,"href":"https:\/\/www.agroremont.si\/hr\/wp-json\/wp\/v2\/product_cat?post=40287"},{"taxonomy":"product_tag","embeddable":true,"href":"https:\/\/www.agroremont.si\/hr\/wp-json\/wp\/v2\/product_tag?post=40287"}],"curies":[{"name":"wp","href":"https:\/\/api.w.org\/{rel}","templated":true}]}}