{"id":40375,"date":"2025-02-26T14:41:55","date_gmt":"2025-02-26T13:41:55","guid":{"rendered":"https:\/\/www.agroremont.si\/?post_type=product&#038;p=40375"},"modified":"2025-12-02T15:15:46","modified_gmt":"2025-12-02T14:15:46","slug":"bobcat-e34","status":"publish","type":"product","link":"https:\/\/www.agroremont.si\/hr\/domov\/bobcat-e34\/","title":{"rendered":"BOBCAT E34"},"content":{"rendered":"<p>BOBCAT E34<\/p>\n<p>Motor: Kubota<br \/>\nProstornina: 1642 cc<br \/>\n\u0160tevilo cilindrov: 3<br \/>\nMo\u010d: 18,2 kW \/ 24,4 KM<br \/>\nNavor: 98 Nm<\/p>\n<p>Menjlanik<br \/>\nHitrost v polovi\u010dki: 2.6 km\/h<br \/>\nHitrost brez polovi\u010dke: 4,7 km\/h<br \/>\nX podvozje<\/p>\n<p>Hidravlika<br \/>\nBatna in zobni\u0161ke \u010drpalke<br \/>\nPretok hidravli\u010dne \u010drpalke Load Sensing: 101 l\/min<br \/>\n3 linija (stalen tokokrog)<br \/>\n4 linija (premik powertilta)<br \/>\n5 linija (hidrvli\u010dna menjava priklju\u010dka)<br \/>\nPlanirna deska (1550mm)<br \/>\nMax. globina izkopa: 3317 mm<br \/>\nMax. vi\u0161ina roke: 4804 mm<br \/>\nMax iztegnjena roke: 5101 mm<br \/>\nSila izkopa z podalj\u0161ano roko: 20790 Nm<\/p>\n<p>Priklju\u010dki<br \/>\nWINKELBAUER POWER TILT Z HIDRAVLI\u010cNO MENJAVO M10<br \/>\n30 cm zajemalka<br \/>\n60 cm zajemalka<br \/>\n120 cm planirna zajemalka<\/p>\n<p>Kabina<br \/>\nVzmeten sede\u017e<br \/>\nAnalogna ventilacija gretje \/ KLIMA kabine<br \/>\nVarnosten pas<br \/>\nSen\u010dnik<br \/>\nHupa<br \/>\nElektro krmilni palici (joystick)<br \/>\nRadio<br \/>\nVelika kontrolna plo\u0161\u010da<br \/>\nAvtomatski gas<\/p>\n<p>Delovne LED lu\u010di<br \/>\n2x spredaj na kabini<br \/>\n1x zadaj na kabini<br \/>\n1x na roki<\/p>\n<p>Dimenzije<br \/>\n\u0160irina: 1550 mm<br \/>\nVi\u0161ina: 2468 mm<br \/>\nDol\u017eina: 4832 mm<br \/>\n\u0160irina gumi gosenic: 300 mm<br \/>\nTe\u017ea: 3312 kg brez priklju\u010dkov in menjave<\/p>\n","protected":false},"excerpt":{"rendered":"<p>BOBCAT E34 Motor: Kubota Prostornina: 1642 cc \u0160tevilo cilindrov: 3 Mo\u010d: 18,2 kW \/ 24,4 KM Navor: 98 Nm Menjlanik Hitrost v polovi\u010dki: 2.6 km\/h Hitrost brez polovi\u010dke: 4,7 km\/h X podvozje Hidravlika Batna in zobni\u0161ke \u010drpalke Pretok hidravli\u010dne \u010drpalke Load Sensing: 101 l\/min 3 linija (stalen tokokrog) 4 linija (premik powertilta) 5 linija (hidrvli\u010dna&hellip;<\/p>\n <a href=\"https:\/\/www.agroremont.si\/hr\/domov\/bobcat-e34\/\" class=\"post-details details-type-link\" title=\"Ve\u010d o tem\">ve\u010d o tem<i class=\"dt-icon-the7-arrow-03\" aria-hidden=\"true\"><\/i><\/a>","protected":false},"featured_media":40376,"comment_status":"closed","ping_status":"closed","template":"","meta":[],"product_brand":[],"product_cat":[290],"product_tag":[],"class_list":{"0":"post-40375","1":"product","2":"type-product","3":"status-publish","4":"has-post-thumbnail","6":"product_cat-gradbeni-stroji","7":"description-off","9":"first","10":"instock","11":"taxable","12":"shipping-taxable","13":"purchasable","14":"product-type-simple"},"_links":{"self":[{"href":"https:\/\/www.agroremont.si\/hr\/wp-json\/wp\/v2\/product\/40375","targetHints":{"allow":["GET"]}}],"collection":[{"href":"https:\/\/www.agroremont.si\/hr\/wp-json\/wp\/v2\/product"}],"about":[{"href":"https:\/\/www.agroremont.si\/hr\/wp-json\/wp\/v2\/types\/product"}],"replies":[{"embeddable":true,"href":"https:\/\/www.agroremont.si\/hr\/wp-json\/wp\/v2\/comments?post=40375"}],"wp:featuredmedia":[{"embeddable":true,"href":"https:\/\/www.agroremont.si\/hr\/wp-json\/wp\/v2\/media\/40376"}],"wp:attachment":[{"href":"https:\/\/www.agroremont.si\/hr\/wp-json\/wp\/v2\/media?parent=40375"}],"wp:term":[{"taxonomy":"product_brand","embeddable":true,"href":"https:\/\/www.agroremont.si\/hr\/wp-json\/wp\/v2\/product_brand?post=40375"},{"taxonomy":"product_cat","embeddable":true,"href":"https:\/\/www.agroremont.si\/hr\/wp-json\/wp\/v2\/product_cat?post=40375"},{"taxonomy":"product_tag","embeddable":true,"href":"https:\/\/www.agroremont.si\/hr\/wp-json\/wp\/v2\/product_tag?post=40375"}],"curies":[{"name":"wp","href":"https:\/\/api.w.org\/{rel}","templated":true}]}}