{"id":40383,"date":"2025-02-26T14:44:37","date_gmt":"2025-02-26T13:44:37","guid":{"rendered":"https:\/\/www.agroremont.si\/?post_type=product&#038;p=40383"},"modified":"2025-12-02T15:15:46","modified_gmt":"2025-12-02T14:15:46","slug":"bobcat-e27z","status":"publish","type":"product","link":"https:\/\/www.agroremont.si\/hr\/domov\/bobcat-e27z\/","title":{"rendered":"BOBCAT E27z"},"content":{"rendered":"<p>BOBCAT E27z<\/p>\n<p>Motor: Kubota<br \/>\nProstornina: 1123 cc<br \/>\n\u0160tevilo cilindrov: 3<br \/>\nMo\u010d: 15,2 kW 20,4 KM<br \/>\nNavor: 71 Nm<\/p>\n<p>Menjalnik<br \/>\nHitrost v polovi\u010dki: 2.6 km\/h<br \/>\nHitrost brez polovi\u010dke: 4,7 km\/h<br \/>\nX podvozje<\/p>\n<p>Hidravlika<br \/>\nBatna in ena zobni\u0161ka \u010drpalka<br \/>\nPretok hidravli\u010dne \u010drpalke LS: 87 l\/min<br \/>\n1 linija (stalen (tokokrog)<br \/>\nPlanirna deska (1550mm)<br \/>\nMax. globina izkopa: 2847 mm<br \/>\nMax. vi\u0161ina roke: 4430 mm<br \/>\nMax iztegnjena roke: 4818 mm<br \/>\nSila izkopa: 13470 Nm<\/p>\n<p>Zajemalke<br \/>\nVpetje KLAC D<br \/>\n30 cm<br \/>\n60 cm<br \/>\n120 cm hidravli\u010dno nagibna<\/p>\n<p>Kabina<br \/>\nVzmeten sede\u017e<br \/>\nAnalogna ventilacija gretje kabine<br \/>\nVarnosten pas<br \/>\nSen\u010dnik<br \/>\nHupa<br \/>\nElektro krmilni palici (joystick)<br \/>\nRadio<br \/>\nAvtomatsko zmanj\u0161anje gasa<br \/>\nKontrolna plo\u0161\u010da<\/p>\n<p>Delovne lu\u010di na roki in strehi<\/p>\n<p>Dimenzije<br \/>\n\u0160irina: 1550 mm<br \/>\nVi\u0161ina: 2438 mm<br \/>\nDol\u017eina: 4325 mm<br \/>\n\u0160irina gumi gosenic: 300 mm<br \/>\nRezervoar goriva: 52 L<br \/>\nTe\u017ea: 2705 kg z zajemalko<\/p>\n","protected":false},"excerpt":{"rendered":"<p>BOBCAT E27z Motor: Kubota Prostornina: 1123 cc \u0160tevilo cilindrov: 3 Mo\u010d: 15,2 kW 20,4 KM Navor: 71 Nm Menjalnik Hitrost v polovi\u010dki: 2.6 km\/h Hitrost brez polovi\u010dke: 4,7 km\/h X podvozje Hidravlika Batna in ena zobni\u0161ka \u010drpalka Pretok hidravli\u010dne \u010drpalke LS: 87 l\/min 1 linija (stalen (tokokrog) Planirna deska (1550mm) Max. globina izkopa: 2847 mm&hellip;<\/p>\n <a href=\"https:\/\/www.agroremont.si\/hr\/domov\/bobcat-e27z\/\" class=\"post-details details-type-link\" title=\"Ve\u010d o tem\">ve\u010d o tem<i class=\"dt-icon-the7-arrow-03\" aria-hidden=\"true\"><\/i><\/a>","protected":false},"featured_media":40384,"comment_status":"closed","ping_status":"closed","template":"","meta":[],"product_brand":[],"product_cat":[290],"product_tag":[],"class_list":{"0":"post-40383","1":"product","2":"type-product","3":"status-publish","4":"has-post-thumbnail","6":"product_cat-gradbeni-stroji","7":"description-off","9":"first","10":"instock","11":"taxable","12":"shipping-taxable","13":"purchasable","14":"product-type-simple"},"_links":{"self":[{"href":"https:\/\/www.agroremont.si\/hr\/wp-json\/wp\/v2\/product\/40383","targetHints":{"allow":["GET"]}}],"collection":[{"href":"https:\/\/www.agroremont.si\/hr\/wp-json\/wp\/v2\/product"}],"about":[{"href":"https:\/\/www.agroremont.si\/hr\/wp-json\/wp\/v2\/types\/product"}],"replies":[{"embeddable":true,"href":"https:\/\/www.agroremont.si\/hr\/wp-json\/wp\/v2\/comments?post=40383"}],"wp:featuredmedia":[{"embeddable":true,"href":"https:\/\/www.agroremont.si\/hr\/wp-json\/wp\/v2\/media\/40384"}],"wp:attachment":[{"href":"https:\/\/www.agroremont.si\/hr\/wp-json\/wp\/v2\/media?parent=40383"}],"wp:term":[{"taxonomy":"product_brand","embeddable":true,"href":"https:\/\/www.agroremont.si\/hr\/wp-json\/wp\/v2\/product_brand?post=40383"},{"taxonomy":"product_cat","embeddable":true,"href":"https:\/\/www.agroremont.si\/hr\/wp-json\/wp\/v2\/product_cat?post=40383"},{"taxonomy":"product_tag","embeddable":true,"href":"https:\/\/www.agroremont.si\/hr\/wp-json\/wp\/v2\/product_tag?post=40383"}],"curies":[{"name":"wp","href":"https:\/\/api.w.org\/{rel}","templated":true}]}}