{"id":40489,"date":"2025-04-09T09:40:57","date_gmt":"2025-04-09T07:40:57","guid":{"rendered":"https:\/\/www.agroremont.si\/?post_type=product&#038;p=40489"},"modified":"2025-04-09T09:48:53","modified_gmt":"2025-04-09T07:48:53","slug":"podloga-za-kabino-deutz-fahr-agrotron","status":"publish","type":"product","link":"https:\/\/www.agroremont.si\/hr\/domov\/podloga-za-kabino-deutz-fahr-agrotron\/","title":{"rendered":"PODLOGA ZA KABINO | DEUTZ &#8211; FAHR | AGROTRON"},"content":{"rendered":"","protected":false},"excerpt":{"rendered":"<p><strong style=\"color: #99cc00;\">PODLOGA ZA KABINO:<\/strong><\/p>\n<div id=\"tab-description\" class=\"woocommerce-Tabs-panel woocommerce-Tabs-panel--description panel entry-content wc-tab\" role=\"tabpanel\" aria-labelledby=\"tab-title-description\">\n<p>ZNAMKA: DEUTZ \u2013 FAHR<\/p>\n<p>MODEL TRAKTORJA: AGROTRON<\/p>\n<p class=\"\" data-start=\"119\" data-end=\"184\"><span style=\"color: #99cc00;\"><strong data-start=\"119\" data-end=\"184\">Izjemno lahka, trpe\u017ena in pralna podloga za traktorsko kabino<\/strong><\/span><\/p>\n<p class=\"\" data-start=\"186\" data-end=\"456\">Na\u0161a inovativna podloga za traktorsko kabino je zasnovana z mislijo na udobje, funkcionalnost in enostavno uporabo. Izdelana je iz vrhunskih materialov, ki zagotavljajo izjemno lahkost, hkrati pa ohranjajo trpe\u017enost in dolgo \u017eivljenjsko dobo tudi ob vsakodnevni uporabi.<\/p>\n<p class=\"\" data-start=\"458\" data-end=\"480\"><strong data-start=\"458\" data-end=\"480\">Klju\u010dne prednosti:<\/strong><\/p>\n<ul data-start=\"481\" data-end=\"972\">\n<li class=\"\" data-start=\"481\" data-end=\"558\">\n<p class=\"\" data-start=\"483\" data-end=\"558\">\u2705\u00a0<strong data-start=\"485\" data-end=\"502\">Izjemno lahka<\/strong>\u00a0\u2013 omogo\u010da enostavno prena\u0161anje in vgradnjo<\/p>\n<\/li>\n<li class=\"\" data-start=\"559\" data-end=\"653\">\n<p class=\"\" data-start=\"561\" data-end=\"653\">\u2705\u00a0<strong data-start=\"563\" data-end=\"574\">Trpe\u017ena<\/strong>\u00a0\u2013 odporna na obrabo, praske in mehanske po\u0161kodbe, primerna za zahtevne pogoje<\/p>\n<\/li>\n<li class=\"\" data-start=\"654\" data-end=\"744\">\n<p class=\"\" data-start=\"656\" data-end=\"744\">\u2705\u00a0<strong data-start=\"658\" data-end=\"668\">Pralna<\/strong>\u00a0\u2013 enostavno vzdr\u017eevanje z mo\u017enostjo pranja z vodo<\/p>\n<\/li>\n<li class=\"\" data-start=\"745\" data-end=\"850\">\n<p class=\"\" data-start=\"747\" data-end=\"850\">\u2705\u00a0<strong data-start=\"749\" data-end=\"773\">Enostavna namestitev<\/strong>\u00a0\u2013 zaradi fleksibilne zasnove jo lahko hitro in brez te\u017eav vstavite v kabino<\/p>\n<\/li>\n<li class=\"\" data-start=\"851\" data-end=\"972\">\n<p class=\"\" data-start=\"853\" data-end=\"972\">\u2705\u00a0<strong data-start=\"855\" data-end=\"869\">Stabilnost<\/strong>\u00a0\u2013 zahvaljujo\u010d nedrse\u010di spodnji plasti ostane trdno na svojem mestu tudi med vo\u017enjo po neravnem terenu<\/p>\n<\/li>\n<\/ul>\n<p class=\"\" data-start=\"974\" data-end=\"1103\"><span style=\"color: #99cc00;\">Podloga je idealna re\u0161itev za vse, ki \u017eelijo svojo traktorsko kabino ohraniti \u010disto, urejeno in za\u0161\u010diteno!<\/span><\/p>\n<\/div>\n <a href=\"https:\/\/www.agroremont.si\/hr\/domov\/podloga-za-kabino-deutz-fahr-agrotron\/\" class=\"post-details details-type-link\" title=\"Ve\u010d o tem\">ve\u010d o tem<i class=\"dt-icon-the7-arrow-03\" aria-hidden=\"true\"><\/i><\/a>","protected":false},"featured_media":40492,"comment_status":"closed","ping_status":"closed","template":"","meta":[],"product_brand":[],"product_cat":[286],"product_tag":[],"class_list":{"0":"post-40489","1":"product","2":"type-product","3":"status-publish","4":"has-post-thumbnail","6":"product_cat-zalogatraktorjev","7":"description-off","9":"first","10":"instock","11":"taxable","12":"shipping-taxable","13":"purchasable","14":"product-type-simple"},"_links":{"self":[{"href":"https:\/\/www.agroremont.si\/hr\/wp-json\/wp\/v2\/product\/40489","targetHints":{"allow":["GET"]}}],"collection":[{"href":"https:\/\/www.agroremont.si\/hr\/wp-json\/wp\/v2\/product"}],"about":[{"href":"https:\/\/www.agroremont.si\/hr\/wp-json\/wp\/v2\/types\/product"}],"replies":[{"embeddable":true,"href":"https:\/\/www.agroremont.si\/hr\/wp-json\/wp\/v2\/comments?post=40489"}],"wp:featuredmedia":[{"embeddable":true,"href":"https:\/\/www.agroremont.si\/hr\/wp-json\/wp\/v2\/media\/40492"}],"wp:attachment":[{"href":"https:\/\/www.agroremont.si\/hr\/wp-json\/wp\/v2\/media?parent=40489"}],"wp:term":[{"taxonomy":"product_brand","embeddable":true,"href":"https:\/\/www.agroremont.si\/hr\/wp-json\/wp\/v2\/product_brand?post=40489"},{"taxonomy":"product_cat","embeddable":true,"href":"https:\/\/www.agroremont.si\/hr\/wp-json\/wp\/v2\/product_cat?post=40489"},{"taxonomy":"product_tag","embeddable":true,"href":"https:\/\/www.agroremont.si\/hr\/wp-json\/wp\/v2\/product_tag?post=40489"}],"curies":[{"name":"wp","href":"https:\/\/api.w.org\/{rel}","templated":true}]}}