{"id":41009,"date":"2025-10-14T13:23:35","date_gmt":"2025-10-14T11:23:35","guid":{"rendered":"https:\/\/www.agroremont.si\/?post_type=product&#038;p=41009"},"modified":"2026-02-18T12:13:22","modified_gmt":"2026-02-18T11:13:22","slug":"chcnav-nx612-auto-steering-system","status":"publish","type":"product","link":"https:\/\/www.agroremont.si\/hr\/domov\/chcnav-nx612-auto-steering-system\/","title":{"rendered":"CHCNAV NX612 Auto Steering System"},"content":{"rendered":"<div class=\"Y3BBE\" data-sfc-cp=\"\" data-hveid=\"CAIQAA\" data-complete=\"true\" data-processed=\"true\">Sistem za samodejno krmiljenje\u00a0<strong class=\"Yjhzub\" data-complete=\"true\">CHCNAV NX612 Automated Steering System<\/strong>\u00a0ponuja natan\u010dnost\u00a0<strong class=\"Yjhzub\" data-complete=\"true\">\u00b12,5 cm<\/strong>\u00a0z uporabo tehnologije GNSS RTK in satelitskih popravkov SkyTrix, kar zagotavlja zanesljivo delovanje v natan\u010dnem kmetijstvu.<span class=\"uJ19be notranslate\" data-wiz-uids=\"w0QJL_f,w0QJL_g\" data-complete=\"true\"><span class=\"vKEkVd\" data-animation-atomic=\"\" data-wiz-attrbind=\"class=w0QJL_e\/TKHnVd\" data-sae=\"\"><span aria-hidden=\"true\">\u00a0<\/span><\/span><\/span><\/div>\n<div class=\"otQkpb\" role=\"heading\" aria-level=\"3\" data-animation-nesting=\"\" data-sfc-cp=\"\" data-complete=\"true\" data-processed=\"true\" data-sae=\"\">Glavne specifikacije<\/div>\n<div data-sfc-cp=\"\" data-hveid=\"CAQQAA\" data-complete=\"true\" data-processed=\"true\"><\/div>\n<div class=\"Fv6NCb\" data-sfc-cp=\"\" data-ved=\"2ahUKEwiX09Hd3eKSAxU697sIHeBbMuUQ-q4QegQIBRAA\" data-complete=\"true\" data-processed=\"true\">\n<table class=\"NRefec\" data-animation-nesting=\"\" data-sae=\"\">\n<tbody>\n<tr class=\"cZCYO\" data-sfc-cp=\"\" data-complete=\"true\">\n<th class=\"iry6k\" colspan=\"undefined\" data-sfc-cp=\"\" data-complete=\"true\"><strong class=\"Yjhzub\" data-complete=\"true\">Lastnost<\/strong><span class=\"uJ19be notranslate\" data-wiz-uids=\"w0QJL_12,w0QJL_13\" data-complete=\"true\"><span class=\"vKEkVd\" data-animation-atomic=\"\" data-wiz-attrbind=\"class=w0QJL_11\/TKHnVd\" data-sae=\"\"><span aria-hidden=\"true\">\u00a0<\/span><\/span><\/span><\/th>\n<th class=\"iry6k\" colspan=\"undefined\" data-sfc-cp=\"\" data-complete=\"true\"><strong class=\"Yjhzub\" data-complete=\"true\">Specifikacija<\/strong><\/th>\n<\/tr>\n<tr class=\"cZCYO\" data-sfc-cp=\"\" data-complete=\"true\">\n<td class=\"cOeeGf\" colspan=\"undefined\" data-sfc-cp=\"\" data-complete=\"true\"><strong class=\"Yjhzub\" data-complete=\"true\">Natan\u010dnost krmiljenja<\/strong><\/td>\n<td class=\"cOeeGf\" colspan=\"undefined\" data-sfc-cp=\"\" data-complete=\"true\">\u00b12,5 cm (z GNSS RTK in satelitsko korekcijo PointSky\/SkyTrix)<\/td>\n<\/tr>\n<tr class=\"cZCYO\" data-sfc-cp=\"\" data-complete=\"true\">\n<td class=\"cOeeGf\" colspan=\"undefined\" data-sfc-cp=\"\" data-complete=\"true\"><strong class=\"Yjhzub\" data-complete=\"true\">Razpon hitrosti vodenja<\/strong><\/td>\n<td class=\"cOeeGf\" colspan=\"undefined\" data-sfc-cp=\"\" data-complete=\"true\">Od 0,1 do 30 km\/h<\/td>\n<\/tr>\n<tr class=\"cZCYO\" data-sfc-cp=\"\" data-complete=\"true\">\n<td class=\"cOeeGf\" colspan=\"undefined\" data-sfc-cp=\"\" data-complete=\"true\"><strong class=\"Yjhzub\" data-complete=\"true\">Zaslon<\/strong><\/td>\n<td class=\"cOeeGf\" colspan=\"undefined\" data-sfc-cp=\"\" data-complete=\"true\">12,1-pal\u010dni industrijski HD zaslon, ki temelji na operacijskem sistemu Android<\/td>\n<\/tr>\n<tr class=\"cZCYO\" data-sfc-cp=\"\" data-complete=\"true\">\n<td class=\"cOeeGf\" colspan=\"undefined\" data-sfc-cp=\"\" data-complete=\"true\"><strong class=\"Yjhzub\" data-complete=\"true\">GNSS na\u010dini<\/strong><\/td>\n<td class=\"cOeeGf\" colspan=\"undefined\" data-sfc-cp=\"\" data-complete=\"true\">SPP, DGPS, RTK, E-PPP, H-PPP, SkyTrix<\/td>\n<\/tr>\n<tr class=\"cZCYO\" data-sfc-cp=\"\" data-complete=\"true\">\n<td class=\"cOeeGf\" colspan=\"undefined\" data-sfc-cp=\"\" data-complete=\"true\"><strong class=\"Yjhzub\" data-complete=\"true\">Motor krmilnega obro\u010da<\/strong><\/td>\n<td class=\"cOeeGf\" colspan=\"undefined\" data-sfc-cp=\"\" data-complete=\"true\">Kompakten, lahek motor z navorom do 7 N\u00b7m in stopnjo za\u0161\u010dite IP67<\/td>\n<\/tr>\n<tr class=\"cZCYO\" data-sfc-cp=\"\" data-complete=\"true\">\n<td class=\"cOeeGf\" colspan=\"undefined\" data-sfc-cp=\"\" data-complete=\"true\"><strong class=\"Yjhzub\" data-complete=\"true\">Kompatibilnost z vozili<\/strong><\/td>\n<td class=\"cOeeGf\" colspan=\"undefined\" data-sfc-cp=\"\" data-complete=\"true\">\u0160iroka zdru\u017eljivost s kmetijskimi stroji (dvokolesno, \u0161tirikolesno krmiljenje, zgibni in goseni\u010dni stroji, itd.)<\/td>\n<\/tr>\n<tr class=\"cZCYO\" data-sfc-cp=\"\" data-complete=\"true\">\n<td class=\"cOeeGf\" colspan=\"undefined\" data-sfc-cp=\"\" data-complete=\"true\"><strong class=\"Yjhzub\" data-complete=\"true\">Povezljivost (I\/O)<\/strong><\/td>\n<td class=\"cOeeGf\" colspan=\"undefined\" data-sfc-cp=\"\" data-complete=\"true\">CAN, RS232, Wi-Fi (2.4G\/5G), Bluetooth V4.2, mobilna omre\u017eja (LTE-FDD\/TDD, UMTS, GSM)<\/td>\n<\/tr>\n<tr class=\"cZCYO\" data-sfc-cp=\"\" data-complete=\"true\">\n<td class=\"cOeeGf\" colspan=\"undefined\" data-sfc-cp=\"\" data-complete=\"true\"><strong class=\"Yjhzub\" data-complete=\"true\">Kamera<\/strong><\/td>\n<td class=\"cOeeGf\" colspan=\"undefined\" data-sfc-cp=\"\" data-complete=\"true\">Vhod za 1-4 kanale kamere<\/td>\n<\/tr>\n<tr class=\"cZCYO\" data-sfc-cp=\"\" data-complete=\"true\">\n<td class=\"cOeeGf\" colspan=\"undefined\" data-sfc-cp=\"\" data-complete=\"true\"><strong class=\"Yjhzub\" data-complete=\"true\">Napajanje<\/strong><\/td>\n<td class=\"cOeeGf\" colspan=\"undefined\" data-sfc-cp=\"\" data-complete=\"true\">9\u201336 V DC<\/td>\n<\/tr>\n<tr class=\"cZCYO\" data-sfc-cp=\"\" data-complete=\"true\">\n<td class=\"cOeeGf\" colspan=\"undefined\" data-sfc-cp=\"\" data-complete=\"true\"><strong class=\"Yjhzub\" data-complete=\"true\">Odpornost na okolje<\/strong><\/td>\n<td class=\"cOeeGf\" colspan=\"undefined\" data-sfc-cp=\"\" data-complete=\"true\">Stopnja za\u0161\u010dite IP67 za motor in zaslon (prahoodporno in vodoodporno)<\/td>\n<\/tr>\n<\/tbody>\n<\/table>\n<\/div>\n<div class=\"Fsg96\" data-sfc-cp=\"\" data-complete=\"true\" data-processed=\"true\"><\/div>\n<div class=\"otQkpb\" role=\"heading\" aria-level=\"3\" data-animation-nesting=\"\" data-sfc-cp=\"\" data-complete=\"true\" data-processed=\"true\" data-sae=\"\">Funkcionalnosti<\/div>\n<div class=\"otQkpb\" role=\"heading\" aria-level=\"3\" data-animation-nesting=\"\" data-sfc-cp=\"\" data-complete=\"true\" data-processed=\"true\" data-sae=\"\"><strong class=\"Yjhzub\" data-complete=\"true\">Vsestranski vzorci vodenja<\/strong>: Sistem podpira ve\u010d na\u010dinov vodenja, vklju\u010dno z ravnimi (AB line, A+ line), krivuljami, kro\u017enimi krivuljami, nepravilnimi grabljastimi linijami in obra\u010danjem na koncu polja (U-turnX).<\/div>\n<ul class=\"KsbFXc U6u95\" data-complete=\"true\" data-processed=\"true\">\n<li data-hveid=\"CAcQAQ\" data-complete=\"true\" data-sae=\"\"><span class=\"T286Pc\" data-sfc-cp=\"\" data-complete=\"true\"><strong class=\"Yjhzub\" data-complete=\"true\">Zdru\u017eljivost z ISOBUS<\/strong>: Podpira standarde ISOBUS UT\/TC, kar omogo\u010da nadzor in izmenjavo podatkov z razli\u010dnimi priklju\u010dki, kot so sejalnice in \u0161kropilnice.<\/span><\/li>\n<li data-hveid=\"CAcQAg\" data-complete=\"true\" data-sae=\"\"><span class=\"T286Pc\" data-sfc-cp=\"\" data-complete=\"true\"><strong class=\"Yjhzub\" data-complete=\"true\">Programska oprema<\/strong>: Uporablja namensko programsko opremo AgNav 5.0, ki ima intuitiven vmesnik, zasnovan za enostavno upravljanje.<\/span><\/li>\n<li data-hveid=\"CAcQAw\" data-complete=\"true\" data-sae=\"\"><span class=\"T286Pc\" data-sfc-cp=\"\" data-complete=\"true\" aria-owns=\"action-menu-parent-container\"><strong class=\"Yjhzub\" data-complete=\"true\">Satelitske korekcije SkyTrix<\/strong>: Lastni\u0161ka tehnologija CHCNAV zagotavlja hitro konvergenco signala (&lt;5 minut) in stalno natan\u010dnost \u00b12,5 cm tudi na obmo\u010djih brez dostopa do omre\u017eja RTK.<\/span><\/li>\n<\/ul>\n","protected":false},"excerpt":{"rendered":"<p>Sistem za samodejno krmiljenje\u00a0CHCNAV NX612 Automated Steering System\u00a0ponuja natan\u010dnost\u00a0\u00b12,5 cm\u00a0z uporabo tehnologije GNSS RTK in satelitskih popravkov SkyTrix, kar zagotavlja zanesljivo delovanje v natan\u010dnem kmetijstvu.\u00a0 Glavne specifikacije Lastnost\u00a0 Specifikacija Natan\u010dnost krmiljenja \u00b12,5 cm (z GNSS RTK in satelitsko korekcijo PointSky\/SkyTrix) Razpon hitrosti vodenja Od 0,1 do 30 km\/h Zaslon 12,1-pal\u010dni industrijski HD zaslon, ki temelji&hellip;<\/p>\n <a href=\"https:\/\/www.agroremont.si\/hr\/domov\/chcnav-nx612-auto-steering-system\/\" class=\"post-details details-type-link\" title=\"Ve\u010d o tem\">ve\u010d o tem<i class=\"dt-icon-the7-arrow-03\" aria-hidden=\"true\"><\/i><\/a>","protected":false},"featured_media":41011,"comment_status":"closed","ping_status":"closed","template":"","meta":[],"product_brand":[],"product_cat":[221],"product_tag":[],"class_list":{"0":"post-41009","1":"product","2":"type-product","3":"status-publish","4":"has-post-thumbnail","6":"product_cat-traktorske-navigacije-smart-farming","7":"description-off","9":"first","10":"instock","11":"sale","12":"taxable","13":"shipping-taxable","14":"purchasable","15":"product-type-simple"},"_links":{"self":[{"href":"https:\/\/www.agroremont.si\/hr\/wp-json\/wp\/v2\/product\/41009","targetHints":{"allow":["GET"]}}],"collection":[{"href":"https:\/\/www.agroremont.si\/hr\/wp-json\/wp\/v2\/product"}],"about":[{"href":"https:\/\/www.agroremont.si\/hr\/wp-json\/wp\/v2\/types\/product"}],"replies":[{"embeddable":true,"href":"https:\/\/www.agroremont.si\/hr\/wp-json\/wp\/v2\/comments?post=41009"}],"wp:featuredmedia":[{"embeddable":true,"href":"https:\/\/www.agroremont.si\/hr\/wp-json\/wp\/v2\/media\/41011"}],"wp:attachment":[{"href":"https:\/\/www.agroremont.si\/hr\/wp-json\/wp\/v2\/media?parent=41009"}],"wp:term":[{"taxonomy":"product_brand","embeddable":true,"href":"https:\/\/www.agroremont.si\/hr\/wp-json\/wp\/v2\/product_brand?post=41009"},{"taxonomy":"product_cat","embeddable":true,"href":"https:\/\/www.agroremont.si\/hr\/wp-json\/wp\/v2\/product_cat?post=41009"},{"taxonomy":"product_tag","embeddable":true,"href":"https:\/\/www.agroremont.si\/hr\/wp-json\/wp\/v2\/product_tag?post=41009"}],"curies":[{"name":"wp","href":"https:\/\/api.w.org\/{rel}","templated":true}]}}