{"id":41013,"date":"2025-10-14T13:28:40","date_gmt":"2025-10-14T11:28:40","guid":{"rendered":"https:\/\/www.agroremont.si\/?post_type=product&#038;p=41013"},"modified":"2025-10-14T13:29:25","modified_gmt":"2025-10-14T11:29:25","slug":"chcnav-nx612-steerready-canbus","status":"publish","type":"product","link":"https:\/\/www.agroremont.si\/hr\/domov\/chcnav-nx612-steerready-canbus\/","title":{"rendered":"CHCNAV NX612 SteerReady (CANBUS)"},"content":{"rendered":"<p>CHCNAV NX612 Steer Ready je najnovej\u0161a generacija avtomatiziranih krmilnih sistemov, zasnovanih za precizno kmetijstvo. Zahvaljujo\u010d lastni\u0161ki tehnologiji CHC-PPP zagotavlja izjemno natan\u010dnost \u00b12,5 cm tudi na obmo\u010djih brez omre\u017ene povezave. Ta zanesljivost omogo\u010da natan\u010den nadzor v vseh pogojih, bodisi med setvijo, \u0161kropljenjem ali drugimi kmetijskimi deli. Sistem je opremljen s tankim in lahkim volanskim pogonskim motorjem, ki optimizira prostor v kabini in pove\u010duje udobje upravljavca. Poleg tega ima 12,1-pal\u010dni industrijski zaslon na dotik visoke lo\u010dljivosti velike ikone, ki zagotavljajo intuitiven vmesnik in olaj\u0161ajo upravljanje.<\/p>\n","protected":false},"excerpt":{"rendered":"<p>CHCNAV NX612 Steer Ready je najnovej\u0161a generacija avtomatiziranih krmilnih sistemov, zasnovanih za precizno kmetijstvo. Zahvaljujo\u010d lastni\u0161ki tehnologiji CHC-PPP zagotavlja izjemno natan\u010dnost \u00b12,5 cm tudi na obmo\u010djih brez omre\u017ene povezave. Ta zanesljivost omogo\u010da natan\u010den nadzor v vseh pogojih, bodisi med setvijo, \u0161kropljenjem ali drugimi kmetijskimi deli. Sistem je opremljen s tankim in lahkim volanskim pogonskim motorjem,&hellip;<\/p>\n <a href=\"https:\/\/www.agroremont.si\/hr\/domov\/chcnav-nx612-steerready-canbus\/\" class=\"post-details details-type-link\" title=\"Ve\u010d o tem\">ve\u010d o tem<i class=\"dt-icon-the7-arrow-03\" aria-hidden=\"true\"><\/i><\/a>","protected":false},"featured_media":41010,"comment_status":"closed","ping_status":"closed","template":"","meta":[],"product_brand":[],"product_cat":[221],"product_tag":[],"class_list":{"0":"post-41013","1":"product","2":"type-product","3":"status-publish","4":"has-post-thumbnail","6":"product_cat-traktorske-navigacije-smart-farming","7":"description-off","9":"first","10":"instock","11":"taxable","12":"shipping-taxable","13":"purchasable","14":"product-type-simple"},"_links":{"self":[{"href":"https:\/\/www.agroremont.si\/hr\/wp-json\/wp\/v2\/product\/41013","targetHints":{"allow":["GET"]}}],"collection":[{"href":"https:\/\/www.agroremont.si\/hr\/wp-json\/wp\/v2\/product"}],"about":[{"href":"https:\/\/www.agroremont.si\/hr\/wp-json\/wp\/v2\/types\/product"}],"replies":[{"embeddable":true,"href":"https:\/\/www.agroremont.si\/hr\/wp-json\/wp\/v2\/comments?post=41013"}],"wp:featuredmedia":[{"embeddable":true,"href":"https:\/\/www.agroremont.si\/hr\/wp-json\/wp\/v2\/media\/41010"}],"wp:attachment":[{"href":"https:\/\/www.agroremont.si\/hr\/wp-json\/wp\/v2\/media?parent=41013"}],"wp:term":[{"taxonomy":"product_brand","embeddable":true,"href":"https:\/\/www.agroremont.si\/hr\/wp-json\/wp\/v2\/product_brand?post=41013"},{"taxonomy":"product_cat","embeddable":true,"href":"https:\/\/www.agroremont.si\/hr\/wp-json\/wp\/v2\/product_cat?post=41013"},{"taxonomy":"product_tag","embeddable":true,"href":"https:\/\/www.agroremont.si\/hr\/wp-json\/wp\/v2\/product_tag?post=41013"}],"curies":[{"name":"wp","href":"https:\/\/api.w.org\/{rel}","templated":true}]}}