{"id":41014,"date":"2025-10-14T13:31:54","date_gmt":"2025-10-14T11:31:54","guid":{"rendered":"https:\/\/www.agroremont.si\/?post_type=product&#038;p=41014"},"modified":"2025-10-16T08:23:35","modified_gmt":"2025-10-16T06:23:35","slug":"avtomatski-krmilnik-skropljenja-chcnav-sprayx100","status":"publish","type":"product","link":"https:\/\/www.agroremont.si\/hr\/domov\/avtomatski-krmilnik-skropljenja-chcnav-sprayx100\/","title":{"rendered":"Avtomatski krmilnik \u0161kropljenja CHCNAV SprayX100"},"content":{"rendered":"<ul>\n<li><span dir=\"auto\">Samodejni nadzor pr\u0161enja z natan\u010dnostjo \u00b13 %<\/span><\/li>\n<li><span dir=\"auto\">Mo\u017enost integracije s sistemi za samodejno krmiljenje (NX612, NX510, X10, Guide10).<\/span><\/li>\n<li><span dir=\"auto\">Inteligentno krmiljenje sekcij za u\u010dinkovito delovanje ogrodja.<\/span><\/li>\n<li><span dir=\"auto\">Prepre\u010duje prekrivanje in preskakovanje \u0161kropljenja. \u2013 Samodejni vklop\/izklop sekcij.<\/span><\/li>\n<li><span dir=\"auto\">Prihranek pri \u0161kropilnih kemikalijah in gorivu. \u2013 Zmanj\u0161anje nepotrebnega \u0161kropljenja.<\/span><\/li>\n<li><span dir=\"auto\">Natan\u010dno nadzorovano doziranje glede na hitrost stroja. \u2013 Nadzor koli\u010dine \u0161kropljenja v realnem \u010dasu.<\/span><\/li>\n<li><span dir=\"auto\">Samodejno ustavljanje in ponovni zagon \u0161kropljenja glede na gibanje vozila.<\/span><\/li>\n<li><span dir=\"auto\">Zdru\u017eljivost z GNSS za visoko natan\u010dno navigacijo.<\/span><\/li>\n<li><span dir=\"auto\">Hitrost \u0161kropljenja do 30 km\/h. \u2013 Idealno za visokozmogljive operacije.<\/span><\/li>\n<li><span dir=\"auto\">Robustna zasnova z za\u0161\u010dito IP67. \u2013 Odpornost na prah in vodo za zanesljivo delovanje.<\/span><\/li>\n<li><span dir=\"auto\">Podpira do 13 sekcijskih regulacijskih ventilov. \u2013 Prilagodljivost za razli\u010dne konfiguracije \u0161kropilnic.<\/span><\/li>\n<li><span dir=\"auto\">10,1-pal\u010dni barvni zaslon na dotik. \u2013 Intuitivno upravljanje in enostavna nastavitev.<\/span><\/li>\n<li><span dir=\"auto\">Prenesite podatke prek USB-ja ali omre\u017ene povezave (2G\/3G\/4G).<\/span><\/li>\n<li><span dir=\"auto\">Oddaljena diagnostika in posodobitve programske opreme.<\/span><\/li>\n<li><span dir=\"auto\">Nizki obratovalni stro\u0161ki in hitra povrnitev.<\/span><\/li>\n<li><span dir=\"auto\">Zdru\u017eljivost z ISOBUS za enostavno integracijo z drugimi kmetijskimi stroji.<\/span><\/li>\n<\/ul>\n","protected":false},"excerpt":{"rendered":"<p>Samodejni nadzor pr\u0161enja z natan\u010dnostjo \u00b13 % Mo\u017enost integracije s sistemi za samodejno krmiljenje (NX612, NX510, X10, Guide10). Inteligentno krmiljenje sekcij za u\u010dinkovito delovanje ogrodja. Prepre\u010duje prekrivanje in preskakovanje \u0161kropljenja. \u2013 Samodejni vklop\/izklop sekcij. Prihranek pri \u0161kropilnih kemikalijah in gorivu. \u2013 Zmanj\u0161anje nepotrebnega \u0161kropljenja. Natan\u010dno nadzorovano doziranje glede na hitrost stroja. \u2013 Nadzor koli\u010dine \u0161kropljenja&hellip;<\/p>\n <a href=\"https:\/\/www.agroremont.si\/hr\/domov\/avtomatski-krmilnik-skropljenja-chcnav-sprayx100\/\" class=\"post-details details-type-link\" title=\"Ve\u010d o tem\">ve\u010d o tem<i class=\"dt-icon-the7-arrow-03\" aria-hidden=\"true\"><\/i><\/a>","protected":false},"featured_media":41012,"comment_status":"closed","ping_status":"closed","template":"","meta":[],"product_brand":[],"product_cat":[221],"product_tag":[],"class_list":{"0":"post-41014","1":"product","2":"type-product","3":"status-publish","4":"has-post-thumbnail","6":"product_cat-traktorske-navigacije-smart-farming","7":"description-off","9":"first","10":"instock","11":"taxable","12":"shipping-taxable","13":"purchasable","14":"product-type-simple"},"_links":{"self":[{"href":"https:\/\/www.agroremont.si\/hr\/wp-json\/wp\/v2\/product\/41014","targetHints":{"allow":["GET"]}}],"collection":[{"href":"https:\/\/www.agroremont.si\/hr\/wp-json\/wp\/v2\/product"}],"about":[{"href":"https:\/\/www.agroremont.si\/hr\/wp-json\/wp\/v2\/types\/product"}],"replies":[{"embeddable":true,"href":"https:\/\/www.agroremont.si\/hr\/wp-json\/wp\/v2\/comments?post=41014"}],"wp:featuredmedia":[{"embeddable":true,"href":"https:\/\/www.agroremont.si\/hr\/wp-json\/wp\/v2\/media\/41012"}],"wp:attachment":[{"href":"https:\/\/www.agroremont.si\/hr\/wp-json\/wp\/v2\/media?parent=41014"}],"wp:term":[{"taxonomy":"product_brand","embeddable":true,"href":"https:\/\/www.agroremont.si\/hr\/wp-json\/wp\/v2\/product_brand?post=41014"},{"taxonomy":"product_cat","embeddable":true,"href":"https:\/\/www.agroremont.si\/hr\/wp-json\/wp\/v2\/product_cat?post=41014"},{"taxonomy":"product_tag","embeddable":true,"href":"https:\/\/www.agroremont.si\/hr\/wp-json\/wp\/v2\/product_tag?post=41014"}],"curies":[{"name":"wp","href":"https:\/\/api.w.org\/{rel}","templated":true}]}}