{"id":41015,"date":"2025-10-14T13:50:12","date_gmt":"2025-10-14T11:50:12","guid":{"rendered":"https:\/\/www.agroremont.si\/?post_type=product&#038;p=41015"},"modified":"2025-10-16T08:20:51","modified_gmt":"2025-10-16T06:20:51","slug":"samodejno-krmiljenje-chcnav-nx510","status":"publish","type":"product","link":"https:\/\/www.agroremont.si\/hr\/domov\/samodejno-krmiljenje-chcnav-nx510\/","title":{"rendered":"Avtomatsko krmiljenje CHCNAV NX510 HIDRAVLI\u010cNI VENTIL"},"content":{"rendered":"<p>&nbsp;<\/p>\n<pre id=\"tw-target-text\" class=\"tw-data-text tw-text-large tw-ta\" dir=\"ltr\" tabindex=\"-1\" role=\"text\" data-placeholder=\"Prevod\" data-ved=\"2ahUKEwiSlc_J2KOQAxWvh_0HHawEDm0Q3ewLegQIChAV\" aria-label=\"Prevedeno besedilo: Hidravli\u010dni avtomatizirani krmilni sistem NX510 ponuja brezhibno integracijo s traktorjem brez zamenjave volana. Njegov kompaktni hidravli\u010dni modul zagotavlja stabilen in natan\u010den nadzor, tudi na neravnem terenu. Z kompenzacijo terena GNSS+INS in vgrajeno povezljivostjo zagotavlja centimetrsko natan\u010dnost, kar je idealno za traktorje z veliko konjsko mo\u010djo in precizno kmetijstvo.\"><span class=\"Y2IQFc\" lang=\"sl\">Hidravli\u010dni avtomatizirani krmilni sistem NX510 ponuja brezhibno integracijo s traktorjem brez zamenjave volana. Njegov kompaktni hidravli\u010dni modul zagotavlja stabilen in natan\u010den nadzor, tudi na neravnem terenu. Z kompenzacijo terena GNSS+INS in vgrajeno povezljivostjo zagotavlja centimetrsko natan\u010dnost, kar je idealno za traktorje z veliko konjsko mo\u010djo in precizno kmetijstvo.<\/span><\/pre>\n<p>&nbsp;<\/p>\n<ul>\n<li><span dir=\"auto\">Samodejno krmiljenje z natan\u010dnostjo \u00b12,5 cm.<\/span><\/li>\n<li><span dir=\"auto\">Samodejno obra\u010danje na ozari za ve\u010djo u\u010dinkovitost.<\/span><\/li>\n<li><span dir=\"auto\">Visoka natan\u010dnost na nagnjenem terenu zaradi kompenzacije nagiba GNSS+INS.<\/span><\/li>\n<li><span dir=\"auto\">Univerzalna zdru\u017eljivost \u2013 primerna za nova in stara kmetijska vozila.<\/span><\/li>\n<li><span dir=\"auto\">Podpora za vse satelitske sisteme GNSS (GPS, GLONASS, Galileo, Beidou, QZSS) za stabilno navigacijo.<\/span><\/li>\n<li><span dir=\"auto\">Podpora za korekcijske signale GNSS \u2013 RTK, RTX\u2122 in L-band, zanesljivo delovanje tudi brez omre\u017eja RTK.<\/span><\/li>\n<li><span dir=\"auto\">10,1-pal\u010dni (25,7 cm) barvni zaslon na dotik z lo\u010dljivostjo 1280 x 720 slikovnih pik.<\/span><\/li>\n<li><span dir=\"auto\">Hiter odziv sistema in intuitivno upravljanje prek programske opreme AgNav.<\/span><\/li>\n<li><span dir=\"auto\">Podpira ve\u010d na\u010dinov navigacije \u2013 linija AB, linija A+, kro\u017ena linija, nepravilna krivulja, obra\u010danje na ozkem robu.<\/span><\/li>\n<li><span dir=\"auto\">Natan\u010den izra\u010dun hektarjev za u\u010dinkovito upravljanje kmetijskih dejavnosti.<\/span><\/li>\n<li><span dir=\"auto\">Hitra povrnitev nalo\u017ebe, \u017ee po 60 hektarjih.<\/span><\/li>\n<li><span dir=\"auto\">Prenos podatkov prek USB-ja ali omre\u017eja 4G.<\/span><\/li>\n<li><span dir=\"auto\">Prihranite \u010das, materiale in gorivo zaradi natan\u010dne navigacije.<\/span><\/li>\n<li><span dir=\"auto\">Nizki letni obratovalni stro\u0161ki (~100 \u20ac).<\/span><\/li>\n<li><span dir=\"auto\">Zdru\u017eljivost z ISOBUS za enostavno integracijo z drugimi kmetijskimi stroji.<\/span><\/li>\n<li><span dir=\"auto\">Mo\u017enost pla\u010dila na obroke.<\/span><\/li>\n<li><span dir=\"auto\">Shranite ve\u010d poti in konfiguracij strojev za poenostavitev ponavljajo\u010dih se operacij.<\/span><\/li>\n<li><span dir=\"auto\">Manj\u0161i in ergonomski elektri\u010dni volan za bolj gladko upravljanje in ve\u010dje udobje.<\/span><\/li>\n<li><span dir=\"auto\">Oddaljena diagnostika in posodobitve programske opreme.<\/span><\/li>\n<li><span dir=\"auto\">Trpe\u017ena zasnova, odporna proti prahu in vodi (IP65).<\/span><\/li>\n<\/ul>\n","protected":false},"excerpt":{"rendered":"<p>&nbsp; Hidravli\u010dni avtomatizirani krmilni sistem NX510 ponuja brezhibno integracijo s traktorjem brez zamenjave volana. Njegov kompaktni hidravli\u010dni modul zagotavlja stabilen in natan\u010den nadzor, tudi na neravnem terenu. Z kompenzacijo terena GNSS+INS in vgrajeno povezljivostjo zagotavlja centimetrsko natan\u010dnost, kar je idealno za traktorje z veliko konjsko mo\u010djo in precizno kmetijstvo. &nbsp; Samodejno krmiljenje z natan\u010dnostjo \u00b12,5&hellip;<\/p>\n <a href=\"https:\/\/www.agroremont.si\/hr\/domov\/samodejno-krmiljenje-chcnav-nx510\/\" class=\"post-details details-type-link\" title=\"Ve\u010d o tem\">ve\u010d o tem<i class=\"dt-icon-the7-arrow-03\" aria-hidden=\"true\"><\/i><\/a>","protected":false},"featured_media":41017,"comment_status":"closed","ping_status":"closed","template":"","meta":[],"product_brand":[],"product_cat":[221],"product_tag":[],"class_list":{"0":"post-41015","1":"product","2":"type-product","3":"status-publish","4":"has-post-thumbnail","6":"product_cat-traktorske-navigacije-smart-farming","7":"description-off","9":"first","10":"instock","11":"taxable","12":"shipping-taxable","13":"purchasable","14":"product-type-simple"},"_links":{"self":[{"href":"https:\/\/www.agroremont.si\/hr\/wp-json\/wp\/v2\/product\/41015","targetHints":{"allow":["GET"]}}],"collection":[{"href":"https:\/\/www.agroremont.si\/hr\/wp-json\/wp\/v2\/product"}],"about":[{"href":"https:\/\/www.agroremont.si\/hr\/wp-json\/wp\/v2\/types\/product"}],"replies":[{"embeddable":true,"href":"https:\/\/www.agroremont.si\/hr\/wp-json\/wp\/v2\/comments?post=41015"}],"wp:featuredmedia":[{"embeddable":true,"href":"https:\/\/www.agroremont.si\/hr\/wp-json\/wp\/v2\/media\/41017"}],"wp:attachment":[{"href":"https:\/\/www.agroremont.si\/hr\/wp-json\/wp\/v2\/media?parent=41015"}],"wp:term":[{"taxonomy":"product_brand","embeddable":true,"href":"https:\/\/www.agroremont.si\/hr\/wp-json\/wp\/v2\/product_brand?post=41015"},{"taxonomy":"product_cat","embeddable":true,"href":"https:\/\/www.agroremont.si\/hr\/wp-json\/wp\/v2\/product_cat?post=41015"},{"taxonomy":"product_tag","embeddable":true,"href":"https:\/\/www.agroremont.si\/hr\/wp-json\/wp\/v2\/product_tag?post=41015"}],"curies":[{"name":"wp","href":"https:\/\/api.w.org\/{rel}","templated":true}]}}