{"id":41124,"date":"2026-01-13T08:45:46","date_gmt":"2026-01-13T07:45:46","guid":{"rendered":"https:\/\/www.agroremont.si\/?post_type=product&#038;p=41124"},"modified":"2026-01-19T13:28:30","modified_gmt":"2026-01-19T12:28:30","slug":"deutz-fahr-6230-agrotron-ttv","status":"publish","type":"product","link":"https:\/\/www.agroremont.si\/hr\/domov\/deutz-fahr-6230-agrotron-ttv\/","title":{"rendered":"DEUTZ &#8211; FAHR 6230 Agrotron TTV"},"content":{"rendered":"<p>motor DEUTZ TCD 6.1 L06 4V<br \/>\nDCR (Deutz Common Rail)<br \/>\n6-valjni,<br \/>\ndelovna prostornina 6057 ccm<br \/>\nSCR, EGR, DPF<br \/>\nnazivna mo\u010d 165.1 kW \/ 225 KS<br \/>\nmaksimalna mo\u010d 169.1 kW \/ 230 KS<\/p>\n<p>&#8211; Viscostatic &#8220;eVisco&#8221; ventilator<br \/>\n&#8211; TTV menjalnik T7540<br \/>\n&#8211; hidrostati\u010dno krmiljenje z neodvisno \u010drpalko<br \/>\n&#8211; EPB (elektronska parkirna zavora)<br \/>\n&#8211; akumulator 12V-180Ah-1200A(EN)<br \/>\n&#8211; kapaciteta rezervoarja goriva 420 l<br \/>\n&#8211; kapaciteta rezervoarja AdBlue 29 l<br \/>\n&#8211; hitre &#8220;push-pull&#8221; spojke z rezervoarjem<br \/>\nza rekuperacijo olja<br \/>\n&#8211; 4 hidr. tokokrogi<br \/>\n1. in 2. par preko joystick-a<br \/>\n3. in 4. par preko tipk<br \/>\n&#8211; slider okvir priklopa, dolgi<br \/>\n&#8211; kapaciteta dviga zadaj 9200 kg<br \/>\n&#8211; elektronska hidravlika<br \/>\nANTIDAMPING in AUTO PTO funkcija<br \/>\n&#8211; hitro-vpenjalne kljuke<br \/>\n&#8211; sede\u017e za sopotnika<br \/>\n&#8211; brisalec zadnjega stekla<br \/>\n&#8211; MaxiVisionPro kabina<br \/>\nnastavljiv volanski drog<br \/>\npredpriprava za radio<br \/>\ngretje, ventilacija<br \/>\nhlajen\/ogrevan predal za pija\u010do<br \/>\nWOLP centrala za upravljanje osvetlitve<br \/>\ntonirana stekla<br \/>\n&#8211; InfoCentrePro z 5&#8243; barvnim zaslonom<br \/>\n&#8211; CTM 4G kom. modul za telemetrijo<br \/>\n&#8211; mehansko vzmetena kabina<br \/>\n&#8211; gibljivi spredni blatniki<br \/>\n&#8211; fiksna plati\u0161\u010da<br \/>\n&#8211; &#8220;Sense Clutch&#8221; nastavljiva odzivnost inverterja<\/p>\n<p>&#8211; avtomatska klimatska naprava<br \/>\n&#8211; delovne LED lu\u010di 4 naprej + 6 nazaj<br \/>\n&#8211; stre\u0161no okno<br \/>\n&#8211; BLACK Warrior barva<br \/>\n&#8211; SR20 BASIC: GNSS sprejemnik RTK signala<br \/>\nGalileo\/GPS\/Glonass<br \/>\n&#8211; &#8220;Easy Steer&#8221; krmiljenje<br \/>\n&#8211; menjalnik CVT TTV<br \/>\n3 na\u010dini: MANUAL\/AUTO\/PTO<br \/>\n&#8211; kardanska gred 540\/540E\/1000<br \/>\n&#8211; pnevmatike zadaj VF 710\/60 R42<br \/>\n&#8211; pnevmatike spredaj VF 600\/60 R30<br \/>\n&#8211; izbrana znamka pnevmatik: BKT<br \/>\n&#8211; podalj\u0161ki zadnjih blatnikov<br \/>\n&#8211; avtomatski, hitri &#8220;CEE&#8221; priklop d38\/52 mm<br \/>\n+ d.80 krogla<br \/>\n&#8211; hidravli\u010dni stabilizatorji, s samodejnim zaklepom<br \/>\n&#8211; \u010delni kardan 1000 obr\/min<br \/>\n&#8211; hidravli\u010dna poteznica zadaj<br \/>\n&#8211; poteznica kat. II spredaj<br \/>\n&#8211; el.-hidr. ventil za upravljanje \u010delne hidravlike<br \/>\n&#8211; \u010delna hidravlika kapacitete 5450 kg<br \/>\n&#8211; POWER BEYOND priklju\u010dek<br \/>\n&#8211; ComfortPack<br \/>\n1 hidr. tokokrog naprej<br \/>\n&#8211; &#8220;Load Sensing&#8221; \u010drpalka 160 l\/min<br \/>\n&#8211; WARRIOR full LED oprema<br \/>\n&#8211; priklju\u010dek za stisnjen zrak<br \/>\n&#8211; zavora motorja<br \/>\n&#8211; izpuh ob stebru kabine z dodatno<br \/>\nza\u0161\u010ditno plo\u0161\u010do iz nerjavnega jekla<br \/>\n&#8211; MMI tipkovnica<br \/>\n&#8211; zun. upravljanje hidravlike, kardana<br \/>\nin enega para hidr. priklju\u010dkov<br \/>\n&#8211; set opozorilnih tabel za izredno \u0161irino 2,75 m<br \/>\n&#8211; zaboj za orodje na desni strani<br \/>\ndodatni zaboj za orodje na levi strani<br \/>\n(cev za stisnjen zrak + pi\u0161tola za izpihovanje)<br \/>\n&#8211; 60 km\/h<br \/>\n&#8211; XLarge Vision ogledala<br \/>\nelektri\u010dno nastavljiva, ogrevana<br \/>\nteleskopska<br \/>\n&#8211; sede\u017e Max-Dynamic Evo DDS-XXL<br \/>\nzra\u010dno vzmeten<br \/>\nDynamic Damping System<br \/>\nsamodejno prilagajanje obremenitvi<br \/>\naktivni klimatski sistem<br \/>\nnihaj levo 8\u00b0, nihaj desno 15\u00b0<br \/>\n&#8211; DAB+ radio<br \/>\nBluetooth\/USB\/AUXin\/mikrofon<br \/>\nAM\/FM\/mp3\/WMA<br \/>\n&#8211; 2-kro\u017ene zra\u010dne zavore<br \/>\n&#8211; vzmetena sprednja prema<br \/>\nz zavorami (suhi diski)<br \/>\nASM sistem<br \/>\n&#8211; Full LED vozne lu\u010di (smerokaz, pozicija, stop)<br \/>\n&#8211; LED rotacijska lu\u010d<br \/>\n&#8211; 2 dodatni delovni LED lu\u010di na kabini zadaj<br \/>\n&#8211; 2 dodatni delovni LED lu\u010di na kabini spredaj<br \/>\n&#8211; delovne LED lu\u010di v pokrovu motorja<br \/>\n&#8211; pasovne LED lu\u010di<br \/>\n&#8211; ISOBUS priklju\u010dek zadaj<br \/>\n&#8211; iMonitor Gen3 z 12&#8243; zaslonom<br \/>\nComforTip in ISOBUS funkcije<br \/>\nTC-SC do 255 sekcij<br \/>\nTC-BAS za ISO-XML prenos podatkov<br \/>\nTC-GEO, AUX-N<\/p>\n","protected":false},"excerpt":{"rendered":"<p>motor DEUTZ TCD 6.1 L06 4V DCR (Deutz Common Rail) 6-valjni, delovna prostornina 6057 ccm SCR, EGR, DPF nazivna mo\u010d 165.1 kW \/ 225 KS maksimalna mo\u010d 169.1 kW \/ 230 KS &#8211; Viscostatic &#8220;eVisco&#8221; ventilator &#8211; TTV menjalnik T7540 &#8211; hidrostati\u010dno krmiljenje z neodvisno \u010drpalko &#8211; EPB (elektronska parkirna zavora) &#8211; akumulator 12V-180Ah-1200A(EN) &#8211;&hellip;<\/p>\n <a href=\"https:\/\/www.agroremont.si\/hr\/domov\/deutz-fahr-6230-agrotron-ttv\/\" class=\"post-details details-type-link\" title=\"Ve\u010d o tem\">ve\u010d o tem<i class=\"dt-icon-the7-arrow-03\" aria-hidden=\"true\"><\/i><\/a>","protected":false},"featured_media":41126,"comment_status":"closed","ping_status":"closed","template":"","meta":[],"product_brand":[],"product_cat":[286],"product_tag":[],"class_list":{"0":"post-41124","1":"product","2":"type-product","3":"status-publish","4":"has-post-thumbnail","6":"product_cat-zalogatraktorjev","7":"description-off","9":"first","10":"instock","11":"taxable","12":"shipping-taxable","13":"purchasable","14":"product-type-simple"},"_links":{"self":[{"href":"https:\/\/www.agroremont.si\/hr\/wp-json\/wp\/v2\/product\/41124","targetHints":{"allow":["GET"]}}],"collection":[{"href":"https:\/\/www.agroremont.si\/hr\/wp-json\/wp\/v2\/product"}],"about":[{"href":"https:\/\/www.agroremont.si\/hr\/wp-json\/wp\/v2\/types\/product"}],"replies":[{"embeddable":true,"href":"https:\/\/www.agroremont.si\/hr\/wp-json\/wp\/v2\/comments?post=41124"}],"wp:featuredmedia":[{"embeddable":true,"href":"https:\/\/www.agroremont.si\/hr\/wp-json\/wp\/v2\/media\/41126"}],"wp:attachment":[{"href":"https:\/\/www.agroremont.si\/hr\/wp-json\/wp\/v2\/media?parent=41124"}],"wp:term":[{"taxonomy":"product_brand","embeddable":true,"href":"https:\/\/www.agroremont.si\/hr\/wp-json\/wp\/v2\/product_brand?post=41124"},{"taxonomy":"product_cat","embeddable":true,"href":"https:\/\/www.agroremont.si\/hr\/wp-json\/wp\/v2\/product_cat?post=41124"},{"taxonomy":"product_tag","embeddable":true,"href":"https:\/\/www.agroremont.si\/hr\/wp-json\/wp\/v2\/product_tag?post=41124"}],"curies":[{"name":"wp","href":"https:\/\/api.w.org\/{rel}","templated":true}]}}