{"id":41131,"date":"2026-01-13T09:11:34","date_gmt":"2026-01-13T08:11:34","guid":{"rendered":"https:\/\/www.agroremont.si\/?post_type=product&#038;p=41131"},"modified":"2026-01-13T09:11:34","modified_gmt":"2026-01-13T08:11:34","slug":"zoomlion-bager-ze20g","status":"publish","type":"product","link":"https:\/\/www.agroremont.si\/hr\/domov\/zoomlion-bager-ze20g\/","title":{"rendered":"ZOOMLION bager ZE20G"},"content":{"rendered":"<p>Te\u017ea bagerja 2t<\/p>\n<p>Motor:<br \/>\n&#8211; kubota<br \/>\n&#8211; prostornina: 1123 cc<br \/>\n&#8211; 3-valjni, EURO 5<br \/>\n&#8211; mo\u010d 15,4 kW \/ 20.9 KM<br \/>\n&#8211; rezervoar goriva 25 l<\/p>\n<p>Pogon: Lo\u010den<br \/>\n&#8211; hitrost v polovi\u010dki 2,2 km\/h<br \/>\n&#8211; hitrost brez polovi\u010dke 4,2 km\/h<br \/>\n&#8211; 2 hitrosti premika<\/p>\n<p>Hidravlika<br \/>\n&#8211; batna in eno-zobni\u0161ka \u010drpalka<br \/>\n&#8211; pretok hidr.\u010drp. LoadSensing 62,5 l\/min<br \/>\n&#8211; AUX 1<br \/>\n&#8211; AUX 2<br \/>\n&#8211; AUX 5 &#8211; Hidravli\u010dno hitro vpetje<br \/>\n&#8211; raz\u0161irljivo podvozje<br \/>\n&#8211; maks. globina izkopa 2555 mm<br \/>\n&#8211; maks. vi\u0161ina roke 3660 mm<br \/>\n&#8211; maks. iztegnjena roka 4130 mm<br \/>\n&#8211; sila izkopa 18000 Nm<\/p>\n<p>Zaprta kabina<br \/>\n&#8211; varnostni pas<br \/>\n&#8211; hupa<br \/>\n&#8211; krmilni palici (joystick)<br \/>\n&#8211; kontrolna plo\u0161\u010da<br \/>\n&#8211; klima\/gretje in ventilacija<br \/>\n&#8211; radio<br \/>\n&#8211; Led 2x na kabini 1x na roki lu\u010di<br \/>\n&#8211; zrcala na kabini<\/p>\n<p>Zajemalke:<br \/>\nhidravli\u010dna hitra menjava<br \/>\n30cm<br \/>\n60cm<br \/>\n100cm planirna hidravli\u010dno nagibna<\/p>\n<p>Dimenzije:<br \/>\n&#8211; \u0161irina 980 &#8211; 1300 mm<br \/>\n&#8211; vi\u0161ina 2310 mm<br \/>\n&#8211; dol\u017eina 3885 mm<br \/>\n&#8211; \u0161irina gumi gosenic 230 mm<br \/>\n&#8211; te\u017ea 1970 kg (brez zajemalke)<\/p>\n","protected":false},"excerpt":{"rendered":"<p>Te\u017ea bagerja 2t Motor: &#8211; kubota &#8211; prostornina: 1123 cc &#8211; 3-valjni, EURO 5 &#8211; mo\u010d 15,4 kW \/ 20.9 KM &#8211; rezervoar goriva 25 l Pogon: Lo\u010den &#8211; hitrost v polovi\u010dki 2,2 km\/h &#8211; hitrost brez polovi\u010dke 4,2 km\/h &#8211; 2 hitrosti premika Hidravlika &#8211; batna in eno-zobni\u0161ka \u010drpalka &#8211; pretok hidr.\u010drp. LoadSensing 62,5&hellip;<\/p>\n <a href=\"https:\/\/www.agroremont.si\/hr\/domov\/zoomlion-bager-ze20g\/\" class=\"post-details details-type-link\" title=\"Ve\u010d o tem\">ve\u010d o tem<i class=\"dt-icon-the7-arrow-03\" aria-hidden=\"true\"><\/i><\/a>","protected":false},"featured_media":41136,"comment_status":"closed","ping_status":"closed","template":"","meta":[],"product_brand":[],"product_cat":[290],"product_tag":[],"class_list":{"0":"post-41131","1":"product","2":"type-product","3":"status-publish","4":"has-post-thumbnail","6":"product_cat-gradbeni-stroji","7":"description-off","9":"first","10":"instock","11":"taxable","12":"shipping-taxable","13":"purchasable","14":"product-type-simple"},"_links":{"self":[{"href":"https:\/\/www.agroremont.si\/hr\/wp-json\/wp\/v2\/product\/41131","targetHints":{"allow":["GET"]}}],"collection":[{"href":"https:\/\/www.agroremont.si\/hr\/wp-json\/wp\/v2\/product"}],"about":[{"href":"https:\/\/www.agroremont.si\/hr\/wp-json\/wp\/v2\/types\/product"}],"replies":[{"embeddable":true,"href":"https:\/\/www.agroremont.si\/hr\/wp-json\/wp\/v2\/comments?post=41131"}],"wp:featuredmedia":[{"embeddable":true,"href":"https:\/\/www.agroremont.si\/hr\/wp-json\/wp\/v2\/media\/41136"}],"wp:attachment":[{"href":"https:\/\/www.agroremont.si\/hr\/wp-json\/wp\/v2\/media?parent=41131"}],"wp:term":[{"taxonomy":"product_brand","embeddable":true,"href":"https:\/\/www.agroremont.si\/hr\/wp-json\/wp\/v2\/product_brand?post=41131"},{"taxonomy":"product_cat","embeddable":true,"href":"https:\/\/www.agroremont.si\/hr\/wp-json\/wp\/v2\/product_cat?post=41131"},{"taxonomy":"product_tag","embeddable":true,"href":"https:\/\/www.agroremont.si\/hr\/wp-json\/wp\/v2\/product_tag?post=41131"}],"curies":[{"name":"wp","href":"https:\/\/api.w.org\/{rel}","templated":true}]}}