{"id":41166,"date":"2026-01-16T13:55:15","date_gmt":"2026-01-16T12:55:15","guid":{"rendered":"https:\/\/www.agroremont.si\/?post_type=product&#038;p=41166"},"modified":"2026-01-16T13:55:15","modified_gmt":"2026-01-16T12:55:15","slug":"asw-261-fox","status":"publish","type":"product","link":"https:\/\/www.agroremont.si\/hr\/domov\/asw-261-fox\/","title":{"rendered":"ASW 261 FOX"},"content":{"rendered":"<p>najve\u010dja dovoljena skupna te\u017ea 20.000 kg<br \/>\nvolumen 29 kubi\u010dnih metrov z stranicami 2 m<br \/>\nvelikost kesona 6100mm x 2380mm v dol\u017eini so<br \/>\nv\u0161teta zadnja dvi\u017ena vrata z dol\u017eino 800mm<br \/>\nzadaj izpust za \u017eitarice<br \/>\nspodnji ali zgornji priklop<br \/>\npriklop na uho fi40<br \/>\nhidravli\u010dna podporna<br \/>\nvi\u0161ina osnovnih stranic 2000mm<br \/>\nstranice vro\u010de cinkane<br \/>\nvi\u0161ina potisne stene spredaj 2000mm, vi\u0161ina<br \/>\nhidravli\u010dnih vrat zadaj 2000mm<br \/>\nvzmeteno podvozje; podvozje vro\u010de pocinkano;<br \/>\ntandem TITAN<br \/>\nmehansko premikajo\u010d tandem<br \/>\nzadnja hidravlicno gibljiva osovina z moznostjo<br \/>\nblokade<br \/>\nzavore na obeh osovinah<br \/>\n2-kro\u017ene zra\u010dne zavore z ALB regulatorjem<br \/>\ngume 650\/50R22,5<br \/>\nlestev<br \/>\nLED zadnje luci<br \/>\nodli\u010dna kvaliteta, dolga \u017eivljenska doba<\/p>\n","protected":false},"excerpt":{"rendered":"<p>najve\u010dja dovoljena skupna te\u017ea 20.000 kg volumen 29 kubi\u010dnih metrov z stranicami 2 m velikost kesona 6100mm x 2380mm v dol\u017eini so v\u0161teta zadnja dvi\u017ena vrata z dol\u017eino 800mm zadaj izpust za \u017eitarice spodnji ali zgornji priklop priklop na uho fi40 hidravli\u010dna podporna vi\u0161ina osnovnih stranic 2000mm stranice vro\u010de cinkane vi\u0161ina potisne stene spredaj 2000mm,&hellip;<\/p>\n <a href=\"https:\/\/www.agroremont.si\/hr\/domov\/asw-261-fox\/\" class=\"post-details details-type-link\" title=\"Ve\u010d o tem\">ve\u010d o tem<i class=\"dt-icon-the7-arrow-03\" aria-hidden=\"true\"><\/i><\/a>","protected":false},"featured_media":41167,"comment_status":"closed","ping_status":"closed","template":"","meta":[],"product_brand":[],"product_cat":[292],"product_tag":[],"class_list":{"0":"post-41166","1":"product","2":"type-product","3":"status-publish","4":"has-post-thumbnail","6":"product_cat-prikolice","7":"description-off","9":"first","10":"instock","11":"taxable","12":"shipping-taxable","13":"purchasable","14":"product-type-simple"},"_links":{"self":[{"href":"https:\/\/www.agroremont.si\/hr\/wp-json\/wp\/v2\/product\/41166","targetHints":{"allow":["GET"]}}],"collection":[{"href":"https:\/\/www.agroremont.si\/hr\/wp-json\/wp\/v2\/product"}],"about":[{"href":"https:\/\/www.agroremont.si\/hr\/wp-json\/wp\/v2\/types\/product"}],"replies":[{"embeddable":true,"href":"https:\/\/www.agroremont.si\/hr\/wp-json\/wp\/v2\/comments?post=41166"}],"wp:featuredmedia":[{"embeddable":true,"href":"https:\/\/www.agroremont.si\/hr\/wp-json\/wp\/v2\/media\/41167"}],"wp:attachment":[{"href":"https:\/\/www.agroremont.si\/hr\/wp-json\/wp\/v2\/media?parent=41166"}],"wp:term":[{"taxonomy":"product_brand","embeddable":true,"href":"https:\/\/www.agroremont.si\/hr\/wp-json\/wp\/v2\/product_brand?post=41166"},{"taxonomy":"product_cat","embeddable":true,"href":"https:\/\/www.agroremont.si\/hr\/wp-json\/wp\/v2\/product_cat?post=41166"},{"taxonomy":"product_tag","embeddable":true,"href":"https:\/\/www.agroremont.si\/hr\/wp-json\/wp\/v2\/product_tag?post=41166"}],"curies":[{"name":"wp","href":"https:\/\/api.w.org\/{rel}","templated":true}]}}