{"id":41178,"date":"2026-01-19T12:01:20","date_gmt":"2026-01-19T11:01:20","guid":{"rendered":"https:\/\/www.agroremont.si\/?post_type=product&#038;p=41178"},"modified":"2026-01-19T12:01:20","modified_gmt":"2026-01-19T11:01:20","slug":"zs1216c","status":"publish","type":"product","link":"https:\/\/www.agroremont.si\/hr\/domov\/zs1216c\/","title":{"rendered":"ZS1216C"},"content":{"rendered":"<p>Goseni\u010dne \u0161karjaste dvi\u017ene plo\u0161\u010dadi strankam ponujajo nove mo\u017enosti za delo na vi\u0161ini na neravnem in nestabilnem terenu.<\/p>\n<table>\n<tbody>\n<tr>\n<td>Work Height<\/td>\n<td>13.8m<\/td>\n<td>45ft3in<\/td>\n<\/tr>\n<tr>\n<td>A Platform Height-Elevated<\/td>\n<td>11.8m<\/td>\n<td>38ft9in<\/td>\n<\/tr>\n<tr>\n<td>B Platform Height- -Stowed<\/td>\n<td>1.62m<\/td>\n<td>5ft4in<\/td>\n<\/tr>\n<tr>\n<td>C Platform Length<\/td>\n<td>2.3m<\/td>\n<td>7ft7in<\/td>\n<\/tr>\n<tr>\n<td>D Platform Width<\/td>\n<td>1.12m<\/td>\n<td>3ft8in<\/td>\n<\/tr>\n<tr>\n<td>Platform Extension<\/td>\n<td>0.91m<\/td>\n<td>2ft12in<\/td>\n<\/tr>\n<tr>\n<td>E Overall Height (Rails Up)<\/td>\n<td>2.76m<\/td>\n<td>9ft1in<\/td>\n<\/tr>\n<tr>\n<td>Overall Height (Rails Down)<\/td>\n<td>2.23m<\/td>\n<td>7ft4in<\/td>\n<\/tr>\n<tr>\n<td>F Overall Length<\/td>\n<td>2.75m<\/td>\n<td>9ft<\/td>\n<\/tr>\n<tr>\n<td>G Overall Width<\/td>\n<td>1.6m<\/td>\n<td>5ft3in<\/td>\n<\/tr>\n<tr>\n<td>H Ground Clearance<\/td>\n<td>0.15m<\/td>\n<td>6in<\/td>\n<\/tr>\n<tr class=\"head_row\">\n<td colspan=\"3\">Performance<\/td>\n<\/tr>\n<tr>\n<td>Platform Capacity<\/td>\n<td>350kg<\/td>\n<td>770lb<\/td>\n<\/tr>\n<tr>\n<td>Capacity on Deck Extension<\/td>\n<td>113kg<\/td>\n<td>249lb<\/td>\n<\/tr>\n<tr>\n<td>Max. Number of Workers<\/td>\n<td>2<\/td>\n<td>2<\/td>\n<\/tr>\n<tr>\n<td>Drive Speed (Stowed)<\/td>\n<td>2km\/h<\/td>\n<td>1.25mph<\/td>\n<\/tr>\n<tr>\n<td>Drive Speed (Raised)<\/td>\n<td>0km\/h<\/td>\n<td>0mph<\/td>\n<\/tr>\n<tr>\n<td>Turning Radius<\/td>\n<td>0m<\/td>\n<td>0in<\/td>\n<\/tr>\n<tr>\n<td>Drive Motor<\/td>\n<td>48V\/2\u00d74KW<\/td>\n<td>48V\/2\u00d74KW<\/td>\n<\/tr>\n<tr>\n<td>Up\/Down Time<\/td>\n<td>62s\/42s<\/td>\n<td>62s\/42s<\/td>\n<\/tr>\n<tr>\n<td>Gradeability<\/td>\n<td>30%(17\u00b0)<\/td>\n<td>30%(17\u00b0)<\/td>\n<\/tr>\n<tr>\n<td>Max. Working Slope (Lateral\/Vertical)<\/td>\n<td>2\u00b0\/3\u00b0<\/td>\n<td>2\u00b0\/3\u00b0<\/td>\n<\/tr>\n<tr>\n<td>Drive<\/td>\n<td>Rear Wheels<\/td>\n<td>Rear Wheels<\/td>\n<\/tr>\n<tr>\n<td>Brake<\/td>\n<td>Rear Wheels<\/td>\n<td>Rear Wheels<\/td>\n<\/tr>\n<tr class=\"head_row\">\n<td colspan=\"3\">Power<\/td>\n<\/tr>\n<tr>\n<td>Battery<\/td>\n<td>8\u00d76V\/240Ah<\/td>\n<td>8\u00d76V\/240Ah<\/td>\n<\/tr>\n<tr>\n<td>Charger<\/td>\n<td>48V\/35A<\/td>\n<td>48V\/35A<\/td>\n<\/tr>\n<tr class=\"head_row\">\n<td colspan=\"3\">Weight<\/td>\n<\/tr>\n<tr>\n<td>Gross<\/td>\n<td>3750kg<\/td>\n<td>8270lb<\/td>\n<\/tr>\n<\/tbody>\n<\/table>\n","protected":false},"excerpt":{"rendered":"<p>Goseni\u010dne \u0161karjaste dvi\u017ene plo\u0161\u010dadi strankam ponujajo nove mo\u017enosti za delo na vi\u0161ini na neravnem in nestabilnem terenu. Work Height 13.8m 45ft3in A Platform Height-Elevated 11.8m 38ft9in B Platform Height- -Stowed 1.62m 5ft4in C Platform Length 2.3m 7ft7in D Platform Width 1.12m 3ft8in Platform Extension 0.91m 2ft12in E Overall Height (Rails Up) 2.76m 9ft1in Overall Height&hellip;<\/p>\n <a href=\"https:\/\/www.agroremont.si\/hr\/domov\/zs1216c\/\" class=\"post-details details-type-link\" title=\"Ve\u010d o tem\">ve\u010d o tem<i class=\"dt-icon-the7-arrow-03\" aria-hidden=\"true\"><\/i><\/a>","protected":false},"featured_media":41179,"comment_status":"closed","ping_status":"closed","template":"","meta":[],"product_brand":[],"product_cat":[322],"product_tag":[],"class_list":{"0":"post-41178","1":"product","2":"type-product","3":"status-publish","4":"has-post-thumbnail","6":"product_cat-dvizna-teh-vilicarji","7":"description-off","9":"first","10":"instock","11":"taxable","12":"shipping-taxable","13":"purchasable","14":"product-type-simple"},"_links":{"self":[{"href":"https:\/\/www.agroremont.si\/hr\/wp-json\/wp\/v2\/product\/41178","targetHints":{"allow":["GET"]}}],"collection":[{"href":"https:\/\/www.agroremont.si\/hr\/wp-json\/wp\/v2\/product"}],"about":[{"href":"https:\/\/www.agroremont.si\/hr\/wp-json\/wp\/v2\/types\/product"}],"replies":[{"embeddable":true,"href":"https:\/\/www.agroremont.si\/hr\/wp-json\/wp\/v2\/comments?post=41178"}],"wp:featuredmedia":[{"embeddable":true,"href":"https:\/\/www.agroremont.si\/hr\/wp-json\/wp\/v2\/media\/41179"}],"wp:attachment":[{"href":"https:\/\/www.agroremont.si\/hr\/wp-json\/wp\/v2\/media?parent=41178"}],"wp:term":[{"taxonomy":"product_brand","embeddable":true,"href":"https:\/\/www.agroremont.si\/hr\/wp-json\/wp\/v2\/product_brand?post=41178"},{"taxonomy":"product_cat","embeddable":true,"href":"https:\/\/www.agroremont.si\/hr\/wp-json\/wp\/v2\/product_cat?post=41178"},{"taxonomy":"product_tag","embeddable":true,"href":"https:\/\/www.agroremont.si\/hr\/wp-json\/wp\/v2\/product_tag?post=41178"}],"curies":[{"name":"wp","href":"https:\/\/api.w.org\/{rel}","templated":true}]}}