{"id":41187,"date":"2026-01-19T12:06:33","date_gmt":"2026-01-19T11:06:33","guid":{"rendered":"https:\/\/www.agroremont.si\/?post_type=product&#038;p=41187"},"modified":"2026-01-19T12:08:14","modified_gmt":"2026-01-19T11:08:14","slug":"zs0607ac-li","status":"publish","type":"product","link":"https:\/\/www.agroremont.si\/hr\/domov\/zs0607ac-li\/","title":{"rendered":"ZS0607Ac-LI"},"content":{"rendered":"<p>Delovna vi\u0161ina (v zaprtih prostorih\/na prostem) 7,8 m\/6,4 m 25 \u010devljev 7 palcev\/21 \u010devljev 0 palcev<br \/>\nA &#8211; Vi\u0161ina dvignjene plo\u0161\u010dadi (v zaprtih prostorih\/na prostem) 5,8 m\/4,4 m 19 \u010devljev\/14 \u010devljev 5 palcev<br \/>\nB &#8211; Vi\u0161ina plo\u0161\u010dadi &#8211; v shranjenem stanju 1,05 m 3 \u010devlje 5 palcev<br \/>\nC &#8211; Dol\u017eina plo\u0161\u010dadi 1,65 m 5 \u010devljev 5 palcev<br \/>\nD &#8211; \u0160irina plo\u0161\u010dadi 0,74 m 2 \u010devlja 5 palcev<br \/>\nPodalj\u0161ek plo\u0161\u010dadi 0,91 m 3 \u010devlje<br \/>\nE &#8211; Skupna vi\u0161ina (z dvignjenimi ograjami) 2,20 m 7 \u010devljev 3 palcev<br \/>\nSkupna vi\u0161ina (z spu\u0161\u010denimi ograjami) 1,79 m 5 \u010devljev 10 palcev<br \/>\nF &#8211; Skupna dol\u017eina 1,85 m 6 \u010devljev 1 palec<br \/>\nG &#8211; Skupna \u0161irina 0,76 m 2 \u010devlja 6 palcev<br \/>\nH &#8211; Medosna razdalja 1,37 m 4 \u010devlje 6 palcev<br \/>\nI &#8211; Oddaljenost od tal (Slo\u017eeno) 0,06 m 2,4 palca<br \/>\nJ- Oddaljenost od tal (dvignjeno) 0,016 m 0,65 palca<br \/>\nZmogljivost<br \/>\nNosilnost plo\u0161\u010dadi 230 kg 510 lb<br \/>\nNosilnost na podalj\u0161ku plo\u0161\u010dadi 113 kg 250 lb<br \/>\nMaks. \u0160tevilo delavcev (v zaprtih prostorih\/na prostem) 2\/1 2\/1<br \/>\nHitrost vo\u017enje (slo\u017eeno) 4 km\/h 2,5 mph<br \/>\nHitrost vo\u017enje (dvignjeno) 0,8 km\/h 0,5 mph<br \/>\nPolmer obra\u010danja (notranji) 0,1 m 4 in<br \/>\nPolmer obra\u010danja (zunanji) 1,6 m 5 ft 3 in<br \/>\nDvi\u017eni motor 24 V\/3,3 kW 24 V\/3,3 kW<br \/>\nPogonski motor 24\/0,65 kW 24\/0,65 kW<br \/>\n\u010cas dvigovanja\/spu\u0161\u010danja 20 s\/24 s 20 s\/24 s<br \/>\nNaklon 25 % (14\u00b0) 25 % (14\u00b0)<br \/>\nMaks. Delovni naklon (bo\u010dni\/navpi\u010dni) 1,5\u00b0\/3\u00b0 1,5\u00b0\/3\u00b0<br \/>\nUpravljanje Proporcionalno upravljanje Proporcionalno upravljanje<br \/>\nPogon Sprednja kolesa Sprednja kolesa<br \/>\nZavora Sprednja kolesa Sprednja kolesa<br \/>\nPnevmatika \u00d8323 mm x 100 mm \u03c633 cm \u00d7 10 cm<br \/>\nMo\u010d<br \/>\nBaterija 135 Ah Li-ion 135 Ah Li-ion<br \/>\nPolnilnik 24 V\/30 A 24 V\/30 A<br \/>\nPolnilnik (dodatna oprema) N\/A N\/A<br \/>\nTe\u017ea<br \/>\nBruto 1455 kg 3210 lb<\/p>\n","protected":false},"excerpt":{"rendered":"<p>Delovna vi\u0161ina (v zaprtih prostorih\/na prostem) 7,8 m\/6,4 m 25 \u010devljev 7 palcev\/21 \u010devljev 0 palcev A &#8211; Vi\u0161ina dvignjene plo\u0161\u010dadi (v zaprtih prostorih\/na prostem) 5,8 m\/4,4 m 19 \u010devljev\/14 \u010devljev 5 palcev B &#8211; Vi\u0161ina plo\u0161\u010dadi &#8211; v shranjenem stanju 1,05 m 3 \u010devlje 5 palcev C &#8211; Dol\u017eina plo\u0161\u010dadi 1,65 m 5 \u010devljev&hellip;<\/p>\n <a href=\"https:\/\/www.agroremont.si\/hr\/domov\/zs0607ac-li\/\" class=\"post-details details-type-link\" title=\"Ve\u010d o tem\">ve\u010d o tem<i class=\"dt-icon-the7-arrow-03\" aria-hidden=\"true\"><\/i><\/a>","protected":false},"featured_media":41189,"comment_status":"closed","ping_status":"closed","template":"","meta":[],"product_brand":[],"product_cat":[322],"product_tag":[],"class_list":{"0":"post-41187","1":"product","2":"type-product","3":"status-publish","4":"has-post-thumbnail","6":"product_cat-dvizna-teh-vilicarji","7":"description-off","9":"first","10":"instock","11":"taxable","12":"shipping-taxable","13":"purchasable","14":"product-type-simple"},"_links":{"self":[{"href":"https:\/\/www.agroremont.si\/hr\/wp-json\/wp\/v2\/product\/41187","targetHints":{"allow":["GET"]}}],"collection":[{"href":"https:\/\/www.agroremont.si\/hr\/wp-json\/wp\/v2\/product"}],"about":[{"href":"https:\/\/www.agroremont.si\/hr\/wp-json\/wp\/v2\/types\/product"}],"replies":[{"embeddable":true,"href":"https:\/\/www.agroremont.si\/hr\/wp-json\/wp\/v2\/comments?post=41187"}],"wp:featuredmedia":[{"embeddable":true,"href":"https:\/\/www.agroremont.si\/hr\/wp-json\/wp\/v2\/media\/41189"}],"wp:attachment":[{"href":"https:\/\/www.agroremont.si\/hr\/wp-json\/wp\/v2\/media?parent=41187"}],"wp:term":[{"taxonomy":"product_brand","embeddable":true,"href":"https:\/\/www.agroremont.si\/hr\/wp-json\/wp\/v2\/product_brand?post=41187"},{"taxonomy":"product_cat","embeddable":true,"href":"https:\/\/www.agroremont.si\/hr\/wp-json\/wp\/v2\/product_cat?post=41187"},{"taxonomy":"product_tag","embeddable":true,"href":"https:\/\/www.agroremont.si\/hr\/wp-json\/wp\/v2\/product_tag?post=41187"}],"curies":[{"name":"wp","href":"https:\/\/api.w.org\/{rel}","templated":true}]}}