{"id":41194,"date":"2026-01-19T13:03:24","date_gmt":"2026-01-19T12:03:24","guid":{"rendered":"https:\/\/www.agroremont.si\/?post_type=product&#038;p=41194"},"modified":"2026-01-19T13:03:25","modified_gmt":"2026-01-19T12:03:25","slug":"gl1-kompass-avant-6500","status":"publish","type":"product","link":"https:\/\/www.agroremont.si\/hr\/domov\/gl1-kompass-avant-6500\/","title":{"rendered":"GL1 KOMPASS AVANT 6500"},"content":{"rendered":"<p>-Doseg roke: 620cm<br \/>\n-Minimalna zahtevana mo\u010d traktorja 100ks<br \/>\n-Minimalna zahtevana te\u017ea traktorja 5800kg<br \/>\n-Minimalna zahtevana \u0161irina traktorja 2,2m<br \/>\n-Te\u017ea stroja: 1710kg<\/p>\n<p>-Konstantna mo\u010d hidrostati\u010dne \u010drpalke<br \/>\n-pomik roke naprej bo\u010dno ob traktorju 245cm<br \/>\n-Elektro upravljenja stroja Z el. Joystick ro\u010dico<br \/>\n-Hladilnik hidravli\u010dnega olja<br \/>\n-Dvojna hidravli\u010dna \u010drpalka 130L\/min<br \/>\n-Koli\u010dina hidravli\u010dnega olja 220L<br \/>\n-\u0160irina mul\u010derja 120cm MODEL DS120 z tipo 6<br \/>\n-Plavajo\u010di sistem mul\u010derja<br \/>\n-Celotna roka na SDS vzmetenju kar prepre\u010duje po\u0161kodbe na roki<br \/>\n-3 to\u010dkovni priklju\u010ditveni nosilec s stabilizatorji<br \/>\n-Hidravli\u010dno odpiranje sprednje lopute<\/p>\n","protected":false},"excerpt":{"rendered":"<p>-Doseg roke: 620cm -Minimalna zahtevana mo\u010d traktorja 100ks -Minimalna zahtevana te\u017ea traktorja 5800kg -Minimalna zahtevana \u0161irina traktorja 2,2m -Te\u017ea stroja: 1710kg -Konstantna mo\u010d hidrostati\u010dne \u010drpalke -pomik roke naprej bo\u010dno ob traktorju 245cm -Elektro upravljenja stroja Z el. Joystick ro\u010dico -Hladilnik hidravli\u010dnega olja -Dvojna hidravli\u010dna \u010drpalka 130L\/min -Koli\u010dina hidravli\u010dnega olja 220L -\u0160irina mul\u010derja 120cm MODEL DS120&hellip;<\/p>\n <a href=\"https:\/\/www.agroremont.si\/hr\/domov\/gl1-kompass-avant-6500\/\" class=\"post-details details-type-link\" title=\"Ve\u010d o tem\">ve\u010d o tem<i class=\"dt-icon-the7-arrow-03\" aria-hidden=\"true\"><\/i><\/a>","protected":false},"featured_media":41197,"comment_status":"closed","ping_status":"closed","template":"","meta":[],"product_brand":[],"product_cat":[291],"product_tag":[],"class_list":{"0":"post-41194","1":"product","2":"type-product","3":"status-publish","4":"has-post-thumbnail","6":"product_cat-prikljucki","7":"description-off","9":"first","10":"instock","11":"taxable","12":"shipping-taxable","13":"purchasable","14":"product-type-simple"},"_links":{"self":[{"href":"https:\/\/www.agroremont.si\/hr\/wp-json\/wp\/v2\/product\/41194","targetHints":{"allow":["GET"]}}],"collection":[{"href":"https:\/\/www.agroremont.si\/hr\/wp-json\/wp\/v2\/product"}],"about":[{"href":"https:\/\/www.agroremont.si\/hr\/wp-json\/wp\/v2\/types\/product"}],"replies":[{"embeddable":true,"href":"https:\/\/www.agroremont.si\/hr\/wp-json\/wp\/v2\/comments?post=41194"}],"wp:featuredmedia":[{"embeddable":true,"href":"https:\/\/www.agroremont.si\/hr\/wp-json\/wp\/v2\/media\/41197"}],"wp:attachment":[{"href":"https:\/\/www.agroremont.si\/hr\/wp-json\/wp\/v2\/media?parent=41194"}],"wp:term":[{"taxonomy":"product_brand","embeddable":true,"href":"https:\/\/www.agroremont.si\/hr\/wp-json\/wp\/v2\/product_brand?post=41194"},{"taxonomy":"product_cat","embeddable":true,"href":"https:\/\/www.agroremont.si\/hr\/wp-json\/wp\/v2\/product_cat?post=41194"},{"taxonomy":"product_tag","embeddable":true,"href":"https:\/\/www.agroremont.si\/hr\/wp-json\/wp\/v2\/product_tag?post=41194"}],"curies":[{"name":"wp","href":"https:\/\/api.w.org\/{rel}","templated":true}]}}