{"id":41200,"date":"2026-01-19T13:27:04","date_gmt":"2026-01-19T12:27:04","guid":{"rendered":"https:\/\/www.agroremont.si\/?post_type=product&#038;p=41200"},"modified":"2026-01-22T15:04:06","modified_gmt":"2026-01-22T14:04:06","slug":"xb-115-tb-gs","status":"publish","type":"product","link":"https:\/\/www.agroremont.si\/hr\/domov\/xb-115-tb-gs\/","title":{"rendered":"XB 115 TB GS"},"content":{"rendered":"<p>motor FARMotion 45<br \/>\nCommon Rail, Stage V<br \/>\n4-valjni, delovna prostornina 3849 ccm<br \/>\nEGR, DOC, DPF, SCR<br \/>\nnazivna mo\u010d 80.6 kW \/ 110 KM<\/p>\n<p>&#8211; zavore na vsa 4 kolesa v oljni kopeli<br \/>\n&#8211; ro\u010dna parkirna zavora<br \/>\n&#8211; akumulator 12V-100Ah-1000A(EN)<br \/>\n&#8211; nastavljiva delovna lu\u010d zadaj<br \/>\n&#8211; 12V vti\u010dnica<br \/>\n&#8211; kapaciteta rezervoarja goriva 85 l<br \/>\n&#8211; kapaciteta rezervoarja AdBlue 10 l<br \/>\n&#8211; Viscostatic ventilator<br \/>\n&#8211; hidr. \u010drpalka 55 l\/min<br \/>\n&#8211; teleskopski stabilizatorji<br \/>\n&#8211; mehanska poteznica<br \/>\n&#8211; mehanska hidravlika, float<br \/>\n&#8211; el.-hidr. inverter smeri<br \/>\n&#8211; el.-hidr. vklop 4-kolesnega pogona<br \/>\n&#8211; digitalni prikazovalnik<br \/>\n&#8211; teleskopska ogledala<br \/>\n&#8211; mehansko vzmeten sede\u017e<br \/>\n&#8211; varnostni lok, poklopljiv<br \/>\n&#8211; nastavljiv volanski drog<br \/>\n&#8211; \u0161katla za orodje<br \/>\n&#8211; podalj\u0161ki zadnjih blatnikov<br \/>\n&#8211; &#8220;Stop &amp; Go&#8221;<br \/>\n&#8211; \u010delna hidravlika, kapacitete 2100 kg<br \/>\n&#8211; zun. upr. hidravlike<br \/>\n&#8211; 3 hidr. tokokrogi<br \/>\n&#8211; 2-kro\u017ene hidr. zavore za prikolico<br \/>\n&#8211; pove\u010dana kapaciteta dviga na 4525 kg<br \/>\n&#8211; \u010delni kardan<br \/>\n&#8211; CEE priklop, hitro nastavljiva vi\u0161ina<br \/>\n&#8211; slider okvir, dolgi<br \/>\n&#8211; kardanska gred 540-540E-1000-1000E<br \/>\n&#8211; gibljivi sprednji blatniki<br \/>\n&#8211; gume zadaj 480\/65 R28<br \/>\n&#8211; gume spredaj 420\/65 R20<br \/>\n&#8211; menjalnik 40F+40R, 40 km\/h<br \/>\nHi-Lo, reduktor<\/p>\n<p>Z KABINO<\/p>\n","protected":false},"excerpt":{"rendered":"<p>motor FARMotion 45 Common Rail, Stage V 4-valjni, delovna prostornina 3849 ccm EGR, DOC, DPF, SCR nazivna mo\u010d 80.6 kW \/ 110 KM &#8211; zavore na vsa 4 kolesa v oljni kopeli &#8211; ro\u010dna parkirna zavora &#8211; akumulator 12V-100Ah-1000A(EN) &#8211; nastavljiva delovna lu\u010d zadaj &#8211; 12V vti\u010dnica &#8211; kapaciteta rezervoarja goriva 85 l &#8211; kapaciteta&hellip;<\/p>\n <a href=\"https:\/\/www.agroremont.si\/hr\/domov\/xb-115-tb-gs\/\" class=\"post-details details-type-link\" title=\"Ve\u010d o tem\">ve\u010d o tem<i class=\"dt-icon-the7-arrow-03\" aria-hidden=\"true\"><\/i><\/a>","protected":false},"featured_media":41234,"comment_status":"closed","ping_status":"closed","template":"","meta":[],"product_brand":[],"product_cat":[286],"product_tag":[],"class_list":{"0":"post-41200","1":"product","2":"type-product","3":"status-publish","4":"has-post-thumbnail","6":"product_cat-zalogatraktorjev","7":"description-off","9":"first","10":"instock","11":"taxable","12":"shipping-taxable","13":"purchasable","14":"product-type-simple"},"_links":{"self":[{"href":"https:\/\/www.agroremont.si\/hr\/wp-json\/wp\/v2\/product\/41200","targetHints":{"allow":["GET"]}}],"collection":[{"href":"https:\/\/www.agroremont.si\/hr\/wp-json\/wp\/v2\/product"}],"about":[{"href":"https:\/\/www.agroremont.si\/hr\/wp-json\/wp\/v2\/types\/product"}],"replies":[{"embeddable":true,"href":"https:\/\/www.agroremont.si\/hr\/wp-json\/wp\/v2\/comments?post=41200"}],"wp:featuredmedia":[{"embeddable":true,"href":"https:\/\/www.agroremont.si\/hr\/wp-json\/wp\/v2\/media\/41234"}],"wp:attachment":[{"href":"https:\/\/www.agroremont.si\/hr\/wp-json\/wp\/v2\/media?parent=41200"}],"wp:term":[{"taxonomy":"product_brand","embeddable":true,"href":"https:\/\/www.agroremont.si\/hr\/wp-json\/wp\/v2\/product_brand?post=41200"},{"taxonomy":"product_cat","embeddable":true,"href":"https:\/\/www.agroremont.si\/hr\/wp-json\/wp\/v2\/product_cat?post=41200"},{"taxonomy":"product_tag","embeddable":true,"href":"https:\/\/www.agroremont.si\/hr\/wp-json\/wp\/v2\/product_tag?post=41200"}],"curies":[{"name":"wp","href":"https:\/\/api.w.org\/{rel}","templated":true}]}}