{"id":41203,"date":"2026-01-20T14:42:13","date_gmt":"2026-01-20T13:42:13","guid":{"rendered":"https:\/\/www.agroremont.si\/?post_type=product&#038;p=41203"},"modified":"2026-01-20T14:47:56","modified_gmt":"2026-01-20T13:47:56","slug":"doosan-vilicar-d35c-9","status":"publish","type":"product","link":"https:\/\/www.agroremont.si\/hr\/domov\/doosan-vilicar-d35c-9\/","title":{"rendered":"DOOSAN vili\u010dar D35C-9"},"content":{"rendered":"<p>Pogon: DIESEL (motor Doosan)<br \/>\nTeleskop: TRIPLEX<br \/>\nBo\u010dni pomik: DA<br \/>\nPozicioner vilic: NE<\/p>\n<p>Dvi\u017ena vi\u0161ina: 4.820 mm<br \/>\nGradbena vi\u0161ina: 2.350 mm<br \/>\nVilice: 1.200 mm<\/p>\n<p>Hidravli\u010dni razvodnik: 4. VENTILNI<br \/>\nTip kabine: ZAPRTA KABINA (OGREVANA)<br \/>\nKolesa: SUPERELASTI\u010cNA<br \/>\nNAGIB: 6\u00b0 Naprej 3 \u00b0 nazaj<br \/>\nAlarm za vzvratno vo\u017enjo<br \/>\nPanaromska ogledala &#8211; velika<br \/>\nEkran<\/p>\n<p>Vilice: dol\u017eine 2000mm<\/p>\n","protected":false},"excerpt":{"rendered":"<p>Pogon: DIESEL (motor Doosan) Teleskop: TRIPLEX Bo\u010dni pomik: DA Pozicioner vilic: NE Dvi\u017ena vi\u0161ina: 4.820 mm Gradbena vi\u0161ina: 2.350 mm Vilice: 1.200 mm Hidravli\u010dni razvodnik: 4. VENTILNI Tip kabine: ZAPRTA KABINA (OGREVANA) Kolesa: SUPERELASTI\u010cNA NAGIB: 6\u00b0 Naprej 3 \u00b0 nazaj Alarm za vzvratno vo\u017enjo Panaromska ogledala &#8211; velika Ekran Vilice: dol\u017eine 2000mm<\/p>\n <a href=\"https:\/\/www.agroremont.si\/hr\/domov\/doosan-vilicar-d35c-9\/\" class=\"post-details details-type-link\" title=\"Ve\u010d o tem\">ve\u010d o tem<i class=\"dt-icon-the7-arrow-03\" aria-hidden=\"true\"><\/i><\/a>","protected":false},"featured_media":41204,"comment_status":"closed","ping_status":"closed","template":"","meta":[],"product_brand":[],"product_cat":[322],"product_tag":[],"class_list":{"0":"post-41203","1":"product","2":"type-product","3":"status-publish","4":"has-post-thumbnail","6":"product_cat-dvizna-teh-vilicarji","7":"description-off","9":"first","10":"instock","11":"taxable","12":"shipping-taxable","13":"purchasable","14":"product-type-simple"},"_links":{"self":[{"href":"https:\/\/www.agroremont.si\/hr\/wp-json\/wp\/v2\/product\/41203","targetHints":{"allow":["GET"]}}],"collection":[{"href":"https:\/\/www.agroremont.si\/hr\/wp-json\/wp\/v2\/product"}],"about":[{"href":"https:\/\/www.agroremont.si\/hr\/wp-json\/wp\/v2\/types\/product"}],"replies":[{"embeddable":true,"href":"https:\/\/www.agroremont.si\/hr\/wp-json\/wp\/v2\/comments?post=41203"}],"wp:featuredmedia":[{"embeddable":true,"href":"https:\/\/www.agroremont.si\/hr\/wp-json\/wp\/v2\/media\/41204"}],"wp:attachment":[{"href":"https:\/\/www.agroremont.si\/hr\/wp-json\/wp\/v2\/media?parent=41203"}],"wp:term":[{"taxonomy":"product_brand","embeddable":true,"href":"https:\/\/www.agroremont.si\/hr\/wp-json\/wp\/v2\/product_brand?post=41203"},{"taxonomy":"product_cat","embeddable":true,"href":"https:\/\/www.agroremont.si\/hr\/wp-json\/wp\/v2\/product_cat?post=41203"},{"taxonomy":"product_tag","embeddable":true,"href":"https:\/\/www.agroremont.si\/hr\/wp-json\/wp\/v2\/product_tag?post=41203"}],"curies":[{"name":"wp","href":"https:\/\/api.w.org\/{rel}","templated":true}]}}