{"id":41208,"date":"2026-01-22T08:44:51","date_gmt":"2026-01-22T07:44:51","guid":{"rendered":"https:\/\/www.agroremont.si\/?post_type=product&#038;p=41208"},"modified":"2026-01-22T08:44:51","modified_gmt":"2026-01-22T07:44:51","slug":"zs1623rt","status":"publish","type":"product","link":"https:\/\/www.agroremont.si\/hr\/domov\/zs1623rt\/","title":{"rendered":"ZS1623RT"},"content":{"rendered":"<style>\na {\n    text-decoration: none;\n    color: #464feb;\n}\ntr th, tr td {\n    border: 1px solid #e6e6e6;\n}\ntr th {\n    background-color: #f5f5f5;\n}\n<\/style>\n<div>\n<h1><strong>Tehni\u010dne specifikacije<\/strong><\/h1>\n<h3><strong>Dimenzije<\/strong><\/h3>\n<ul>\n<li><strong>Delovna vi\u0161ina:<\/strong> 18 m<\/li>\n<li><strong>A \u2013 Vi\u0161ina platforme, dvignjena:<\/strong> 16 m<\/li>\n<li><strong>B \u2013 Vi\u0161ina platforme, spu\u0161\u010den polo\u017eaj:<\/strong> 2,03 m<\/li>\n<li><strong>C \u2013 Dimenzija platforme (dol\u017eina):<\/strong> 3,98 m<\/li>\n<li><strong>D \u2013 Dimenzija platforme (\u0161irina):<\/strong> 1,83 m<\/li>\n<li><strong>Podalj\u0161ek platforme:<\/strong> 1,3 m<\/li>\n<li><strong>Skupna vi\u0161ina (ograje gor):<\/strong> 3,16 m<\/li>\n<li><strong>E \u2013 Skupna vi\u0161ina (ograje dol):<\/strong> 2,47 m<\/li>\n<li><strong>F \u2013 Skupna dol\u017eina:<\/strong> 4,88 m<\/li>\n<li><strong>G \u2013 Skupna \u0161irina:<\/strong> 2,3 m<\/li>\n<li><strong>H \u2013 Medosna razdalja:<\/strong> 2,9 m<\/li>\n<li><strong>I \u2013 Oddaljenost od tal:<\/strong> 0,275 m<\/li>\n<\/ul>\n<hr \/>\n<h3><strong>Zmogljivosti<\/strong><\/h3>\n<ul>\n<li><strong>Nosilnost platforme:<\/strong> 680 kg<\/li>\n<li><strong>Nosilnost podalj\u0161ka platforme:<\/strong> 230 kg<\/li>\n<li><strong>Vi\u0161ina vo\u017enje:<\/strong> 9 m<\/li>\n<li><strong>Najve\u010dje \u0161tevilo oseb:<\/strong> 4<\/li>\n<li><strong>Hitrost vo\u017enje (spu\u0161\u010dena):<\/strong> 6,5 km\/h<\/li>\n<li><strong>Hitrost vo\u017enje (dvignjena):<\/strong> 0,5 km\/h<\/li>\n<li><strong>Notranji obra\u010dalni radij:<\/strong> 2,75 m<\/li>\n<li><strong>Zunanji obra\u010dalni radij:<\/strong> 5,8 m<\/li>\n<li><strong>\u010cas dviga\/spusta:<\/strong> 60\/65 s<\/li>\n<li><strong>Premostljivost naklona:<\/strong> 40 % (22\u00b0)<\/li>\n<li><strong>Najve\u010dji dovoljeni nagib pri delu (bo\u010dni\/vertikalni):<\/strong> 2\u00b0 \/ 3\u00b0<\/li>\n<li><strong>Pogon:<\/strong> 4WD (\u0161tirikolesni pogon)<\/li>\n<li><strong>Pnevmatike:<\/strong> 315\/55 D20 \u2013 pene polnjene ali polne gume (solid tires)<\/li>\n<\/ul>\n<hr \/>\n<h3><strong>Pogon \/ Motor<\/strong><\/h3>\n<ul>\n<li><strong>Motor:<\/strong>\n<ul>\n<li>Kubota V2403 \u2013 36,8 kW \/ 2700 rpm (EU V)<\/li>\n<\/ul>\n<\/li>\n<li><strong>Prostornina rezervoarja za gorivo:<\/strong> 105 L<\/li>\n<li><strong>Prostornina hidravli\u010dnega rezervoarja:<\/strong> 100 L<\/li>\n<\/ul>\n<hr \/>\n<h3><strong>Te\u017ea<\/strong><\/h3>\n<ul>\n<li><strong>Skupna masa:<\/strong> 8650 kg<\/li>\n<\/ul>\n<\/div>\n","protected":false},"excerpt":{"rendered":"<p>Tehni\u010dne specifikacije Dimenzije Delovna vi\u0161ina: 18 m A \u2013 Vi\u0161ina platforme, dvignjena: 16 m B \u2013 Vi\u0161ina platforme, spu\u0161\u010den polo\u017eaj: 2,03 m C \u2013 Dimenzija platforme (dol\u017eina): 3,98 m D \u2013 Dimenzija platforme (\u0161irina): 1,83 m Podalj\u0161ek platforme: 1,3 m Skupna vi\u0161ina (ograje gor): 3,16 m E \u2013 Skupna vi\u0161ina (ograje dol): 2,47 m F&hellip;<\/p>\n <a href=\"https:\/\/www.agroremont.si\/hr\/domov\/zs1623rt\/\" class=\"post-details details-type-link\" title=\"Ve\u010d o tem\">ve\u010d o tem<i class=\"dt-icon-the7-arrow-03\" aria-hidden=\"true\"><\/i><\/a>","protected":false},"featured_media":41212,"comment_status":"closed","ping_status":"closed","template":"","meta":[],"product_brand":[],"product_cat":[322],"product_tag":[],"class_list":{"0":"post-41208","1":"product","2":"type-product","3":"status-publish","4":"has-post-thumbnail","6":"product_cat-dvizna-teh-vilicarji","7":"description-off","9":"first","10":"instock","11":"sale","12":"taxable","13":"shipping-taxable","14":"purchasable","15":"product-type-simple"},"_links":{"self":[{"href":"https:\/\/www.agroremont.si\/hr\/wp-json\/wp\/v2\/product\/41208","targetHints":{"allow":["GET"]}}],"collection":[{"href":"https:\/\/www.agroremont.si\/hr\/wp-json\/wp\/v2\/product"}],"about":[{"href":"https:\/\/www.agroremont.si\/hr\/wp-json\/wp\/v2\/types\/product"}],"replies":[{"embeddable":true,"href":"https:\/\/www.agroremont.si\/hr\/wp-json\/wp\/v2\/comments?post=41208"}],"wp:featuredmedia":[{"embeddable":true,"href":"https:\/\/www.agroremont.si\/hr\/wp-json\/wp\/v2\/media\/41212"}],"wp:attachment":[{"href":"https:\/\/www.agroremont.si\/hr\/wp-json\/wp\/v2\/media?parent=41208"}],"wp:term":[{"taxonomy":"product_brand","embeddable":true,"href":"https:\/\/www.agroremont.si\/hr\/wp-json\/wp\/v2\/product_brand?post=41208"},{"taxonomy":"product_cat","embeddable":true,"href":"https:\/\/www.agroremont.si\/hr\/wp-json\/wp\/v2\/product_cat?post=41208"},{"taxonomy":"product_tag","embeddable":true,"href":"https:\/\/www.agroremont.si\/hr\/wp-json\/wp\/v2\/product_tag?post=41208"}],"curies":[{"name":"wp","href":"https:\/\/api.w.org\/{rel}","templated":true}]}}