{"id":41216,"date":"2026-01-22T13:13:52","date_gmt":"2026-01-22T12:13:52","guid":{"rendered":"https:\/\/www.agroremont.si\/?post_type=product&#038;p=41216"},"modified":"2026-02-23T08:01:11","modified_gmt":"2026-02-23T07:01:11","slug":"za16jert-li","status":"publish","type":"product","link":"https:\/\/www.agroremont.si\/hr\/domov\/za16jert-li\/","title":{"rendered":"ZA16JERT-Lii"},"content":{"rendered":"<style>\na {\n    text-decoration: none;\n    color: #464feb;\n}\ntr th, tr td {\n    border: 1px solid #e6e6e6;\n}\ntr th {\n    background-color: #f5f5f5;\n}\n<\/style>\n<div>\n<h1><strong>Tehni\u010dne specifikacije<\/strong><\/h1>\n<h3><strong>Dimenzije<\/strong><\/h3>\n<ul>\n<li><strong>Delovna vi\u0161ina:<\/strong> 17,8 m<\/li>\n<li><strong>Vi\u0161ina platforme:<\/strong> 15,8 m<\/li>\n<li><strong>Horizontalni doseg:<\/strong> 9,72 m<\/li>\n<li><strong>Vi\u0161ina \u010dez oviro:<\/strong> 8 m<\/li>\n<li><strong>A \u2013 Dol\u017eina v transportnem polo\u017eaju:<\/strong> 7,7 m<\/li>\n<li><strong>B \u2013 \u0160irina v transportnem polo\u017eaju:<\/strong> 2,3 m<\/li>\n<li><strong>C \u2013 Vi\u0161ina v transportnem polo\u017eaju:<\/strong> 2,23 m<\/li>\n<li><strong>D \u2013 Dol\u017eina ko\u0161are\/platforme:<\/strong> 1,83 m<\/li>\n<li><strong>E \u2013 \u0160irina ko\u0161are\/platforme:<\/strong> 0,76 m<\/li>\n<li><strong>F \u2013 Medosna razdalja:<\/strong> 2,36 m<\/li>\n<li><strong>G \u2013 Oddaljenost od tal:<\/strong> 0,36 m<\/li>\n<\/ul>\n<hr \/>\n<h3><strong>Zmogljivosti<\/strong><\/h3>\n<ul>\n<li><strong>Nosilnost platforme:<\/strong> 250 kg<\/li>\n<li><strong>Hitrost vo\u017enje:<\/strong> 5,2 km\/h<\/li>\n<li><strong>Premostljivost naklona:<\/strong> 45 % (24\u00b0)<\/li>\n<li><strong>Nihanje osi:<\/strong> 0,20 m<\/li>\n<li><strong>Notranji obra\u010dalni radij:<\/strong> 2,06 m<\/li>\n<li><strong>Zunanji obra\u010dalni radij:<\/strong> 4,78 m<\/li>\n<li><strong>Vrtenje nadgradnje:<\/strong> 360\u00b0 (neprekinjeno ni mo\u017eno)<\/li>\n<li><strong>Vrtenje platforme:<\/strong> \u00b190\u00b0<\/li>\n<li><strong>Zadnji previs (tail swing):<\/strong> 0,2 m<\/li>\n<li><strong>Najve\u010dji dovoljeni nagib pri delu:<\/strong> 5\u00b0<\/li>\n<li><strong>Najve\u010dja dovoljena hitrost vetra:<\/strong> 12,5 m\/s<\/li>\n<\/ul>\n<hr \/>\n<h3><strong>Pogon \/ Elektri\u010dni sistem<\/strong><\/h3>\n<ul>\n<li><strong>Baterija:<\/strong> 48 V \/ 315 Ah Li-ion<\/li>\n<li><strong>Polnilnik:<\/strong> 48 V \/ 60 A<\/li>\n<li><strong>Pogonski motor:<\/strong> AC 32 V<\/li>\n<li><strong>Dvi\u017eni motor:<\/strong> AC 32 V<\/li>\n<li><strong>Pomo\u017eno napajanje:<\/strong> 12 V DC \u2013 elektri\u010dna \u010drpalka<\/li>\n<li><strong>Prostornina hidravli\u010dnega rezervoarja:<\/strong> 30 L<\/li>\n<\/ul>\n<hr \/>\n<h3><strong>Pnevmatike<\/strong><\/h3>\n<ul>\n<li><strong>Tip:<\/strong> 33\u00d712 pene polnjene (foam\u2011filled)<\/li>\n<\/ul>\n<hr \/>\n<h3><strong>Te\u017ea<\/strong><\/h3>\n<ul>\n<li><strong>Skupna masa:<\/strong> 7300 kg<\/li>\n<\/ul>\n<\/div>\n","protected":false},"excerpt":{"rendered":"<p>Tehni\u010dne specifikacije Dimenzije Delovna vi\u0161ina: 17,8 m Vi\u0161ina platforme: 15,8 m Horizontalni doseg: 9,72 m Vi\u0161ina \u010dez oviro: 8 m A \u2013 Dol\u017eina v transportnem polo\u017eaju: 7,7 m B \u2013 \u0160irina v transportnem polo\u017eaju: 2,3 m C \u2013 Vi\u0161ina v transportnem polo\u017eaju: 2,23 m D \u2013 Dol\u017eina ko\u0161are\/platforme: 1,83 m E \u2013 \u0160irina ko\u0161are\/platforme: 0,76&hellip;<\/p>\n <a href=\"https:\/\/www.agroremont.si\/hr\/domov\/za16jert-li\/\" class=\"post-details details-type-link\" title=\"Ve\u010d o tem\">ve\u010d o tem<i class=\"dt-icon-the7-arrow-03\" aria-hidden=\"true\"><\/i><\/a>","protected":false},"featured_media":41217,"comment_status":"closed","ping_status":"closed","template":"","meta":[],"product_brand":[],"product_cat":[322],"product_tag":[],"class_list":{"0":"post-41216","1":"product","2":"type-product","3":"status-publish","4":"has-post-thumbnail","6":"product_cat-dvizna-teh-vilicarji","7":"description-off","9":"first","10":"instock","11":"taxable","12":"shipping-taxable","13":"purchasable","14":"product-type-simple"},"_links":{"self":[{"href":"https:\/\/www.agroremont.si\/hr\/wp-json\/wp\/v2\/product\/41216","targetHints":{"allow":["GET"]}}],"collection":[{"href":"https:\/\/www.agroremont.si\/hr\/wp-json\/wp\/v2\/product"}],"about":[{"href":"https:\/\/www.agroremont.si\/hr\/wp-json\/wp\/v2\/types\/product"}],"replies":[{"embeddable":true,"href":"https:\/\/www.agroremont.si\/hr\/wp-json\/wp\/v2\/comments?post=41216"}],"wp:featuredmedia":[{"embeddable":true,"href":"https:\/\/www.agroremont.si\/hr\/wp-json\/wp\/v2\/media\/41217"}],"wp:attachment":[{"href":"https:\/\/www.agroremont.si\/hr\/wp-json\/wp\/v2\/media?parent=41216"}],"wp:term":[{"taxonomy":"product_brand","embeddable":true,"href":"https:\/\/www.agroremont.si\/hr\/wp-json\/wp\/v2\/product_brand?post=41216"},{"taxonomy":"product_cat","embeddable":true,"href":"https:\/\/www.agroremont.si\/hr\/wp-json\/wp\/v2\/product_cat?post=41216"},{"taxonomy":"product_tag","embeddable":true,"href":"https:\/\/www.agroremont.si\/hr\/wp-json\/wp\/v2\/product_tag?post=41216"}],"curies":[{"name":"wp","href":"https:\/\/api.w.org\/{rel}","templated":true}]}}