{"id":41233,"date":"2026-01-22T13:21:47","date_gmt":"2026-01-22T12:21:47","guid":{"rendered":"https:\/\/www.agroremont.si\/?post_type=product&#038;p=41233"},"modified":"2026-01-22T13:21:47","modified_gmt":"2026-01-22T12:21:47","slug":"zs1212ac-li","status":"publish","type":"product","link":"https:\/\/www.agroremont.si\/hr\/domov\/zs1212ac-li\/","title":{"rendered":"ZS1212AC-Li"},"content":{"rendered":"<style>\na {\n    text-decoration: none;\n    color: #464feb;\n}\ntr th, tr td {\n    border: 1px solid #e6e6e6;\n}\ntr th {\n    background-color: #f5f5f5;\n}\n<\/style>\n<div>\n<h1><strong>Tehni\u010dne specifikacije<\/strong><\/h1>\n<h3><strong>Dimenzije<\/strong><\/h3>\n<ul>\n<li><strong>Delovna vi\u0161ina (notranje\/zunanje):<\/strong> 13,80 m \/ 10 m<\/li>\n<li><strong>A \u2013 Vi\u0161ina platforme, dvignjena (notranje\/zunanje):<\/strong> 11,80 m \/ 8 m<\/li>\n<li><strong>B \u2013 Vi\u0161ina platforme, spu\u0161\u010den polo\u017eaj:<\/strong> 1,52 m<\/li>\n<li><strong>C \u2013 Dol\u017eina platforme:<\/strong> 2,30 m<\/li>\n<li><strong>D \u2013 \u0160irina platforme:<\/strong> 1,12 m<\/li>\n<li><strong>Podalj\u0161ek platforme:<\/strong> 0,91 m<\/li>\n<li><strong>E \u2013 Skupna vi\u0161ina (ograje gor):<\/strong> 2,66 m<\/li>\n<li><strong>Skupna vi\u0161ina (ograje dol):<\/strong> 2,13 m<\/li>\n<li><strong>F \u2013 Skupna dol\u017eina:<\/strong> 2,49 m<\/li>\n<li><strong>G \u2013 Skupna \u0161irina:<\/strong> 1,15 m<\/li>\n<li><strong>H \u2013 Medosna razdalja:<\/strong> 1,85 m<\/li>\n<li><strong>I \u2013 Oddaljenost od tal (spu\u0161\u010deno):<\/strong> 0,11 m<\/li>\n<li><strong>J \u2013 Oddaljenost od tal (dvignjeno):<\/strong> 0,02 m<\/li>\n<\/ul>\n<hr \/>\n<h3><strong>Zmogljivosti<\/strong><\/h3>\n<ul>\n<li><strong>Nosilnost platforme:<\/strong> 350 kg<\/li>\n<li><strong>Nosilnost podalj\u0161ka platforme:<\/strong> 113 kg<\/li>\n<li><strong>Najve\u010dje \u0161tevilo oseb (notranje\/zunanje):<\/strong>\n<ul>\n<li><strong>CE:<\/strong> 3 \/ 1<\/li>\n<li><strong>ANSI:<\/strong> 2 \/ 1<\/li>\n<\/ul>\n<\/li>\n<li><strong>Hitrost vo\u017enje (spu\u0161\u010deno):<\/strong> 4 km\/h<\/li>\n<li><strong>Hitrost vo\u017enje (dvignjeno):<\/strong> 0,8 km\/h<\/li>\n<li><strong>Notranji obra\u010dalni radij:<\/strong> 0,1 m<\/li>\n<li><strong>Zunanji obra\u010dalni radij:<\/strong> 2,2 m<\/li>\n<li><strong>Dvi\u017eni motor:<\/strong> 24 V \/ 3,3 kW<\/li>\n<li><strong>Pogonski motor:<\/strong> 2 \u00d7 0,75 kW<\/li>\n<li><strong>\u010cas dviga\/spusta:<\/strong> 62 s \/ 42 s<\/li>\n<li><strong>Premostljivost naklona:<\/strong> 25 % (14\u00b0)<\/li>\n<li><strong>Najve\u010dji dovoljeni nagib pri delu (bo\u010dni\/vertikalni):<\/strong> 1,5\u00b0 \/ 3\u00b0<\/li>\n<li><strong>Upravljanje:<\/strong> proporcionalno krmiljenje<\/li>\n<li><strong>Pogon:<\/strong> sprednja kolesa<\/li>\n<li><strong>Zavore:<\/strong> sprednja kolesa<\/li>\n<li><strong>Pnevmatike:<\/strong> \u00d8 381 mm \u00d7 127 mm<\/li>\n<\/ul>\n<hr \/>\n<h3><strong>Napajanje<\/strong><\/h3>\n<ul>\n<li><strong>Baterija:<\/strong> 160 Ah Li-ion<\/li>\n<li><strong>Polnilnik:<\/strong> 24 V \/ 30 A<\/li>\n<li><strong>Opcijski polnilnik:<\/strong> 24 V \/ 60 A<\/li>\n<\/ul>\n<hr \/>\n<h3><strong>Te\u017ea<\/strong><\/h3>\n<ul>\n<li><strong>Skupna masa:<\/strong> 3000 kg<\/li>\n<\/ul>\n<\/div>\n","protected":false},"excerpt":{"rendered":"<p>Tehni\u010dne specifikacije Dimenzije Delovna vi\u0161ina (notranje\/zunanje): 13,80 m \/ 10 m A \u2013 Vi\u0161ina platforme, dvignjena (notranje\/zunanje): 11,80 m \/ 8 m B \u2013 Vi\u0161ina platforme, spu\u0161\u010den polo\u017eaj: 1,52 m C \u2013 Dol\u017eina platforme: 2,30 m D \u2013 \u0160irina platforme: 1,12 m Podalj\u0161ek platforme: 0,91 m E \u2013 Skupna vi\u0161ina (ograje gor): 2,66 m Skupna&hellip;<\/p>\n <a href=\"https:\/\/www.agroremont.si\/hr\/domov\/zs1212ac-li\/\" class=\"post-details details-type-link\" title=\"Ve\u010d o tem\">ve\u010d o tem<i class=\"dt-icon-the7-arrow-03\" aria-hidden=\"true\"><\/i><\/a>","protected":false},"featured_media":41227,"comment_status":"closed","ping_status":"closed","template":"","meta":[],"product_brand":[],"product_cat":[322],"product_tag":[],"class_list":{"0":"post-41233","1":"product","2":"type-product","3":"status-publish","4":"has-post-thumbnail","6":"product_cat-dvizna-teh-vilicarji","7":"description-off","9":"first","10":"instock","11":"taxable","12":"shipping-taxable","13":"purchasable","14":"product-type-simple"},"_links":{"self":[{"href":"https:\/\/www.agroremont.si\/hr\/wp-json\/wp\/v2\/product\/41233","targetHints":{"allow":["GET"]}}],"collection":[{"href":"https:\/\/www.agroremont.si\/hr\/wp-json\/wp\/v2\/product"}],"about":[{"href":"https:\/\/www.agroremont.si\/hr\/wp-json\/wp\/v2\/types\/product"}],"replies":[{"embeddable":true,"href":"https:\/\/www.agroremont.si\/hr\/wp-json\/wp\/v2\/comments?post=41233"}],"wp:featuredmedia":[{"embeddable":true,"href":"https:\/\/www.agroremont.si\/hr\/wp-json\/wp\/v2\/media\/41227"}],"wp:attachment":[{"href":"https:\/\/www.agroremont.si\/hr\/wp-json\/wp\/v2\/media?parent=41233"}],"wp:term":[{"taxonomy":"product_brand","embeddable":true,"href":"https:\/\/www.agroremont.si\/hr\/wp-json\/wp\/v2\/product_brand?post=41233"},{"taxonomy":"product_cat","embeddable":true,"href":"https:\/\/www.agroremont.si\/hr\/wp-json\/wp\/v2\/product_cat?post=41233"},{"taxonomy":"product_tag","embeddable":true,"href":"https:\/\/www.agroremont.si\/hr\/wp-json\/wp\/v2\/product_tag?post=41233"}],"curies":[{"name":"wp","href":"https:\/\/api.w.org\/{rel}","templated":true}]}}