{"id":41239,"date":"2026-01-27T08:18:34","date_gmt":"2026-01-27T07:18:34","guid":{"rendered":"https:\/\/www.agroremont.si\/?post_type=product&#038;p=41239"},"modified":"2026-01-28T20:14:52","modified_gmt":"2026-01-28T19:14:52","slug":"ze36gu","status":"publish","type":"product","link":"https:\/\/www.agroremont.si\/hr\/domov\/ze36gu\/","title":{"rendered":"ZE36GU"},"content":{"rendered":"<p>Motor: Kubota<br \/>\nProstornina: 1642 cc<br \/>\n\u0160tevilo cilindrov: 3<br \/>\nMo\u010d: 18,2 kW \/ 24,4 KM<br \/>\nNavor: 98 Nm<\/p>\n<p>Menjlanik<br \/>\nHitrost v polovi\u010dki: 2.3 km\/h<br \/>\nHitrost brez polovi\u010dke: 4,2 km\/h<br \/>\nX podvozje<\/p>\n<p>Hidravlika<br \/>\nBatna in zobni\u0161ke \u010drpalke<br \/>\nPretok hidravli\u010dne \u010drpalke Load Sensing: 105 l\/min<br \/>\n1 par hidravli\u010dnih izhodov<br \/>\nPlanirna deska (1750mm)<br \/>\nMax. globina izkopa: 3007 mm<br \/>\nMax. vi\u0161ina roke: 4836 mm<br \/>\nMax iztegnjena roke: 5523 mm<br \/>\nSila izkopa z podalj\u0161ano roko: 19500 Nm<\/p>\n<p>Priklju\u010dki<br \/>\nMehanska hitra menjava<br \/>\n30 cm zajemalka<br \/>\n60 cm zajemlka<br \/>\n120 cm planirna hidravli\u010dna<\/p>\n<p>Kabina<br \/>\nVzmeten sede\u017e<br \/>\nAnalogna ventilacija gretje \/ KLIMA kabine<br \/>\nVarnosten pas<br \/>\nSen\u010dnik<br \/>\nHupa<br \/>\nElektro krmilni palici (joystick)<br \/>\nRadio<br \/>\nKontrolna plo\u0161\u010da<br \/>\nAvtomatski gas<br \/>\nAUX 5<br \/>\nAUX 1<br \/>\nPodalj\u0161ana roka<\/p>\n<p>Delovne LED lu\u010di<br \/>\n2x spredaj na kabini<br \/>\n1x zadaj na kabini<br \/>\n1x na roki<\/p>\n<p>Dimenzije<br \/>\n\u0160irina: 1700 mm<br \/>\nVi\u0161ina: 2530 mm<br \/>\nDol\u017eina: 4915 mm<br \/>\n\u0160irina gumi gosenic: 300 mm<br \/>\nRezervoar goriva: 50 L<br \/>\nTe\u017ea: 3790 kg brez priklju\u010dkov<\/p>\n","protected":false},"excerpt":{"rendered":"<p>Motor: Kubota Prostornina: 1642 cc \u0160tevilo cilindrov: 3 Mo\u010d: 18,2 kW \/ 24,4 KM Navor: 98 Nm Menjlanik Hitrost v polovi\u010dki: 2.3 km\/h Hitrost brez polovi\u010dke: 4,2 km\/h X podvozje Hidravlika Batna in zobni\u0161ke \u010drpalke Pretok hidravli\u010dne \u010drpalke Load Sensing: 105 l\/min 1 par hidravli\u010dnih izhodov Planirna deska (1750mm) Max. globina izkopa: 3007 mm Max.&hellip;<\/p>\n <a href=\"https:\/\/www.agroremont.si\/hr\/domov\/ze36gu\/\" class=\"post-details details-type-link\" title=\"Ve\u010d o tem\">ve\u010d o tem<i class=\"dt-icon-the7-arrow-03\" aria-hidden=\"true\"><\/i><\/a>","protected":false},"featured_media":41241,"comment_status":"closed","ping_status":"closed","template":"","meta":[],"product_brand":[],"product_cat":[290],"product_tag":[],"class_list":{"0":"post-41239","1":"product","2":"type-product","3":"status-publish","4":"has-post-thumbnail","6":"product_cat-gradbeni-stroji","7":"description-off","9":"first","10":"instock","11":"taxable","12":"shipping-taxable","13":"purchasable","14":"product-type-simple"},"_links":{"self":[{"href":"https:\/\/www.agroremont.si\/hr\/wp-json\/wp\/v2\/product\/41239","targetHints":{"allow":["GET"]}}],"collection":[{"href":"https:\/\/www.agroremont.si\/hr\/wp-json\/wp\/v2\/product"}],"about":[{"href":"https:\/\/www.agroremont.si\/hr\/wp-json\/wp\/v2\/types\/product"}],"replies":[{"embeddable":true,"href":"https:\/\/www.agroremont.si\/hr\/wp-json\/wp\/v2\/comments?post=41239"}],"wp:featuredmedia":[{"embeddable":true,"href":"https:\/\/www.agroremont.si\/hr\/wp-json\/wp\/v2\/media\/41241"}],"wp:attachment":[{"href":"https:\/\/www.agroremont.si\/hr\/wp-json\/wp\/v2\/media?parent=41239"}],"wp:term":[{"taxonomy":"product_brand","embeddable":true,"href":"https:\/\/www.agroremont.si\/hr\/wp-json\/wp\/v2\/product_brand?post=41239"},{"taxonomy":"product_cat","embeddable":true,"href":"https:\/\/www.agroremont.si\/hr\/wp-json\/wp\/v2\/product_cat?post=41239"},{"taxonomy":"product_tag","embeddable":true,"href":"https:\/\/www.agroremont.si\/hr\/wp-json\/wp\/v2\/product_tag?post=41239"}],"curies":[{"name":"wp","href":"https:\/\/api.w.org\/{rel}","templated":true}]}}